{"id":3495,"date":"2020-02-12T08:51:30","date_gmt":"2020-02-12T07:51:30","guid":{"rendered":"https:\/\/fogagro.dk\/titelseite\/"},"modified":"2026-04-07T08:49:12","modified_gmt":"2026-04-07T06:49:12","slug":"effiziente-guellehandhabung-im-schweinestall-fog-agroteknik","status":"publish","type":"page","link":"https:\/\/fogagro.dk\/de\/","title":{"rendered":"Titelseite"},"content":{"rendered":"<section class=\"wpb-content-wrapper\"><p>[vc_row full_width=&#8220;stretch_row&#8220;][vc_column]<div class=\"ult-spacer spacer-6a0954fcca930\" data-id=\"6a0954fcca930\" data-height=\"90\" data-height-mobile=\"60\" data-height-tab=\"90\" data-height-tab-portrait=\"60\" data-height-mobile-landscape=\"60\" style=\"clear:both;display:block;\"><\/div>[vc_row_inner][vc_column_inner width=&#8220;1\/2&#8243; offset=&#8220;vc_col-lg-6 vc_col-md-6 vc_col-xs-12&#8243;][vc_column_text el_class=&#8220;custom&#8220;]<\/p>\n<p style=\"text-align: center;\">WILLKOMMEN BEI FOG AGROTEKNIK<\/p>\n<p>[\/vc_column_text][vc_empty_space height=&#8220;10px&#8220;][vc_column_text]<\/p>\n<h1 style=\"text-align: center;\">Wir bieten Komplettl\u00f6sungen f\u00fcr die G\u00fcllehandhabung in Schweinest\u00e4llen<\/h1>\n<h3 style=\"text-align: center;\">Wenn Sie einen neuen Schweinestall bauen oder einen bestehenden renovieren m\u00f6chten, k\u00f6nnen unsere Experten die passende L\u00f6sung f\u00fcr Sie dimensionieren und projektieren.<\/h3>\n<p style=\"text-align: center;\">Bei <strong data-start=\"423\" data-end=\"441\">Fog Agroteknik<\/strong> legen wir gro\u00dfen Wert auf guten Service. Unabh\u00e4ngig davon, ob Sie Landwirt, Lohnunternehmer oder Bauberater sind \u2013 unsere Experten stehen Ihnen mit kompetenter Beratung und Unterst\u00fctzung zur Seite, wenn Sie mit dem Bau oder der Renovierung eines Schweinestalls beginnen.<\/p>\n<p style=\"text-align: center;\">F\u00fcr die G\u00fcllehandhabung bieten wir das urspr\u00fcngliche <a href=\"\/de\/die-vacudan-systemen\/\">Drag-and-Drop-System<\/a> an,das wir bereits 1979 selbst entwickelt haben. Dieses System ist heute in mehreren tausend Schweinest\u00e4llen in D\u00e4nemark und weltweit installiert. Daher haben wir ein umfassendes H\u00e4ndlernetzwerk aufgebaut und exportieren in \u00fcber 35 L\u00e4nder.<\/p>\n<p style=\"text-align: center;\"><a href=\"\/de\/kontaktiere-uns\/\">Kontaktieren Sie uns<\/a>, um Ihre M\u00f6glichkeiten zu besprechen und ein unverbindliches Angebot zu erhalten, \u2013 oder sehen Sie sich unsere weiteren Produkte online an und bestellen Sie direkt.<\/p>\n<p>&nbsp;<\/p>\n<p>[\/vc_column_text][\/vc_column_inner][vc_column_inner width=&#8220;1\/2&#8243; offset=&#8220;vc_col-lg-6 vc_col-md-6 vc_col-xs-12&#8243;][vc_single_image image=&#8220;3460&#8243; img_size=&#8220;600&#215;500&#8243; alignment=&#8220;center&#8220;][vc_empty_space height=&#8220;30px&#8220;][\/vc_column_inner][\/vc_row_inner]<div class=\"ult-spacer spacer-6a0954fcca98b\" data-id=\"6a0954fcca98b\" data-height=\"90\" data-height-mobile=\"60\" data-height-tab=\"90\" data-height-tab-portrait=\"60\" data-height-mobile-landscape=\"60\" style=\"clear:both;display:block;\"><\/div>[\/vc_column][\/vc_row][vc_row full_width=&#8220;stretch_row&#8220; css=&#8220;.vc_custom_1663238214440{background-color: #f7f7f7 !important;}&#8220;][vc_column]<div class=\"ult-spacer spacer-6a0954fcca9b6\" data-id=\"6a0954fcca9b6\" data-height=\"90\" data-height-mobile=\"60\" data-height-tab=\"90\" data-height-tab-portrait=\"60\" data-height-mobile-landscape=\"60\" style=\"clear:both;display:block;\"><\/div>[vc_row_inner][vc_column_inner width=&#8220;1\/3&#8243;]<div class=\"ult-new-ib ult-ib-effect-style2  ult-ib-resp ult-ib2-min-height \" data-min-width=\"768\" data-max-width=\"900\" style=\"background:#000000; opacity:0; \" data-opacity=\"0.7\" data-hover-opacity=\"0.4\"  data-min-height=\"300\" ><img decoding=\"async\" class=\"ult-new-ib-img\" style=\"opacity:0.7;\" alt=\"null\" src=\"https:\/\/fogagro.dk\/wp-content\/uploads\/2022\/09\/istock-1150468870-scaled.jpg\"  data-min-height=\"300\"   \/><div id=\"interactive-banner-wrap-1485\" class=\"ult-new-ib-desc\" style=\"\"><h3 class=\"ult-new-ib-title ult-responsive\"  data-ultimate-target='#interactive-banner-wrap-1485 .ult-new-ib-title'  data-responsive-json-new='{\"font-size\":\"desktop:26px;tablet:26px;tablet_portrait:22px;mobile_landscape:26px;mobile:22px;\",\"line-height\":\"\"}'  style=\"font-weight:normal;color:#ffffff;\">\u00dcber uns<\/h3><div class=\"ult-new-ib-content ult-responsive\"  data-ultimate-target='#interactive-banner-wrap-1485 .ult-new-ib-content'  data-responsive-json-new='{\"font-size\":\"desktop:16px;\",\"line-height\":\"\"}'  style=\"font-weight:200;color:#ffffff;\"><p>lesen Sie hier mehr<\/p><\/div><\/div><a class=\"ult-new-ib-link\" href=\"\/de\/ueber-uns\/\" title=\"Mehr lesen\"  ><\/a><\/div><div class=\"ult-spacer spacer-6a0954fccad57\" data-id=\"6a0954fccad57\" data-height=\"0\" data-height-mobile=\"30\" data-height-tab=\"0\" data-height-tab-portrait=\"0\" data-height-mobile-landscape=\"30\" style=\"clear:both;display:block;\"><\/div>[\/vc_column_inner][vc_column_inner width=&#8220;1\/3&#8243;]<div class=\"ult-new-ib ult-ib-effect-style2  ult-ib-resp ult-ib2-min-height \" data-min-width=\"768\" data-max-width=\"900\" style=\"background:#000000; opacity:0; \" data-opacity=\"0.7\" data-hover-opacity=\"0.4\"  data-min-height=\"300\" ><img decoding=\"async\" class=\"ult-new-ib-img\" style=\"opacity:0.7;\" alt=\"null\" src=\"https:\/\/fogagro.dk\/wp-content\/uploads\/2022\/09\/istock-1181859042-scaled.jpg\"  data-min-height=\"300\"   \/><div id=\"interactive-banner-wrap-6476\" class=\"ult-new-ib-desc\" style=\"\"><h3 class=\"ult-new-ib-title ult-responsive\"  data-ultimate-target='#interactive-banner-wrap-6476 .ult-new-ib-title'  data-responsive-json-new='{\"font-size\":\"desktop:26px;tablet:26px;tablet_portrait:22px;mobile_landscape:26px;mobile:22px;\",\"line-height\":\"\"}'  style=\"font-weight:normal;color:#ffffff;\">Produktion<\/h3><div class=\"ult-new-ib-content ult-responsive\"  data-ultimate-target='#interactive-banner-wrap-6476 .ult-new-ib-content'  data-responsive-json-new='{\"font-size\":\"desktop:16px;\",\"line-height\":\"\"}'  style=\"font-weight:200;color:#ffffff;\"><p>lesen Sie hier mehr<\/p><\/div><\/div><a class=\"ult-new-ib-link\" href=\"\/de\/spezial-productionen\/\" title=\"Mehr lesen\"  ><\/a><\/div><div class=\"ult-spacer spacer-6a0954fccb052\" data-id=\"6a0954fccb052\" data-height=\"0\" data-height-mobile=\"30\" data-height-tab=\"0\" data-height-tab-portrait=\"0\" data-height-mobile-landscape=\"30\" style=\"clear:both;display:block;\"><\/div>[\/vc_column_inner][vc_column_inner width=&#8220;1\/3&#8243;]<div class=\"ult-new-ib ult-ib-effect-style2  ult-ib-resp ult-ib2-min-height \" data-min-width=\"768\" data-max-width=\"900\" style=\"background:#000000; opacity:0; \" data-opacity=\"0.7\" data-hover-opacity=\"0.4\"  data-min-height=\"300\" ><img decoding=\"async\" class=\"ult-new-ib-img\" style=\"opacity:0.7;\" alt=\"null\" src=\"https:\/\/fogagro.dk\/wp-content\/uploads\/2022\/09\/istock-153560796-scaled.jpg\"  data-min-height=\"300\"   \/><div id=\"interactive-banner-wrap-5924\" class=\"ult-new-ib-desc\" style=\"\"><h3 class=\"ult-new-ib-title ult-responsive\"  data-ultimate-target='#interactive-banner-wrap-5924 .ult-new-ib-title'  data-responsive-json-new='{\"font-size\":\"desktop:26px;tablet:26px;tablet_portrait:22px;mobile_landscape:26px;mobile:22px;\",\"line-height\":\"\"}'  style=\"font-weight:normal;color:#ffffff;\">Kontaktiere uns<\/h3><div class=\"ult-new-ib-content ult-responsive\"  data-ultimate-target='#interactive-banner-wrap-5924 .ult-new-ib-content'  data-responsive-json-new='{\"font-size\":\"desktop:16px;\",\"line-height\":\"\"}'  style=\"font-weight:200;color:#ffffff;\"><p>lesen Sie hier mehr<\/p><\/div><\/div><a class=\"ult-new-ib-link\" href=\"\/de\/kontaktiere-uns\/\" title=\"Mehr lesen\"  ><\/a><\/div>[\/vc_column_inner][\/vc_row_inner]<div class=\"ult-spacer spacer-6a0954fccb314\" data-id=\"6a0954fccb314\" data-height=\"90\" data-height-mobile=\"60\" data-height-tab=\"90\" data-height-tab-portrait=\"60\" data-height-mobile-landscape=\"60\" style=\"clear:both;display:block;\"><\/div>[\/vc_column][\/vc_row][vc_row full_width=&#8220;stretch_row&#8220; css=&#8220;.vc_custom_1663241210842{background-image: url(https:\/\/fogagro.dk\/wp-content\/uploads\/2022\/09\/istock-531785800-scaled.jpg?id=3368) !important;background-position: center !important;background-repeat: no-repeat !important;background-size: cover !important;}&#8220; el_class=&#8220;overlay&#8220;][vc_column]<div class=\"ult-spacer spacer-6a0954fccb33d\" data-id=\"6a0954fccb33d\" data-height=\"90\" data-height-mobile=\"60\" data-height-tab=\"90\" data-height-tab-portrait=\"60\" data-height-mobile-landscape=\"60\" style=\"clear:both;display:block;\"><\/div>[vc_row_inner][vc_column_inner width=&#8220;1\/4&#8243;][\/vc_column_inner][vc_column_inner width=&#8220;1\/2&#8243; css=&#8220;.vc_custom_1580212899553{padding-top: 40px !important;padding-right: 40px !important;padding-bottom: 40px !important;padding-left: 40px !important;background-color: rgba(255,255,255,0.85) !important;*background-color: rgb(255,255,255) !important;}&#8220;][vc_column_text]<\/p>\n<h2 style=\"text-align: center;\" data-start=\"130\" data-end=\"202\"><strong data-start=\"130\" data-end=\"202\">Wir sind sowohl auf der Agromek als auch auf der EuroTier vertreten.<\/strong><\/h2>\n<p data-start=\"204\" data-end=\"420\">Fog Agroteknik hat seinen Hauptsitz in H\u00f8rning. Zus\u00e4tzlich verf\u00fcgen wir \u00fcber ein Lager und ein B\u00fcro in Lintrup in S\u00fcdj\u00fctland \u2013 ganz in der N\u00e4he des Bauernhofs, auf dem einst das Drag-and-Drop-System entwickelt wurde.<\/p>\n<p>[\/vc_column_text][vc_empty_space height=&#8220;30px&#8220;][vc_media_grid element_width=&#8220;6&#8243; gap=&#8220;0&#8243; item=&#8220;1199&#8243; grid_id=&#8220;vc_gid:1775544515491-accd830f-2424-2&#8243; include=&#8220;3361,3362&#8243;][vc_empty_space height=&#8220;30px&#8220;][vc_btn title=&#8220;M\u00f6chten Sie mehr lesen?&#8220; style=&#8220;custom&#8220; custom_background=&#8220;#00683e&#8220; custom_text=&#8220;#ffffff&#8220; shape=&#8220;square&#8220; size=&#8220;sm&#8220; align=&#8220;center&#8220; link=&#8220;url:%2Fde%2Fueber-uns%2F|title:%C3%9Cber%20uns&#8220;][\/vc_column_inner][vc_column_inner width=&#8220;1\/4&#8243;][\/vc_column_inner][\/vc_row_inner]<div class=\"ult-spacer spacer-6a0954fccb360\" data-id=\"6a0954fccb360\" data-height=\"90\" data-height-mobile=\"60\" data-height-tab=\"90\" data-height-tab-portrait=\"60\" data-height-mobile-landscape=\"60\" style=\"clear:both;display:block;\"><\/div>[\/vc_column][\/vc_row][vc_row full_width=&#8220;stretch_row_content_no_spaces&#8220;][vc_column css=&#8220;.vc_custom_1663241045535{margin-top: -60px !important;}&#8220;][vc_gmaps link=&#8220;#E-8_JTNDaWZyYW1lJTIwc3JjJTNEJTIyaHR0cHMlM0ElMkYlMkZ3d3cuZ29vZ2xlLmNvbSUyRm1hcHMlMkZkJTJGZW1iZWQlM0ZtaWQlM0QxVEJ5dU14OTRPQjZSejR5UDlsTWVqbTg2cVM0JTI2ZWhiYyUzRDJFMzEyRiUyMiUyMHdpZHRoJTNEJTIyNjQwJTIyJTIwaGVpZ2h0JTNEJTIyNDgwJTIyJTNFJTNDJTJGaWZyYW1lJTNF&#8220; size=&#8220;400px&#8220;][\/vc_column][\/vc_row]<\/p>\n<\/section>","protected":false},"excerpt":{"rendered":"<p>[vc_row full_width=&#8220;stretch_row&#8220;][vc_column][vc_row_inner][vc_column_inner width=&#8220;1\/2&#8243; offset=&#8220;vc_col-lg-6 vc_col-md-6 vc_col-xs-12&#8243;][vc_column_text el_class=&#8220;custom&#8220;] WILLKOMMEN BEI FOG AGROTEKNIK [\/vc_column_text][vc_empty_space height=&#8220;10px&#8220;][vc_column_text] Wir bieten Komplettl\u00f6sungen f\u00fcr die G\u00fcllehandhabung in Schweinest\u00e4llen Wenn Sie einen neuen Schweinestall bauen oder einen bestehenden renovieren m\u00f6chten, k\u00f6nnen unsere Experten die passende L\u00f6sung f\u00fcr Sie dimensionieren und projektieren. Bei Fog Agroteknik legen wir gro\u00dfen Wert auf guten Service. Unabh\u00e4ngig davon, &#8230; <a title=\"Titelseite\" class=\"read-more\" href=\"https:\/\/fogagro.dk\/de\/\" aria-label=\"Mehr zu Titelseite\">Weiterlesen &#8230;<\/a><\/p>\n","protected":false},"author":1,"featured_media":0,"parent":0,"menu_order":0,"comment_status":"closed","ping_status":"closed","template":"","meta":{"footnotes":""},"categories":[],"class_list":["post-3495","page","type-page","status-publish"],"acf":[],"yoast_head":"<!-- This site is optimized with the Yoast SEO plugin v27.3 - https:\/\/yoast.com\/product\/yoast-seo-wordpress\/ -->\n<title>Wir bieten Komplettl\u00f6sungen f\u00fcr das G\u00fcllemanagement in Schweinefarmen. &#183; Fog Agroteknik A\/S<\/title>\n<meta name=\"description\" content=\"Fog Agroteknik bietet Komplettl\u00f6sungen f\u00fcr die G\u00fcllehandhabung in Schweinest\u00e4llen \u2013 vom Drag-and-Drop-System bis zur individuellen Planung. Jetzt beraten lassen!\" \/>\n<meta name=\"robots\" content=\"index, follow, max-snippet:-1, max-image-preview:large, max-video-preview:-1\" \/>\n<link rel=\"canonical\" href=\"https:\/\/fogagro.dk\/de\/\" \/>\n<meta property=\"og:locale\" content=\"de_DE\" \/>\n<meta property=\"og:type\" content=\"article\" \/>\n<meta property=\"og:title\" content=\"Wir bieten Komplettl\u00f6sungen f\u00fcr das G\u00fcllemanagement in Schweinefarmen. &#183; Fog Agroteknik A\/S\" \/>\n<meta property=\"og:description\" content=\"Fog Agroteknik bietet Komplettl\u00f6sungen f\u00fcr die G\u00fcllehandhabung in Schweinest\u00e4llen \u2013 vom Drag-and-Drop-System bis zur individuellen Planung. Jetzt beraten lassen!\" \/>\n<meta property=\"og:url\" content=\"https:\/\/fogagro.dk\/de\/\" \/>\n<meta property=\"og:site_name\" content=\"Fog Agroteknik A\/S\" \/>\n<meta property=\"article:modified_time\" content=\"2026-04-07T06:49:12+00:00\" \/>\n<meta name=\"twitter:card\" content=\"summary_large_image\" \/>\n<meta name=\"twitter:label1\" content=\"Gesch\u00e4tzte Lesezeit\" \/>\n\t<meta name=\"twitter:data1\" content=\"3\u00a0Minuten\" \/>\n<script type=\"application\/ld+json\" class=\"yoast-schema-graph\">{\"@context\":\"https:\\\/\\\/schema.org\",\"@graph\":[{\"@type\":\"WebPage\",\"@id\":\"https:\\\/\\\/fogagro.dk\\\/de\\\/\",\"url\":\"https:\\\/\\\/fogagro.dk\\\/de\\\/\",\"name\":\"Wir bieten Komplettl\u00f6sungen f\u00fcr das G\u00fcllemanagement in Schweinefarmen. &#183; Fog Agroteknik A\\\/S\",\"isPartOf\":{\"@id\":\"https:\\\/\\\/fogagro.dk\\\/de\\\/#website\"},\"datePublished\":\"2020-02-12T07:51:30+00:00\",\"dateModified\":\"2026-04-07T06:49:12+00:00\",\"description\":\"Fog Agroteknik bietet Komplettl\u00f6sungen f\u00fcr die G\u00fcllehandhabung in Schweinest\u00e4llen \u2013 vom Drag-and-Drop-System bis zur individuellen Planung. Jetzt beraten lassen!\",\"breadcrumb\":{\"@id\":\"https:\\\/\\\/fogagro.dk\\\/de\\\/#breadcrumb\"},\"inLanguage\":\"de\",\"potentialAction\":[{\"@type\":\"ReadAction\",\"target\":[\"https:\\\/\\\/fogagro.dk\\\/de\\\/\"]}]},{\"@type\":\"BreadcrumbList\",\"@id\":\"https:\\\/\\\/fogagro.dk\\\/de\\\/#breadcrumb\",\"itemListElement\":[{\"@type\":\"ListItem\",\"position\":1,\"name\":\"Hjem\",\"item\":\"https:\\\/\\\/fogagro.dk\\\/de\\\/\"},{\"@type\":\"ListItem\",\"position\":2,\"name\":\"Titelseite\"}]},{\"@type\":\"WebSite\",\"@id\":\"https:\\\/\\\/fogagro.dk\\\/de\\\/#website\",\"url\":\"https:\\\/\\\/fogagro.dk\\\/de\\\/\",\"name\":\"Fog Agroteknik A\\\/S\",\"description\":\"Wir bieten Komplettl\u00f6sungen f\u00fcr das G\u00fcllemanagement in Schweinefarmen.\",\"publisher\":{\"@id\":\"https:\\\/\\\/fogagro.dk\\\/de\\\/#organization\"},\"potentialAction\":[{\"@type\":\"SearchAction\",\"target\":{\"@type\":\"EntryPoint\",\"urlTemplate\":\"https:\\\/\\\/fogagro.dk\\\/de\\\/?s={search_term_string}\"},\"query-input\":{\"@type\":\"PropertyValueSpecification\",\"valueRequired\":true,\"valueName\":\"search_term_string\"}}],\"inLanguage\":\"de\"},{\"@type\":\"Organization\",\"@id\":\"https:\\\/\\\/fogagro.dk\\\/de\\\/#organization\",\"name\":\"Fog Agroteknik A\\\/S\",\"url\":\"https:\\\/\\\/fogagro.dk\\\/de\\\/\",\"logo\":{\"@type\":\"ImageObject\",\"inLanguage\":\"de\",\"@id\":\"https:\\\/\\\/fogagro.dk\\\/de\\\/#\\\/schema\\\/logo\\\/image\\\/\",\"url\":\"https:\\\/\\\/fogagro.dk\\\/wp-content\\\/uploads\\\/2022\\\/09\\\/logo-1.png\",\"contentUrl\":\"https:\\\/\\\/fogagro.dk\\\/wp-content\\\/uploads\\\/2022\\\/09\\\/logo-1.png\",\"width\":352,\"height\":49,\"caption\":\"Fog Agroteknik A\\\/S\"},\"image\":{\"@id\":\"https:\\\/\\\/fogagro.dk\\\/de\\\/#\\\/schema\\\/logo\\\/image\\\/\"}}]}<\/script>\n<!-- \/ Yoast SEO plugin. -->","yoast_head_json":{"title":"Wir bieten Komplettl\u00f6sungen f\u00fcr das G\u00fcllemanagement in Schweinefarmen. &#183; Fog Agroteknik A\/S","description":"Fog Agroteknik bietet Komplettl\u00f6sungen f\u00fcr die G\u00fcllehandhabung in Schweinest\u00e4llen \u2013 vom Drag-and-Drop-System bis zur individuellen Planung. Jetzt beraten lassen!","robots":{"index":"index","follow":"follow","max-snippet":"max-snippet:-1","max-image-preview":"max-image-preview:large","max-video-preview":"max-video-preview:-1"},"canonical":"https:\/\/fogagro.dk\/de\/","og_locale":"de_DE","og_type":"article","og_title":"Wir bieten Komplettl\u00f6sungen f\u00fcr das G\u00fcllemanagement in Schweinefarmen. &#183; Fog Agroteknik A\/S","og_description":"Fog Agroteknik bietet Komplettl\u00f6sungen f\u00fcr die G\u00fcllehandhabung in Schweinest\u00e4llen \u2013 vom Drag-and-Drop-System bis zur individuellen Planung. Jetzt beraten lassen!","og_url":"https:\/\/fogagro.dk\/de\/","og_site_name":"Fog Agroteknik A\/S","article_modified_time":"2026-04-07T06:49:12+00:00","twitter_card":"summary_large_image","twitter_misc":{"Gesch\u00e4tzte Lesezeit":"3\u00a0Minuten"},"schema":{"@context":"https:\/\/schema.org","@graph":[{"@type":"WebPage","@id":"https:\/\/fogagro.dk\/de\/","url":"https:\/\/fogagro.dk\/de\/","name":"Wir bieten Komplettl\u00f6sungen f\u00fcr das G\u00fcllemanagement in Schweinefarmen. &#183; Fog Agroteknik A\/S","isPartOf":{"@id":"https:\/\/fogagro.dk\/de\/#website"},"datePublished":"2020-02-12T07:51:30+00:00","dateModified":"2026-04-07T06:49:12+00:00","description":"Fog Agroteknik bietet Komplettl\u00f6sungen f\u00fcr die G\u00fcllehandhabung in Schweinest\u00e4llen \u2013 vom Drag-and-Drop-System bis zur individuellen Planung. Jetzt beraten lassen!","breadcrumb":{"@id":"https:\/\/fogagro.dk\/de\/#breadcrumb"},"inLanguage":"de","potentialAction":[{"@type":"ReadAction","target":["https:\/\/fogagro.dk\/de\/"]}]},{"@type":"BreadcrumbList","@id":"https:\/\/fogagro.dk\/de\/#breadcrumb","itemListElement":[{"@type":"ListItem","position":1,"name":"Hjem","item":"https:\/\/fogagro.dk\/de\/"},{"@type":"ListItem","position":2,"name":"Titelseite"}]},{"@type":"WebSite","@id":"https:\/\/fogagro.dk\/de\/#website","url":"https:\/\/fogagro.dk\/de\/","name":"Fog Agroteknik A\/S","description":"Wir bieten Komplettl\u00f6sungen f\u00fcr das G\u00fcllemanagement in Schweinefarmen.","publisher":{"@id":"https:\/\/fogagro.dk\/de\/#organization"},"potentialAction":[{"@type":"SearchAction","target":{"@type":"EntryPoint","urlTemplate":"https:\/\/fogagro.dk\/de\/?s={search_term_string}"},"query-input":{"@type":"PropertyValueSpecification","valueRequired":true,"valueName":"search_term_string"}}],"inLanguage":"de"},{"@type":"Organization","@id":"https:\/\/fogagro.dk\/de\/#organization","name":"Fog Agroteknik A\/S","url":"https:\/\/fogagro.dk\/de\/","logo":{"@type":"ImageObject","inLanguage":"de","@id":"https:\/\/fogagro.dk\/de\/#\/schema\/logo\/image\/","url":"https:\/\/fogagro.dk\/wp-content\/uploads\/2022\/09\/logo-1.png","contentUrl":"https:\/\/fogagro.dk\/wp-content\/uploads\/2022\/09\/logo-1.png","width":352,"height":49,"caption":"Fog Agroteknik A\/S"},"image":{"@id":"https:\/\/fogagro.dk\/de\/#\/schema\/logo\/image\/"}}]}},"_links":{"self":[{"href":"https:\/\/fogagro.dk\/de\/wp-json\/wp\/v2\/pages\/3495","targetHints":{"allow":["GET"]}}],"collection":[{"href":"https:\/\/fogagro.dk\/de\/wp-json\/wp\/v2\/pages"}],"about":[{"href":"https:\/\/fogagro.dk\/de\/wp-json\/wp\/v2\/types\/page"}],"author":[{"embeddable":true,"href":"https:\/\/fogagro.dk\/de\/wp-json\/wp\/v2\/users\/1"}],"replies":[{"embeddable":true,"href":"https:\/\/fogagro.dk\/de\/wp-json\/wp\/v2\/comments?post=3495"}],"version-history":[{"count":16,"href":"https:\/\/fogagro.dk\/de\/wp-json\/wp\/v2\/pages\/3495\/revisions"}],"predecessor-version":[{"id":4981,"href":"https:\/\/fogagro.dk\/de\/wp-json\/wp\/v2\/pages\/3495\/revisions\/4981"}],"wp:attachment":[{"href":"https:\/\/fogagro.dk\/de\/wp-json\/wp\/v2\/media?parent=3495"}],"wp:term":[{"taxonomy":"category","embeddable":true,"href":"https:\/\/fogagro.dk\/de\/wp-json\/wp\/v2\/categories?post=3495"}],"curies":[{"name":"wp","href":"https:\/\/api.w.org\/{rel}","templated":true}]}}