{"id":3507,"date":"2020-02-12T13:11:38","date_gmt":"2020-02-12T12:11:38","guid":{"rendered":"https:\/\/fogagro.dk\/kontaktiere-uns\/"},"modified":"2025-09-22T11:33:34","modified_gmt":"2025-09-22T09:33:34","slug":"kontaktiere-uns-fog-agroteknik-kundenservice-beratung","status":"publish","type":"page","link":"https:\/\/fogagro.dk\/de\/kontaktiere-uns-fog-agroteknik-kundenservice-beratung\/","title":{"rendered":"Kontaktiere uns"},"content":{"rendered":"<section class=\"wpb-content-wrapper\"><p>[vc_row full_width=&#8220;stretch_row&#8220;][vc_column]<div class=\"ult-spacer spacer-69e73350557a4\" data-id=\"69e73350557a4\" data-height=\"30\" data-height-mobile=\"30\" data-height-tab=\"30\" data-height-tab-portrait=\"30\" data-height-mobile-landscape=\"30\" style=\"clear:both;display:block;\"><\/div>[vc_column_text]<\/p>\n<h1 data-start=\"232\" data-end=\"283\">Kontaktiere uns \u2013 wir helfen Ihnen gerne weiter<\/h1>\n<h2 data-start=\"285\" data-end=\"326\">Ihr direkter Draht zu Fog Agroteknik<\/h2>\n<p data-start=\"327\" data-end=\"638\">Haben Sie Fragen zu unseren Produkten oder m\u00f6chten Sie mehr dar\u00fcber erfahren, wie wir Sie unterst\u00fctzen k\u00f6nnen? Unser Team steht Ihnen mit Fachwissen und pers\u00f6nlicher Beratung zur Seite. Ganz gleich, ob es um Stallausr\u00fcstung, Rohrsysteme oder individuelle L\u00f6sungen f\u00fcr Ihren Betrieb geht \u2013 wir sind f\u00fcr Sie da.<\/p>\n<h2 data-start=\"996\" data-end=\"1035\">Warum Sie uns kontaktieren sollten<\/h2>\n<ul data-start=\"1036\" data-end=\"1256\">\n<li data-start=\"1036\" data-end=\"1100\">\n<p data-start=\"1038\" data-end=\"1100\">Fachkundige Beratung rund um Stalltechnik und Landwirtschaft<\/p>\n<\/li>\n<li data-start=\"1101\" data-end=\"1157\">\n<p data-start=\"1103\" data-end=\"1157\">Unterst\u00fctzung bei der Auswahl der passenden Produkte<\/p>\n<\/li>\n<li data-start=\"1158\" data-end=\"1210\">\n<p data-start=\"1160\" data-end=\"1210\">Individuelle L\u00f6sungen f\u00fcr Neubau und Renovierung<\/p>\n<\/li>\n<li data-start=\"1211\" data-end=\"1256\">\n<p data-start=\"1213\" data-end=\"1256\">Schneller und zuverl\u00e4ssiger Kundenservice<\/p>\n<\/li>\n<\/ul>\n<p>[\/vc_column_text]<div class=\"ult-spacer spacer-69e73350557f2\" data-id=\"69e73350557f2\" data-height=\"90\" data-height-mobile=\"60\" data-height-tab=\"90\" data-height-tab-portrait=\"60\" data-height-mobile-landscape=\"60\" style=\"clear:both;display:block;\"><\/div>[vc_row_inner][vc_column_inner offset=&#8220;vc_col-lg-6 vc_col-md-6 vc_col-xs-12&#8243;][vc_column_text css=&#8220;.vc_custom_1740997403709{padding-top: 30px !important;padding-right: 30px !important;padding-bottom: 30px !important;padding-left: 30px !important;background-color: #f7f7f7 !important;}&#8220;]<\/p>\n<h2 style=\"text-align: left;\">Kontaktiere uns heute<\/h2>\n<p style=\"text-align: left;\"><strong>Fog Agroteknik A\/S<\/strong><br \/>\nSylb\u00e6kvej 6, 8230 \u00c5rhus<\/p>\n<p style=\"text-align: left;\">Tel: <a href=\"tel:86255700\">+45 86255700<\/a><\/p>\n<p style=\"text-align: left;\">Fax: +45 86258611<\/p>\n<p style=\"text-align: left;\">CVR nr.: 26442656<\/p>\n<p>&nbsp;<\/p>\n<p style=\"text-align: left;\">\u5f17\u9ad8\u519c\u4e1a\u6280\u672f(\u82cf\u5dde)\u6709\u9650\u516c\u53f8<\/p>\n<p>Fog Agrotech (Suzhou] Co., Ltd.<\/p>\n<p>Tel: +86 512 53636760<br \/>\nemail: nli@fogagro asia<\/p>\n<p>Address: \u82cf\u5ddd\u5927\u4ed3\u5317\u4eac\u8def189\u53f72\u53f7\u5382\u623f(Zip:215400)<br \/>\nBuilding 2, No. 189 Beijing Road, Taicang, China<br \/>\nMobile: +86 13913751502[\/vc_column_text]<div class=\"ult-spacer spacer-69e7335055816\" data-id=\"69e7335055816\" data-height=\"0\" data-height-mobile=\"30\" data-height-tab=\"0\" data-height-tab-portrait=\"30\" data-height-mobile-landscape=\"30\" style=\"clear:both;display:block;\"><\/div>[\/vc_column_inner][vc_column_inner offset=&#8220;vc_col-lg-6 vc_col-md-6 vc_col-xs-12&#8243;][vc_column_text]<\/p>\n<h3>Schreib uns<\/h3>\n<p>[\/vc_column_text][vc_empty_space height=&#8220;15px&#8220;][vc_raw_html]W2Zvcm1pbmF0b3JfZm9ybSBpZD0iMzU4NyJd[\/vc_raw_html][\/vc_column_inner][\/vc_row_inner]<div class=\"ult-spacer spacer-69e7335055834\" data-id=\"69e7335055834\" data-height=\"90\" data-height-mobile=\"60\" data-height-tab=\"90\" data-height-tab-portrait=\"60\" data-height-mobile-landscape=\"60\" style=\"clear:both;display:block;\"><\/div>[\/vc_column][\/vc_row][vc_row full_width=&#8220;stretch_row_content_no_spaces&#8220;][vc_column][vc_gmaps link=&#8220;#E-8_JTNDaWZyYW1lJTIwc3JjJTNEJTIyaHR0cHMlM0ElMkYlMkZ3d3cuZ29vZ2xlLmNvbSUyRm1hcHMlMkZkJTJGZW1iZWQlM0ZtaWQlM0QxVEJ5dU14OTRPQjZSejR5UDlsTWVqbTg2cVM0JTI2ZWhiYyUzRDJFMzEyRiUyMiUyMHdpZHRoJTNEJTIyNjQwJTIyJTIwaGVpZ2h0JTNEJTIyNDgwJTIyJTNFJTNDJTJGaWZyYW1lJTNF&#8220; size=&#8220;400px&#8220;][\/vc_column][\/vc_row]<\/p>\n<\/section>","protected":false},"excerpt":{"rendered":"<p>Sie haben Fragen oder Kommentare?<\/p>\n","protected":false},"author":1,"featured_media":0,"parent":0,"menu_order":0,"comment_status":"closed","ping_status":"closed","template":"","meta":{"footnotes":""},"categories":[],"class_list":["post-3507","page","type-page","status-publish"],"acf":[],"yoast_head":"<!-- This site is optimized with the Yoast SEO plugin v27.3 - https:\/\/yoast.com\/product\/yoast-seo-wordpress\/ -->\n<title>Kontaktiere uns &#183; Fog Agroteknik A\/S<\/title>\n<meta name=\"description\" content=\"Kontaktiere uns Fog Agroteknik \u2013 f\u00fcr Beratung, Produktanfragen und Unterst\u00fctzung bei Stallausr\u00fcstung und Landwirtschaft. Wir helfen Ihnen gerne weiter.\" \/>\n<meta name=\"robots\" content=\"index, follow, max-snippet:-1, max-image-preview:large, max-video-preview:-1\" \/>\n<link rel=\"canonical\" href=\"https:\/\/fogagro.dk\/de\/kontaktiere-uns-fog-agroteknik-kundenservice-beratung\/\" \/>\n<meta property=\"og:locale\" content=\"de_DE\" \/>\n<meta property=\"og:type\" content=\"article\" \/>\n<meta property=\"og:title\" content=\"Kontaktiere uns &#183; Fog Agroteknik A\/S\" \/>\n<meta property=\"og:description\" content=\"Kontaktiere uns Fog Agroteknik \u2013 f\u00fcr Beratung, Produktanfragen und Unterst\u00fctzung bei Stallausr\u00fcstung und Landwirtschaft. Wir helfen Ihnen gerne weiter.\" \/>\n<meta property=\"og:url\" content=\"https:\/\/fogagro.dk\/de\/kontaktiere-uns-fog-agroteknik-kundenservice-beratung\/\" \/>\n<meta property=\"og:site_name\" content=\"Fog Agroteknik A\/S\" \/>\n<meta property=\"article:modified_time\" content=\"2025-09-22T09:33:34+00:00\" \/>\n<meta name=\"twitter:card\" content=\"summary_large_image\" \/>\n<meta name=\"twitter:label1\" content=\"Gesch\u00e4tzte Lesezeit\" \/>\n\t<meta name=\"twitter:data1\" content=\"1\u00a0Minute\" \/>\n<script type=\"application\/ld+json\" class=\"yoast-schema-graph\">{\"@context\":\"https:\\\/\\\/schema.org\",\"@graph\":[{\"@type\":\"WebPage\",\"@id\":\"https:\\\/\\\/fogagro.dk\\\/de\\\/kontaktiere-uns-fog-agroteknik-kundenservice-beratung\\\/\",\"url\":\"https:\\\/\\\/fogagro.dk\\\/de\\\/kontaktiere-uns-fog-agroteknik-kundenservice-beratung\\\/\",\"name\":\"Kontaktiere uns &#183; Fog Agroteknik A\\\/S\",\"isPartOf\":{\"@id\":\"https:\\\/\\\/fogagro.dk\\\/de\\\/#website\"},\"datePublished\":\"2020-02-12T12:11:38+00:00\",\"dateModified\":\"2025-09-22T09:33:34+00:00\",\"description\":\"Kontaktiere uns Fog Agroteknik \u2013 f\u00fcr Beratung, Produktanfragen und Unterst\u00fctzung bei Stallausr\u00fcstung und Landwirtschaft. Wir helfen Ihnen gerne weiter.\",\"breadcrumb\":{\"@id\":\"https:\\\/\\\/fogagro.dk\\\/de\\\/kontaktiere-uns-fog-agroteknik-kundenservice-beratung\\\/#breadcrumb\"},\"inLanguage\":\"de\",\"potentialAction\":[{\"@type\":\"ReadAction\",\"target\":[\"https:\\\/\\\/fogagro.dk\\\/de\\\/kontaktiere-uns-fog-agroteknik-kundenservice-beratung\\\/\"]}]},{\"@type\":\"BreadcrumbList\",\"@id\":\"https:\\\/\\\/fogagro.dk\\\/de\\\/kontaktiere-uns-fog-agroteknik-kundenservice-beratung\\\/#breadcrumb\",\"itemListElement\":[{\"@type\":\"ListItem\",\"position\":1,\"name\":\"Hjem\",\"item\":\"https:\\\/\\\/fogagro.dk\\\/de\\\/\"},{\"@type\":\"ListItem\",\"position\":2,\"name\":\"Kontaktiere uns\"}]},{\"@type\":\"WebSite\",\"@id\":\"https:\\\/\\\/fogagro.dk\\\/de\\\/#website\",\"url\":\"https:\\\/\\\/fogagro.dk\\\/de\\\/\",\"name\":\"Fog Agroteknik A\\\/S\",\"description\":\"Wir bieten Komplettl\u00f6sungen f\u00fcr das G\u00fcllemanagement in Schweinefarmen.\",\"publisher\":{\"@id\":\"https:\\\/\\\/fogagro.dk\\\/de\\\/#organization\"},\"potentialAction\":[{\"@type\":\"SearchAction\",\"target\":{\"@type\":\"EntryPoint\",\"urlTemplate\":\"https:\\\/\\\/fogagro.dk\\\/de\\\/?s={search_term_string}\"},\"query-input\":{\"@type\":\"PropertyValueSpecification\",\"valueRequired\":true,\"valueName\":\"search_term_string\"}}],\"inLanguage\":\"de\"},{\"@type\":\"Organization\",\"@id\":\"https:\\\/\\\/fogagro.dk\\\/de\\\/#organization\",\"name\":\"Fog Agroteknik A\\\/S\",\"url\":\"https:\\\/\\\/fogagro.dk\\\/de\\\/\",\"logo\":{\"@type\":\"ImageObject\",\"inLanguage\":\"de\",\"@id\":\"https:\\\/\\\/fogagro.dk\\\/de\\\/#\\\/schema\\\/logo\\\/image\\\/\",\"url\":\"https:\\\/\\\/fogagro.dk\\\/wp-content\\\/uploads\\\/2022\\\/09\\\/logo-1.png\",\"contentUrl\":\"https:\\\/\\\/fogagro.dk\\\/wp-content\\\/uploads\\\/2022\\\/09\\\/logo-1.png\",\"width\":352,\"height\":49,\"caption\":\"Fog Agroteknik A\\\/S\"},\"image\":{\"@id\":\"https:\\\/\\\/fogagro.dk\\\/de\\\/#\\\/schema\\\/logo\\\/image\\\/\"}}]}<\/script>\n<!-- \/ Yoast SEO plugin. -->","yoast_head_json":{"title":"Kontaktiere uns &#183; Fog Agroteknik A\/S","description":"Kontaktiere uns Fog Agroteknik \u2013 f\u00fcr Beratung, Produktanfragen und Unterst\u00fctzung bei Stallausr\u00fcstung und Landwirtschaft. Wir helfen Ihnen gerne weiter.","robots":{"index":"index","follow":"follow","max-snippet":"max-snippet:-1","max-image-preview":"max-image-preview:large","max-video-preview":"max-video-preview:-1"},"canonical":"https:\/\/fogagro.dk\/de\/kontaktiere-uns-fog-agroteknik-kundenservice-beratung\/","og_locale":"de_DE","og_type":"article","og_title":"Kontaktiere uns &#183; Fog Agroteknik A\/S","og_description":"Kontaktiere uns Fog Agroteknik \u2013 f\u00fcr Beratung, Produktanfragen und Unterst\u00fctzung bei Stallausr\u00fcstung und Landwirtschaft. Wir helfen Ihnen gerne weiter.","og_url":"https:\/\/fogagro.dk\/de\/kontaktiere-uns-fog-agroteknik-kundenservice-beratung\/","og_site_name":"Fog Agroteknik A\/S","article_modified_time":"2025-09-22T09:33:34+00:00","twitter_card":"summary_large_image","twitter_misc":{"Gesch\u00e4tzte Lesezeit":"1\u00a0Minute"},"schema":{"@context":"https:\/\/schema.org","@graph":[{"@type":"WebPage","@id":"https:\/\/fogagro.dk\/de\/kontaktiere-uns-fog-agroteknik-kundenservice-beratung\/","url":"https:\/\/fogagro.dk\/de\/kontaktiere-uns-fog-agroteknik-kundenservice-beratung\/","name":"Kontaktiere uns &#183; Fog Agroteknik A\/S","isPartOf":{"@id":"https:\/\/fogagro.dk\/de\/#website"},"datePublished":"2020-02-12T12:11:38+00:00","dateModified":"2025-09-22T09:33:34+00:00","description":"Kontaktiere uns Fog Agroteknik \u2013 f\u00fcr Beratung, Produktanfragen und Unterst\u00fctzung bei Stallausr\u00fcstung und Landwirtschaft. Wir helfen Ihnen gerne weiter.","breadcrumb":{"@id":"https:\/\/fogagro.dk\/de\/kontaktiere-uns-fog-agroteknik-kundenservice-beratung\/#breadcrumb"},"inLanguage":"de","potentialAction":[{"@type":"ReadAction","target":["https:\/\/fogagro.dk\/de\/kontaktiere-uns-fog-agroteknik-kundenservice-beratung\/"]}]},{"@type":"BreadcrumbList","@id":"https:\/\/fogagro.dk\/de\/kontaktiere-uns-fog-agroteknik-kundenservice-beratung\/#breadcrumb","itemListElement":[{"@type":"ListItem","position":1,"name":"Hjem","item":"https:\/\/fogagro.dk\/de\/"},{"@type":"ListItem","position":2,"name":"Kontaktiere uns"}]},{"@type":"WebSite","@id":"https:\/\/fogagro.dk\/de\/#website","url":"https:\/\/fogagro.dk\/de\/","name":"Fog Agroteknik A\/S","description":"Wir bieten Komplettl\u00f6sungen f\u00fcr das G\u00fcllemanagement in Schweinefarmen.","publisher":{"@id":"https:\/\/fogagro.dk\/de\/#organization"},"potentialAction":[{"@type":"SearchAction","target":{"@type":"EntryPoint","urlTemplate":"https:\/\/fogagro.dk\/de\/?s={search_term_string}"},"query-input":{"@type":"PropertyValueSpecification","valueRequired":true,"valueName":"search_term_string"}}],"inLanguage":"de"},{"@type":"Organization","@id":"https:\/\/fogagro.dk\/de\/#organization","name":"Fog Agroteknik A\/S","url":"https:\/\/fogagro.dk\/de\/","logo":{"@type":"ImageObject","inLanguage":"de","@id":"https:\/\/fogagro.dk\/de\/#\/schema\/logo\/image\/","url":"https:\/\/fogagro.dk\/wp-content\/uploads\/2022\/09\/logo-1.png","contentUrl":"https:\/\/fogagro.dk\/wp-content\/uploads\/2022\/09\/logo-1.png","width":352,"height":49,"caption":"Fog Agroteknik A\/S"},"image":{"@id":"https:\/\/fogagro.dk\/de\/#\/schema\/logo\/image\/"}}]}},"_links":{"self":[{"href":"https:\/\/fogagro.dk\/de\/wp-json\/wp\/v2\/pages\/3507","targetHints":{"allow":["GET"]}}],"collection":[{"href":"https:\/\/fogagro.dk\/de\/wp-json\/wp\/v2\/pages"}],"about":[{"href":"https:\/\/fogagro.dk\/de\/wp-json\/wp\/v2\/types\/page"}],"author":[{"embeddable":true,"href":"https:\/\/fogagro.dk\/de\/wp-json\/wp\/v2\/users\/1"}],"replies":[{"embeddable":true,"href":"https:\/\/fogagro.dk\/de\/wp-json\/wp\/v2\/comments?post=3507"}],"version-history":[{"count":12,"href":"https:\/\/fogagro.dk\/de\/wp-json\/wp\/v2\/pages\/3507\/revisions"}],"predecessor-version":[{"id":4747,"href":"https:\/\/fogagro.dk\/de\/wp-json\/wp\/v2\/pages\/3507\/revisions\/4747"}],"wp:attachment":[{"href":"https:\/\/fogagro.dk\/de\/wp-json\/wp\/v2\/media?parent=3507"}],"wp:term":[{"taxonomy":"category","embeddable":true,"href":"https:\/\/fogagro.dk\/de\/wp-json\/wp\/v2\/categories?post=3507"}],"curies":[{"name":"wp","href":"https:\/\/api.w.org\/{rel}","templated":true}]}}