{"id":3525,"date":"2022-09-15T12:56:22","date_gmt":"2022-09-15T10:56:22","guid":{"rendered":"https:\/\/fogagro.dk\/ueber-uns\/"},"modified":"2025-09-19T12:58:26","modified_gmt":"2025-09-19T10:58:26","slug":"ueber-uns","status":"publish","type":"page","link":"https:\/\/fogagro.dk\/de\/ueber-uns\/","title":{"rendered":"\u00dcber uns"},"content":{"rendered":"<section class=\"wpb-content-wrapper\"><p>[vc_row full_width=&#8220;stretch_row&#8220;][vc_column]<div class=\"ult-spacer spacer-69f1bd39d4983\" data-id=\"69f1bd39d4983\" data-height=\"90\" data-height-mobile=\"60\" data-height-tab=\"90\" data-height-tab-portrait=\"60\" data-height-mobile-landscape=\"60\" style=\"clear:both;display:block;\"><\/div>[vc_row_inner][vc_column_inner offset=&#8220;vc_col-lg-8 vc_col-md-8 vc_col-xs-12&#8243;][vc_column_text]<\/p>\n<h2 style=\"text-align: center;\" data-start=\"178\" data-end=\"251\"><strong data-start=\"187\" data-end=\"251\">\u00dcber uns \u2013 L\u00f6sungen f\u00fcr die G\u00fcllehantierung im Schweinestall<\/strong><\/h2>\n<p data-start=\"253\" data-end=\"329\">Wir bieten komplette L\u00f6sungen f\u00fcr die G\u00fcllehantierung in Schweinest\u00e4llen an.<\/p>\n<p data-start=\"331\" data-end=\"770\">Wenn Sie planen, einen bestehenden Schweinestall zu renovieren oder einen neuen zu bauen, k\u00f6nnen unsere Experten die passende L\u00f6sung f\u00fcr Sie dimensionieren und projektieren.<br data-start=\"504\" data-end=\"507\" \/>Bei <strong data-start=\"511\" data-end=\"529\">Fog Agroteknik<\/strong> legen wir gro\u00dfen Wert auf guten Service. Egal, ob Sie Landwirt, Bauunternehmer oder Berater sind \u2013 unsere Experten stehen Ihnen mit kompetenter Beratung zur Seite, wenn Sie ein Bau- oder Renovierungsprojekt im Bereich Schweinest\u00e4lle planen.<\/p>\n<p data-start=\"772\" data-end=\"1078\">F\u00fcr die G\u00fcllehantierung bieten wir das originale <strong data-start=\"821\" data-end=\"839\">Vacudan-System<\/strong> an, das wir bereits 1979 in Eigenregie entwickelt haben. Das Vacudan-System ist heute in Tausenden von Schweinest\u00e4llen in D\u00e4nemark und weltweit im Einsatz.<br data-start=\"995\" data-end=\"998\" \/>Wir verf\u00fcgen \u00fcber ein starkes H\u00e4ndlernetzwerk und exportieren in \u00fcber 35 L\u00e4nder.<\/p>\n<p data-start=\"1080\" data-end=\"1325\"><strong data-start=\"1080\" data-end=\"1104\"><a href=\"https:\/\/fogagro.dk\/de\/kontaktiere-uns\/?_gl=1*yq49i*_up*MQ..*_ga*MTkzNzgyMjExMi4xNzU4MjY4MjMx*_ga_K4L8ZVHN1R*czE3NTgyNzgyOTckbzMkZzAkdDE3NTgyNzgyOTckajYwJGwwJGgw\">Kontaktieren<\/a> Sie uns<\/strong>, um mehr \u00fcber Ihre M\u00f6glichkeiten mit dem System zu erfahren und ein unverbindliches Angebot zu erhalten.<br data-start=\"1209\" data-end=\"1212\" \/>Alternativ k\u00f6nnen Sie sich hier auf unserer Website unsere weiteren Produkte ansehen und direkt online bestellen.<\/p>\n<p>[\/vc_column_text]<div class=\"ult-spacer spacer-69f1bd39d49ca\" data-id=\"69f1bd39d49ca\" data-height=\"0\" data-height-mobile=\"30\" data-height-tab=\"0\" data-height-tab-portrait=\"30\" data-height-mobile-landscape=\"30\" style=\"clear:both;display:block;\"><\/div>[\/vc_column_inner][vc_column_inner offset=&#8220;vc_col-lg-4 vc_col-md-4 vc_col-xs-12&#8243;][vc_widget_sidebar sidebar_id=&#8220;sidebar-1&#8243; el_class=&#8220;contact-sidebar&#8220;][\/vc_column_inner][\/vc_row_inner]<div class=\"ult-spacer spacer-69f1bd39d49f2\" data-id=\"69f1bd39d49f2\" data-height=\"90\" data-height-mobile=\"60\" data-height-tab=\"90\" data-height-tab-portrait=\"60\" data-height-mobile-landscape=\"60\" style=\"clear:both;display:block;\"><\/div>[\/vc_column][\/vc_row]<\/p>\n<\/section>","protected":false},"excerpt":{"rendered":"<p>Bei Fog Agroteknik legen wir gro\u00dfen Wert auf guten Service. Unabh\u00e4ngig davon, ob Sie Landwirt, Lohnunternehmer oder Bauberater sind, k\u00f6nnen Sie sich von unseren Experten gut beraten und anleiten lassen, wenn Sie mit dem Bau oder der Renovierung eines Schweinestalls beginnen m\u00fcssen.<\/p>\n","protected":false},"author":1,"featured_media":0,"parent":0,"menu_order":1,"comment_status":"closed","ping_status":"closed","template":"","meta":{"footnotes":""},"categories":[],"class_list":["post-3525","page","type-page","status-publish"],"acf":[],"yoast_head":"<!-- This site is optimized with the Yoast SEO plugin v27.3 - https:\/\/yoast.com\/product\/yoast-seo-wordpress\/ -->\n<title>\u00dcber uns &#183; Fog Agroteknik A\/S<\/title>\n<meta name=\"description\" content=\"Seit 1979 bietet Fog Agroteknik mit dem Vacudan-System zuverl\u00e4ssige L\u00f6sungen f\u00fcr die G\u00fcllehantierung in Schweinest\u00e4llen. Jetzt beraten lassen und unverbindliches Angebot sichern.\" \/>\n<meta name=\"robots\" content=\"index, follow, max-snippet:-1, max-image-preview:large, max-video-preview:-1\" \/>\n<link rel=\"canonical\" href=\"https:\/\/fogagro.dk\/de\/ueber-uns\/\" \/>\n<meta property=\"og:locale\" content=\"de_DE\" \/>\n<meta property=\"og:type\" content=\"article\" \/>\n<meta property=\"og:title\" content=\"\u00dcber uns &#183; Fog Agroteknik A\/S\" \/>\n<meta property=\"og:description\" content=\"Seit 1979 bietet Fog Agroteknik mit dem Vacudan-System zuverl\u00e4ssige L\u00f6sungen f\u00fcr die G\u00fcllehantierung in Schweinest\u00e4llen. Jetzt beraten lassen und unverbindliches Angebot sichern.\" \/>\n<meta property=\"og:url\" content=\"https:\/\/fogagro.dk\/de\/ueber-uns\/\" \/>\n<meta property=\"og:site_name\" content=\"Fog Agroteknik A\/S\" \/>\n<meta property=\"article:modified_time\" content=\"2025-09-19T10:58:26+00:00\" \/>\n<meta name=\"twitter:card\" content=\"summary_large_image\" \/>\n<meta name=\"twitter:label1\" content=\"Gesch\u00e4tzte Lesezeit\" \/>\n\t<meta name=\"twitter:data1\" content=\"1\u00a0Minute\" \/>\n<script type=\"application\/ld+json\" class=\"yoast-schema-graph\">{\"@context\":\"https:\\\/\\\/schema.org\",\"@graph\":[{\"@type\":\"WebPage\",\"@id\":\"https:\\\/\\\/fogagro.dk\\\/de\\\/ueber-uns\\\/\",\"url\":\"https:\\\/\\\/fogagro.dk\\\/de\\\/ueber-uns\\\/\",\"name\":\"\u00dcber uns &#183; Fog Agroteknik A\\\/S\",\"isPartOf\":{\"@id\":\"https:\\\/\\\/fogagro.dk\\\/de\\\/#website\"},\"datePublished\":\"2022-09-15T10:56:22+00:00\",\"dateModified\":\"2025-09-19T10:58:26+00:00\",\"description\":\"Seit 1979 bietet Fog Agroteknik mit dem Vacudan-System zuverl\u00e4ssige L\u00f6sungen f\u00fcr die G\u00fcllehantierung in Schweinest\u00e4llen. Jetzt beraten lassen und unverbindliches Angebot sichern.\",\"breadcrumb\":{\"@id\":\"https:\\\/\\\/fogagro.dk\\\/de\\\/ueber-uns\\\/#breadcrumb\"},\"inLanguage\":\"de\",\"potentialAction\":[{\"@type\":\"ReadAction\",\"target\":[\"https:\\\/\\\/fogagro.dk\\\/de\\\/ueber-uns\\\/\"]}]},{\"@type\":\"BreadcrumbList\",\"@id\":\"https:\\\/\\\/fogagro.dk\\\/de\\\/ueber-uns\\\/#breadcrumb\",\"itemListElement\":[{\"@type\":\"ListItem\",\"position\":1,\"name\":\"Hjem\",\"item\":\"https:\\\/\\\/fogagro.dk\\\/de\\\/\"},{\"@type\":\"ListItem\",\"position\":2,\"name\":\"\u00dcber uns\"}]},{\"@type\":\"WebSite\",\"@id\":\"https:\\\/\\\/fogagro.dk\\\/de\\\/#website\",\"url\":\"https:\\\/\\\/fogagro.dk\\\/de\\\/\",\"name\":\"Fog Agroteknik A\\\/S\",\"description\":\"Wir bieten Komplettl\u00f6sungen f\u00fcr das G\u00fcllemanagement in Schweinefarmen.\",\"publisher\":{\"@id\":\"https:\\\/\\\/fogagro.dk\\\/de\\\/#organization\"},\"potentialAction\":[{\"@type\":\"SearchAction\",\"target\":{\"@type\":\"EntryPoint\",\"urlTemplate\":\"https:\\\/\\\/fogagro.dk\\\/de\\\/?s={search_term_string}\"},\"query-input\":{\"@type\":\"PropertyValueSpecification\",\"valueRequired\":true,\"valueName\":\"search_term_string\"}}],\"inLanguage\":\"de\"},{\"@type\":\"Organization\",\"@id\":\"https:\\\/\\\/fogagro.dk\\\/de\\\/#organization\",\"name\":\"Fog Agroteknik A\\\/S\",\"url\":\"https:\\\/\\\/fogagro.dk\\\/de\\\/\",\"logo\":{\"@type\":\"ImageObject\",\"inLanguage\":\"de\",\"@id\":\"https:\\\/\\\/fogagro.dk\\\/de\\\/#\\\/schema\\\/logo\\\/image\\\/\",\"url\":\"https:\\\/\\\/fogagro.dk\\\/wp-content\\\/uploads\\\/2022\\\/09\\\/logo-1.png\",\"contentUrl\":\"https:\\\/\\\/fogagro.dk\\\/wp-content\\\/uploads\\\/2022\\\/09\\\/logo-1.png\",\"width\":352,\"height\":49,\"caption\":\"Fog Agroteknik A\\\/S\"},\"image\":{\"@id\":\"https:\\\/\\\/fogagro.dk\\\/de\\\/#\\\/schema\\\/logo\\\/image\\\/\"}}]}<\/script>\n<!-- \/ Yoast SEO plugin. -->","yoast_head_json":{"title":"\u00dcber uns &#183; Fog Agroteknik A\/S","description":"Seit 1979 bietet Fog Agroteknik mit dem Vacudan-System zuverl\u00e4ssige L\u00f6sungen f\u00fcr die G\u00fcllehantierung in Schweinest\u00e4llen. Jetzt beraten lassen und unverbindliches Angebot sichern.","robots":{"index":"index","follow":"follow","max-snippet":"max-snippet:-1","max-image-preview":"max-image-preview:large","max-video-preview":"max-video-preview:-1"},"canonical":"https:\/\/fogagro.dk\/de\/ueber-uns\/","og_locale":"de_DE","og_type":"article","og_title":"\u00dcber uns &#183; Fog Agroteknik A\/S","og_description":"Seit 1979 bietet Fog Agroteknik mit dem Vacudan-System zuverl\u00e4ssige L\u00f6sungen f\u00fcr die G\u00fcllehantierung in Schweinest\u00e4llen. Jetzt beraten lassen und unverbindliches Angebot sichern.","og_url":"https:\/\/fogagro.dk\/de\/ueber-uns\/","og_site_name":"Fog Agroteknik A\/S","article_modified_time":"2025-09-19T10:58:26+00:00","twitter_card":"summary_large_image","twitter_misc":{"Gesch\u00e4tzte Lesezeit":"1\u00a0Minute"},"schema":{"@context":"https:\/\/schema.org","@graph":[{"@type":"WebPage","@id":"https:\/\/fogagro.dk\/de\/ueber-uns\/","url":"https:\/\/fogagro.dk\/de\/ueber-uns\/","name":"\u00dcber uns &#183; Fog Agroteknik A\/S","isPartOf":{"@id":"https:\/\/fogagro.dk\/de\/#website"},"datePublished":"2022-09-15T10:56:22+00:00","dateModified":"2025-09-19T10:58:26+00:00","description":"Seit 1979 bietet Fog Agroteknik mit dem Vacudan-System zuverl\u00e4ssige L\u00f6sungen f\u00fcr die G\u00fcllehantierung in Schweinest\u00e4llen. Jetzt beraten lassen und unverbindliches Angebot sichern.","breadcrumb":{"@id":"https:\/\/fogagro.dk\/de\/ueber-uns\/#breadcrumb"},"inLanguage":"de","potentialAction":[{"@type":"ReadAction","target":["https:\/\/fogagro.dk\/de\/ueber-uns\/"]}]},{"@type":"BreadcrumbList","@id":"https:\/\/fogagro.dk\/de\/ueber-uns\/#breadcrumb","itemListElement":[{"@type":"ListItem","position":1,"name":"Hjem","item":"https:\/\/fogagro.dk\/de\/"},{"@type":"ListItem","position":2,"name":"\u00dcber uns"}]},{"@type":"WebSite","@id":"https:\/\/fogagro.dk\/de\/#website","url":"https:\/\/fogagro.dk\/de\/","name":"Fog Agroteknik A\/S","description":"Wir bieten Komplettl\u00f6sungen f\u00fcr das G\u00fcllemanagement in Schweinefarmen.","publisher":{"@id":"https:\/\/fogagro.dk\/de\/#organization"},"potentialAction":[{"@type":"SearchAction","target":{"@type":"EntryPoint","urlTemplate":"https:\/\/fogagro.dk\/de\/?s={search_term_string}"},"query-input":{"@type":"PropertyValueSpecification","valueRequired":true,"valueName":"search_term_string"}}],"inLanguage":"de"},{"@type":"Organization","@id":"https:\/\/fogagro.dk\/de\/#organization","name":"Fog Agroteknik A\/S","url":"https:\/\/fogagro.dk\/de\/","logo":{"@type":"ImageObject","inLanguage":"de","@id":"https:\/\/fogagro.dk\/de\/#\/schema\/logo\/image\/","url":"https:\/\/fogagro.dk\/wp-content\/uploads\/2022\/09\/logo-1.png","contentUrl":"https:\/\/fogagro.dk\/wp-content\/uploads\/2022\/09\/logo-1.png","width":352,"height":49,"caption":"Fog Agroteknik A\/S"},"image":{"@id":"https:\/\/fogagro.dk\/de\/#\/schema\/logo\/image\/"}}]}},"_links":{"self":[{"href":"https:\/\/fogagro.dk\/de\/wp-json\/wp\/v2\/pages\/3525","targetHints":{"allow":["GET"]}}],"collection":[{"href":"https:\/\/fogagro.dk\/de\/wp-json\/wp\/v2\/pages"}],"about":[{"href":"https:\/\/fogagro.dk\/de\/wp-json\/wp\/v2\/types\/page"}],"author":[{"embeddable":true,"href":"https:\/\/fogagro.dk\/de\/wp-json\/wp\/v2\/users\/1"}],"replies":[{"embeddable":true,"href":"https:\/\/fogagro.dk\/de\/wp-json\/wp\/v2\/comments?post=3525"}],"version-history":[{"count":10,"href":"https:\/\/fogagro.dk\/de\/wp-json\/wp\/v2\/pages\/3525\/revisions"}],"predecessor-version":[{"id":4719,"href":"https:\/\/fogagro.dk\/de\/wp-json\/wp\/v2\/pages\/3525\/revisions\/4719"}],"wp:attachment":[{"href":"https:\/\/fogagro.dk\/de\/wp-json\/wp\/v2\/media?parent=3525"}],"wp:term":[{"taxonomy":"category","embeddable":true,"href":"https:\/\/fogagro.dk\/de\/wp-json\/wp\/v2\/categories?post=3525"}],"curies":[{"name":"wp","href":"https:\/\/api.w.org\/{rel}","templated":true}]}}