{"id":3595,"date":"2022-09-15T12:56:23","date_gmt":"2022-09-15T10:56:23","guid":{"rendered":"https:\/\/fogagro.dk\/die-vacudan-systemen\/"},"modified":"2025-09-19T13:20:01","modified_gmt":"2025-09-19T11:20:01","slug":"va-zugelassenes-pull-release-system-qualitaet-von-fog-agroteknik","status":"publish","type":"page","link":"https:\/\/fogagro.dk\/de\/va-zugelassenes-pull-release-system-qualitaet-von-fog-agroteknik\/","title":{"rendered":"Ziehen und Ablegen von Systemen"},"content":{"rendered":"<section class=\"wpb-content-wrapper\"><p>[vc_row full_width=&#8220;stretch_row&#8220;][vc_column]<div class=\"ult-spacer spacer-69f191181d3a3\" data-id=\"69f191181d3a3\" data-height=\"90\" data-height-mobile=\"60\" data-height-tab=\"90\" data-height-tab-portrait=\"60\" data-height-mobile-landscape=\"60\" style=\"clear:both;display:block;\"><\/div>[vc_row_inner][vc_column_inner offset=&#8220;vc_col-lg-8 vc_col-md-8 vc_col-xs-12&#8243;][vc_column_text]<\/p>\n<h2>Das Zug- und Ausl\u00f6sesystem ist VA-zugelassen<\/h2>\n<h4 data-start=\"277\" data-end=\"329\"><strong data-start=\"283\" data-end=\"329\">VA-Zulassung f\u00fcr das Pull &amp; Release System<\/strong><\/h4>\n<p data-start=\"331\" data-end=\"601\">Als zus\u00e4tzliche <strong data-start=\"347\" data-end=\"369\">Qualit\u00e4tssicherung<\/strong> ist das <strong data-start=\"378\" data-end=\"403\">Pull &amp; Release System<\/strong> von <strong data-start=\"408\" data-end=\"426\">Fog Agroteknik<\/strong> VA-zugelassen. Diese Zulassung geht \u00fcber die beh\u00f6rdlich vorgeschriebenen Anforderungen hinaus und unterstreicht die hohe Verarbeitungs- und Materialqualit\u00e4t unserer Produkte.<\/p>\n<p data-start=\"603\" data-end=\"803\">Eine <strong data-start=\"608\" data-end=\"626\">VA-Genehmigung<\/strong> ist normalerweise nur f\u00fcr Wasserver- und Abwassersysteme erforderlich. Trotzdem haben wir unser System pr\u00fcfen und zertifizieren lassen \u2013 als Zeichen unseres Qualit\u00e4tsanspruchs.<\/p>\n<p data-start=\"805\" data-end=\"945\">In der Praxis bedeutet die VA-Zulassung, dass unser Pull &amp; Release System j\u00e4hrlich vom <strong data-start=\"892\" data-end=\"930\">D\u00e4nischen Technologischen Institut<\/strong> getestet wird.<\/p>\n<h4 data-start=\"947\" data-end=\"994\">Beispiele f\u00fcr die durchgef\u00fchrten Tests:<\/h4>\n<ul data-start=\"995\" data-end=\"1440\">\n<li data-start=\"995\" data-end=\"1150\">\n<p data-start=\"997\" data-end=\"1150\"><strong data-start=\"997\" data-end=\"1024\">Stollentests bei K\u00e4lte:<\/strong> Die Stollen werden tiefgefroren und anschlie\u00dfend fallengelassen \u2013 so wird gepr\u00fcft, ob sie weiterhin fest und sicher sitzen.<\/p>\n<\/li>\n<li data-start=\"1151\" data-end=\"1258\">\n<p data-start=\"1153\" data-end=\"1258\"><strong data-start=\"1153\" data-end=\"1168\">Drucktests:<\/strong> Einzelteile werden mehrmin\u00fctigem Druck ausgesetzt, um ihre Belastbarkeit zu \u00fcberpr\u00fcfen.<\/p>\n<\/li>\n<li data-start=\"1259\" data-end=\"1440\">\n<p data-start=\"1261\" data-end=\"1440\"><strong data-start=\"1261\" data-end=\"1309\">Gewichts- und Aufpralltests der Verschl\u00fcsse:<\/strong> Die Verschl\u00fcsse werden gewogen und fallen gelassen \u2013 das Gewicht muss exakt stimmen, um die Funktionst\u00fcchtigkeit zu gew\u00e4hrleisten.<\/p>\n<\/li>\n<\/ul>\n<p data-start=\"1442\" data-end=\"1546\"><strong data-start=\"1445\" data-end=\"1545\">Lesen Sie mehr \u00fcber VA-Zulassungen auf der Website von ETA-Danmark<\/strong>.<\/p>\n<p>[\/vc_column_text]<div class=\"ult-spacer spacer-69f191181d3ea\" data-id=\"69f191181d3ea\" data-height=\"0\" data-height-mobile=\"30\" data-height-tab=\"0\" data-height-tab-portrait=\"30\" data-height-mobile-landscape=\"30\" style=\"clear:both;display:block;\"><\/div>[\/vc_column_inner][vc_column_inner offset=&#8220;vc_col-lg-4 vc_col-md-4 vc_col-xs-12&#8243;][vc_single_image image=&#8220;3699&#8243; img_size=&#8220;full&#8220; alignment=&#8220;center&#8220;][vc_widget_sidebar sidebar_id=&#8220;sidebar-1&#8243; el_class=&#8220;contact-sidebar&#8220;][vc_empty_space height=&#8220;30px&#8220;][vc_single_image image=&#8220;3395&#8243; img_size=&#8220;full&#8220; alignment=&#8220;center&#8220;][vc_empty_space height=&#8220;30px&#8220;][vc_column_text]<a href=\"https:\/\/fogagro.dk\/wp-content\/uploads\/2024\/09\/18399-24.pdf\">VA-Zulassung Apollo<\/a><\/p>\n<p><a href=\"https:\/\/fogagro.dk\/wp-content\/uploads\/2025\/01\/va-godkendelse-strong-rib.pdf\" target=\"_blank\" rel=\"noopener\">VA-Zulassung Strong Rib<\/a>[\/vc_column_text][\/vc_column_inner][\/vc_row_inner]<div class=\"ult-spacer spacer-69f191181d40d\" data-id=\"69f191181d40d\" data-height=\"90\" data-height-mobile=\"60\" data-height-tab=\"90\" data-height-tab-portrait=\"60\" data-height-mobile-landscape=\"60\" style=\"clear:both;display:block;\"><\/div>[\/vc_column][\/vc_row]<\/p>\n<\/section>","protected":false},"excerpt":{"rendered":"<p>Fog Agroteknik geht noch einen Schritt weiter, als es das Gesetz vorschreibt, wenn es um Ihre Sicherheit und die Sicherheit Ihres Unternehmens geht!<\/p>\n","protected":false},"author":1,"featured_media":0,"parent":0,"menu_order":3,"comment_status":"closed","ping_status":"closed","template":"","meta":{"footnotes":""},"categories":[],"class_list":["post-3595","page","type-page","status-publish"],"acf":[],"yoast_head":"<!-- This site is optimized with the Yoast SEO plugin v27.3 - https:\/\/yoast.com\/product\/yoast-seo-wordpress\/ -->\n<title>Ziehen und Ablegen von Systemen &#183; Fog Agroteknik A\/S<\/title>\n<meta name=\"description\" content=\"Das Pull &amp; Release System von Fog Agroteknik ist VA-zugelassen und wird j\u00e4hrlich vom D\u00e4nischen Technologischen Institut gepr\u00fcft. Erfahren Sie mehr zur Qualit\u00e4tssicherung!\" \/>\n<meta name=\"robots\" content=\"index, follow, max-snippet:-1, max-image-preview:large, max-video-preview:-1\" \/>\n<link rel=\"canonical\" href=\"https:\/\/fogagro.dk\/de\/va-zugelassenes-pull-release-system-qualitaet-von-fog-agroteknik\/\" \/>\n<meta property=\"og:locale\" content=\"de_DE\" \/>\n<meta property=\"og:type\" content=\"article\" \/>\n<meta property=\"og:title\" content=\"Ziehen und Ablegen von Systemen &#183; Fog Agroteknik A\/S\" \/>\n<meta property=\"og:description\" content=\"Das Pull &amp; Release System von Fog Agroteknik ist VA-zugelassen und wird j\u00e4hrlich vom D\u00e4nischen Technologischen Institut gepr\u00fcft. Erfahren Sie mehr zur Qualit\u00e4tssicherung!\" \/>\n<meta property=\"og:url\" content=\"https:\/\/fogagro.dk\/de\/va-zugelassenes-pull-release-system-qualitaet-von-fog-agroteknik\/\" \/>\n<meta property=\"og:site_name\" content=\"Fog Agroteknik A\/S\" \/>\n<meta property=\"article:modified_time\" content=\"2025-09-19T11:20:01+00:00\" \/>\n<meta name=\"twitter:card\" content=\"summary_large_image\" \/>\n<meta name=\"twitter:label1\" content=\"Gesch\u00e4tzte Lesezeit\" \/>\n\t<meta name=\"twitter:data1\" content=\"2\u00a0Minuten\" \/>\n<script type=\"application\/ld+json\" class=\"yoast-schema-graph\">{\"@context\":\"https:\\\/\\\/schema.org\",\"@graph\":[{\"@type\":\"WebPage\",\"@id\":\"https:\\\/\\\/fogagro.dk\\\/de\\\/va-zugelassenes-pull-release-system-qualitaet-von-fog-agroteknik\\\/\",\"url\":\"https:\\\/\\\/fogagro.dk\\\/de\\\/va-zugelassenes-pull-release-system-qualitaet-von-fog-agroteknik\\\/\",\"name\":\"Ziehen und Ablegen von Systemen &#183; Fog Agroteknik A\\\/S\",\"isPartOf\":{\"@id\":\"https:\\\/\\\/fogagro.dk\\\/de\\\/#website\"},\"datePublished\":\"2022-09-15T10:56:23+00:00\",\"dateModified\":\"2025-09-19T11:20:01+00:00\",\"description\":\"Das Pull & Release System von Fog Agroteknik ist VA-zugelassen und wird j\u00e4hrlich vom D\u00e4nischen Technologischen Institut gepr\u00fcft. Erfahren Sie mehr zur Qualit\u00e4tssicherung!\",\"breadcrumb\":{\"@id\":\"https:\\\/\\\/fogagro.dk\\\/de\\\/va-zugelassenes-pull-release-system-qualitaet-von-fog-agroteknik\\\/#breadcrumb\"},\"inLanguage\":\"de\",\"potentialAction\":[{\"@type\":\"ReadAction\",\"target\":[\"https:\\\/\\\/fogagro.dk\\\/de\\\/va-zugelassenes-pull-release-system-qualitaet-von-fog-agroteknik\\\/\"]}]},{\"@type\":\"BreadcrumbList\",\"@id\":\"https:\\\/\\\/fogagro.dk\\\/de\\\/va-zugelassenes-pull-release-system-qualitaet-von-fog-agroteknik\\\/#breadcrumb\",\"itemListElement\":[{\"@type\":\"ListItem\",\"position\":1,\"name\":\"Hjem\",\"item\":\"https:\\\/\\\/fogagro.dk\\\/de\\\/\"},{\"@type\":\"ListItem\",\"position\":2,\"name\":\"Ziehen und Ablegen von Systemen\"}]},{\"@type\":\"WebSite\",\"@id\":\"https:\\\/\\\/fogagro.dk\\\/de\\\/#website\",\"url\":\"https:\\\/\\\/fogagro.dk\\\/de\\\/\",\"name\":\"Fog Agroteknik A\\\/S\",\"description\":\"Wir bieten Komplettl\u00f6sungen f\u00fcr das G\u00fcllemanagement in Schweinefarmen.\",\"publisher\":{\"@id\":\"https:\\\/\\\/fogagro.dk\\\/de\\\/#organization\"},\"potentialAction\":[{\"@type\":\"SearchAction\",\"target\":{\"@type\":\"EntryPoint\",\"urlTemplate\":\"https:\\\/\\\/fogagro.dk\\\/de\\\/?s={search_term_string}\"},\"query-input\":{\"@type\":\"PropertyValueSpecification\",\"valueRequired\":true,\"valueName\":\"search_term_string\"}}],\"inLanguage\":\"de\"},{\"@type\":\"Organization\",\"@id\":\"https:\\\/\\\/fogagro.dk\\\/de\\\/#organization\",\"name\":\"Fog Agroteknik A\\\/S\",\"url\":\"https:\\\/\\\/fogagro.dk\\\/de\\\/\",\"logo\":{\"@type\":\"ImageObject\",\"inLanguage\":\"de\",\"@id\":\"https:\\\/\\\/fogagro.dk\\\/de\\\/#\\\/schema\\\/logo\\\/image\\\/\",\"url\":\"https:\\\/\\\/fogagro.dk\\\/wp-content\\\/uploads\\\/2022\\\/09\\\/logo-1.png\",\"contentUrl\":\"https:\\\/\\\/fogagro.dk\\\/wp-content\\\/uploads\\\/2022\\\/09\\\/logo-1.png\",\"width\":352,\"height\":49,\"caption\":\"Fog Agroteknik A\\\/S\"},\"image\":{\"@id\":\"https:\\\/\\\/fogagro.dk\\\/de\\\/#\\\/schema\\\/logo\\\/image\\\/\"}}]}<\/script>\n<!-- \/ Yoast SEO plugin. -->","yoast_head_json":{"title":"Ziehen und Ablegen von Systemen &#183; Fog Agroteknik A\/S","description":"Das Pull & Release System von Fog Agroteknik ist VA-zugelassen und wird j\u00e4hrlich vom D\u00e4nischen Technologischen Institut gepr\u00fcft. Erfahren Sie mehr zur Qualit\u00e4tssicherung!","robots":{"index":"index","follow":"follow","max-snippet":"max-snippet:-1","max-image-preview":"max-image-preview:large","max-video-preview":"max-video-preview:-1"},"canonical":"https:\/\/fogagro.dk\/de\/va-zugelassenes-pull-release-system-qualitaet-von-fog-agroteknik\/","og_locale":"de_DE","og_type":"article","og_title":"Ziehen und Ablegen von Systemen &#183; Fog Agroteknik A\/S","og_description":"Das Pull & Release System von Fog Agroteknik ist VA-zugelassen und wird j\u00e4hrlich vom D\u00e4nischen Technologischen Institut gepr\u00fcft. Erfahren Sie mehr zur Qualit\u00e4tssicherung!","og_url":"https:\/\/fogagro.dk\/de\/va-zugelassenes-pull-release-system-qualitaet-von-fog-agroteknik\/","og_site_name":"Fog Agroteknik A\/S","article_modified_time":"2025-09-19T11:20:01+00:00","twitter_card":"summary_large_image","twitter_misc":{"Gesch\u00e4tzte Lesezeit":"2\u00a0Minuten"},"schema":{"@context":"https:\/\/schema.org","@graph":[{"@type":"WebPage","@id":"https:\/\/fogagro.dk\/de\/va-zugelassenes-pull-release-system-qualitaet-von-fog-agroteknik\/","url":"https:\/\/fogagro.dk\/de\/va-zugelassenes-pull-release-system-qualitaet-von-fog-agroteknik\/","name":"Ziehen und Ablegen von Systemen &#183; Fog Agroteknik A\/S","isPartOf":{"@id":"https:\/\/fogagro.dk\/de\/#website"},"datePublished":"2022-09-15T10:56:23+00:00","dateModified":"2025-09-19T11:20:01+00:00","description":"Das Pull & Release System von Fog Agroteknik ist VA-zugelassen und wird j\u00e4hrlich vom D\u00e4nischen Technologischen Institut gepr\u00fcft. Erfahren Sie mehr zur Qualit\u00e4tssicherung!","breadcrumb":{"@id":"https:\/\/fogagro.dk\/de\/va-zugelassenes-pull-release-system-qualitaet-von-fog-agroteknik\/#breadcrumb"},"inLanguage":"de","potentialAction":[{"@type":"ReadAction","target":["https:\/\/fogagro.dk\/de\/va-zugelassenes-pull-release-system-qualitaet-von-fog-agroteknik\/"]}]},{"@type":"BreadcrumbList","@id":"https:\/\/fogagro.dk\/de\/va-zugelassenes-pull-release-system-qualitaet-von-fog-agroteknik\/#breadcrumb","itemListElement":[{"@type":"ListItem","position":1,"name":"Hjem","item":"https:\/\/fogagro.dk\/de\/"},{"@type":"ListItem","position":2,"name":"Ziehen und Ablegen von Systemen"}]},{"@type":"WebSite","@id":"https:\/\/fogagro.dk\/de\/#website","url":"https:\/\/fogagro.dk\/de\/","name":"Fog Agroteknik A\/S","description":"Wir bieten Komplettl\u00f6sungen f\u00fcr das G\u00fcllemanagement in Schweinefarmen.","publisher":{"@id":"https:\/\/fogagro.dk\/de\/#organization"},"potentialAction":[{"@type":"SearchAction","target":{"@type":"EntryPoint","urlTemplate":"https:\/\/fogagro.dk\/de\/?s={search_term_string}"},"query-input":{"@type":"PropertyValueSpecification","valueRequired":true,"valueName":"search_term_string"}}],"inLanguage":"de"},{"@type":"Organization","@id":"https:\/\/fogagro.dk\/de\/#organization","name":"Fog Agroteknik A\/S","url":"https:\/\/fogagro.dk\/de\/","logo":{"@type":"ImageObject","inLanguage":"de","@id":"https:\/\/fogagro.dk\/de\/#\/schema\/logo\/image\/","url":"https:\/\/fogagro.dk\/wp-content\/uploads\/2022\/09\/logo-1.png","contentUrl":"https:\/\/fogagro.dk\/wp-content\/uploads\/2022\/09\/logo-1.png","width":352,"height":49,"caption":"Fog Agroteknik A\/S"},"image":{"@id":"https:\/\/fogagro.dk\/de\/#\/schema\/logo\/image\/"}}]}},"_links":{"self":[{"href":"https:\/\/fogagro.dk\/de\/wp-json\/wp\/v2\/pages\/3595","targetHints":{"allow":["GET"]}}],"collection":[{"href":"https:\/\/fogagro.dk\/de\/wp-json\/wp\/v2\/pages"}],"about":[{"href":"https:\/\/fogagro.dk\/de\/wp-json\/wp\/v2\/types\/page"}],"author":[{"embeddable":true,"href":"https:\/\/fogagro.dk\/de\/wp-json\/wp\/v2\/users\/1"}],"replies":[{"embeddable":true,"href":"https:\/\/fogagro.dk\/de\/wp-json\/wp\/v2\/comments?post=3595"}],"version-history":[{"count":10,"href":"https:\/\/fogagro.dk\/de\/wp-json\/wp\/v2\/pages\/3595\/revisions"}],"predecessor-version":[{"id":4723,"href":"https:\/\/fogagro.dk\/de\/wp-json\/wp\/v2\/pages\/3595\/revisions\/4723"}],"wp:attachment":[{"href":"https:\/\/fogagro.dk\/de\/wp-json\/wp\/v2\/media?parent=3595"}],"wp:term":[{"taxonomy":"category","embeddable":true,"href":"https:\/\/fogagro.dk\/de\/wp-json\/wp\/v2\/categories?post=3595"}],"curies":[{"name":"wp","href":"https:\/\/api.w.org\/{rel}","templated":true}]}}