{"id":3598,"date":"2022-09-15T12:56:23","date_gmt":"2022-09-15T10:56:23","guid":{"rendered":"https:\/\/fogagro.dk\/spezial-productionen\/"},"modified":"2025-09-19T13:06:53","modified_gmt":"2025-09-19T11:06:53","slug":"spezialprodukte-fuer-fischzucht-guelletechnik-industrie-fog-agroteknik","status":"publish","type":"page","link":"https:\/\/fogagro.dk\/de\/spezialprodukte-fuer-fischzucht-guelletechnik-industrie-fog-agroteknik\/","title":{"rendered":"Spezialit\u00e4ten-Produktionen"},"content":{"rendered":"<section class=\"wpb-content-wrapper\"><p>[vc_row full_width=&#8220;stretch_row&#8220;][vc_column]<div class=\"ult-spacer spacer-69f1bd1164736\" data-id=\"69f1bd1164736\" data-height=\"90\" data-height-mobile=\"60\" data-height-tab=\"90\" data-height-tab-portrait=\"60\" data-height-mobile-landscape=\"60\" style=\"clear:both;display:block;\"><\/div>[vc_row_inner][vc_column_inner offset=&#8220;vc_col-lg-8 vc_col-md-8 vc_col-xs-12&#8243;][vc_column_text]<\/p>\n<h2 style=\"text-align: center;\" data-start=\"237\" data-end=\"287\"><strong data-start=\"245\" data-end=\"287\">Spezialproduktionen bei Fog Agroteknik<\/strong><\/h2>\n<p data-start=\"289\" data-end=\"480\">Bei <strong data-start=\"293\" data-end=\"311\">Fog Agroteknik<\/strong> fertigen wir neben unseren Standardl\u00f6sungen auch individuelle Spezialprodukte \u2013 ma\u00dfgeschneidert f\u00fcr besondere Anforderungen in Landwirtschaft, Fischzucht und Industrie.<\/p>\n<p data-start=\"482\" data-end=\"544\">Hier sehen Sie einige Beispiele aus unserer Spezialproduktion:<\/p>\n<ul data-start=\"546\" data-end=\"1055\">\n<li data-start=\"546\" data-end=\"603\">\n<p data-start=\"548\" data-end=\"603\"><strong data-start=\"548\" data-end=\"563\">Fischpumpen<\/strong> f\u00fcr Fischteiche und Fischzuchtanlagen<\/p>\n<\/li>\n<li data-start=\"604\" data-end=\"678\">\n<p data-start=\"606\" data-end=\"678\">Herstellung von <strong data-start=\"622\" data-end=\"642\">Fischereiger\u00e4ten<\/strong> und \u00e4hnlichen Sonderanfertigungen<\/p>\n<\/li>\n<li data-start=\"679\" data-end=\"737\">\n<p data-start=\"681\" data-end=\"737\">Verschiedene <strong data-start=\"694\" data-end=\"709\">Ventilarten<\/strong> f\u00fcr spezielle Anwendungen<\/p>\n<\/li>\n<li data-start=\"738\" data-end=\"824\">\n<p data-start=\"740\" data-end=\"824\"><strong data-start=\"740\" data-end=\"767\">Pneumatische Aktuatoren<\/strong> f\u00fcr vollautomatische G\u00fclleausbringung \u00fcber Hofcomputer<\/p>\n<\/li>\n<li data-start=\"825\" data-end=\"870\">\n<p data-start=\"827\" data-end=\"870\"><strong data-start=\"827\" data-end=\"853\">Spezialbeh\u00e4lter aus PP<\/strong> (Polypropylen)<\/p>\n<\/li>\n<li data-start=\"871\" data-end=\"960\">\n<p data-start=\"873\" data-end=\"960\">Produktion von <strong data-start=\"888\" data-end=\"913\"><a href=\"https:\/\/fogagro.dk\/de\/strongrib\/?_gl=1*1i3vtmg*_up*MQ..*_ga*OTQyMTcyNjM1LjE3NTgyNzk2ODE.*_ga_K4L8ZVHN1R*czE3NTgyNzk2ODAkbzEkZzEkdDE3NTgyNzk2ODkkajUxJGwwJGgw\">Strong Rib<\/a>-Beschl\u00e4gen<\/strong> in den Abmessungen 500\/563 mm und 600\/688 mm<\/p>\n<\/li>\n<li data-start=\"961\" data-end=\"1000\">\n<p data-start=\"963\" data-end=\"1000\"><strong data-start=\"963\" data-end=\"998\">Verteilerl\u00f6sungen aus PP-Rohren<\/strong><\/p>\n<\/li>\n<li data-start=\"1001\" data-end=\"1055\">\n<p data-start=\"1003\" data-end=\"1055\"><strong data-start=\"1003\" data-end=\"1022\">Abwassersysteme<\/strong> f\u00fcr Industrie und Landwirtschaft<\/p>\n<\/li>\n<\/ul>\n<p data-start=\"1057\" data-end=\"1183\">\ud83d\udc49 Haben Sie ein spezielles Projekt? <strong data-start=\"1094\" data-end=\"1118\"><a href=\"https:\/\/fogagro.dk\/de\/kontaktiere-uns\/?_gl=1*yq49i*_up*MQ..*_ga*MTkzNzgyMjExMi4xNzU4MjY4MjMx*_ga_K4L8ZVHN1R*czE3NTgyNzgyOTckbzMkZzAkdDE3NTgyNzgyOTckajYwJGwwJGgw\">Kontaktieren<\/a> Sie uns<\/strong>, und wir finden eine individuelle L\u00f6sung f\u00fcr Ihre Anforderungen.<\/p>\n<p>[\/vc_column_text]<div class=\"ult-spacer spacer-69f1bd116477c\" data-id=\"69f1bd116477c\" data-height=\"0\" data-height-mobile=\"30\" data-height-tab=\"0\" data-height-tab-portrait=\"30\" data-height-mobile-landscape=\"30\" style=\"clear:both;display:block;\"><\/div>[\/vc_column_inner][vc_column_inner offset=&#8220;vc_col-lg-4 vc_col-md-4 vc_col-xs-12&#8243;][vc_single_image image=&#8220;3705&#8243; img_size=&#8220;full&#8220;][vc_widget_sidebar sidebar_id=&#8220;sidebar-1&#8243; el_class=&#8220;contact-sidebar&#8220;][\/vc_column_inner][\/vc_row_inner]<div class=\"ult-spacer spacer-69f1bd116479f\" data-id=\"69f1bd116479f\" data-height=\"90\" data-height-mobile=\"60\" data-height-tab=\"90\" data-height-tab-portrait=\"60\" data-height-mobile-landscape=\"60\" style=\"clear:both;display:block;\"><\/div>[\/vc_column][\/vc_row]<\/p>\n<\/section>","protected":false},"excerpt":{"rendered":"<p>Kontaktieren Sie uns f\u00fcr weitere Informationen zur Anpassung.<\/p>\n","protected":false},"author":1,"featured_media":0,"parent":0,"menu_order":4,"comment_status":"closed","ping_status":"closed","template":"","meta":{"footnotes":""},"categories":[],"class_list":["post-3598","page","type-page","status-publish"],"acf":[],"yoast_head":"<!-- This site is optimized with the Yoast SEO plugin v27.3 - https:\/\/yoast.com\/product\/yoast-seo-wordpress\/ -->\n<title>Spezialit\u00e4ten-Produktionen &#183; Fog Agroteknik A\/S<\/title>\n<meta name=\"description\" content=\"Fog Agroteknik bietet ma\u00dfgeschneiderte Spezialprodukte wie Fischpumpen, Ventile, PP-Beh\u00e4lter und pneumatische L\u00f6sungen f\u00fcr Landwirtschaft und Fischzucht. Kontaktieren Sie uns!\" \/>\n<meta name=\"robots\" content=\"index, follow, max-snippet:-1, max-image-preview:large, max-video-preview:-1\" \/>\n<link rel=\"canonical\" href=\"https:\/\/fogagro.dk\/de\/spezialprodukte-fuer-fischzucht-guelletechnik-industrie-fog-agroteknik\/\" \/>\n<meta property=\"og:locale\" content=\"de_DE\" \/>\n<meta property=\"og:type\" content=\"article\" \/>\n<meta property=\"og:title\" content=\"Spezialit\u00e4ten-Produktionen &#183; Fog Agroteknik A\/S\" \/>\n<meta property=\"og:description\" content=\"Fog Agroteknik bietet ma\u00dfgeschneiderte Spezialprodukte wie Fischpumpen, Ventile, PP-Beh\u00e4lter und pneumatische L\u00f6sungen f\u00fcr Landwirtschaft und Fischzucht. Kontaktieren Sie uns!\" \/>\n<meta property=\"og:url\" content=\"https:\/\/fogagro.dk\/de\/spezialprodukte-fuer-fischzucht-guelletechnik-industrie-fog-agroteknik\/\" \/>\n<meta property=\"og:site_name\" content=\"Fog Agroteknik A\/S\" \/>\n<meta property=\"article:modified_time\" content=\"2025-09-19T11:06:53+00:00\" \/>\n<meta name=\"twitter:card\" content=\"summary_large_image\" \/>\n<meta name=\"twitter:label1\" content=\"Gesch\u00e4tzte Lesezeit\" \/>\n\t<meta name=\"twitter:data1\" content=\"1\u00a0Minute\" \/>\n<script type=\"application\/ld+json\" class=\"yoast-schema-graph\">{\"@context\":\"https:\\\/\\\/schema.org\",\"@graph\":[{\"@type\":\"WebPage\",\"@id\":\"https:\\\/\\\/fogagro.dk\\\/de\\\/spezialprodukte-fuer-fischzucht-guelletechnik-industrie-fog-agroteknik\\\/\",\"url\":\"https:\\\/\\\/fogagro.dk\\\/de\\\/spezialprodukte-fuer-fischzucht-guelletechnik-industrie-fog-agroteknik\\\/\",\"name\":\"Spezialit\u00e4ten-Produktionen &#183; Fog Agroteknik A\\\/S\",\"isPartOf\":{\"@id\":\"https:\\\/\\\/fogagro.dk\\\/de\\\/#website\"},\"datePublished\":\"2022-09-15T10:56:23+00:00\",\"dateModified\":\"2025-09-19T11:06:53+00:00\",\"description\":\"Fog Agroteknik bietet ma\u00dfgeschneiderte Spezialprodukte wie Fischpumpen, Ventile, PP-Beh\u00e4lter und pneumatische L\u00f6sungen f\u00fcr Landwirtschaft und Fischzucht. Kontaktieren Sie uns!\",\"breadcrumb\":{\"@id\":\"https:\\\/\\\/fogagro.dk\\\/de\\\/spezialprodukte-fuer-fischzucht-guelletechnik-industrie-fog-agroteknik\\\/#breadcrumb\"},\"inLanguage\":\"de\",\"potentialAction\":[{\"@type\":\"ReadAction\",\"target\":[\"https:\\\/\\\/fogagro.dk\\\/de\\\/spezialprodukte-fuer-fischzucht-guelletechnik-industrie-fog-agroteknik\\\/\"]}]},{\"@type\":\"BreadcrumbList\",\"@id\":\"https:\\\/\\\/fogagro.dk\\\/de\\\/spezialprodukte-fuer-fischzucht-guelletechnik-industrie-fog-agroteknik\\\/#breadcrumb\",\"itemListElement\":[{\"@type\":\"ListItem\",\"position\":1,\"name\":\"Hjem\",\"item\":\"https:\\\/\\\/fogagro.dk\\\/de\\\/\"},{\"@type\":\"ListItem\",\"position\":2,\"name\":\"Spezialit\u00e4ten-Produktionen\"}]},{\"@type\":\"WebSite\",\"@id\":\"https:\\\/\\\/fogagro.dk\\\/de\\\/#website\",\"url\":\"https:\\\/\\\/fogagro.dk\\\/de\\\/\",\"name\":\"Fog Agroteknik A\\\/S\",\"description\":\"Wir bieten Komplettl\u00f6sungen f\u00fcr das G\u00fcllemanagement in Schweinefarmen.\",\"publisher\":{\"@id\":\"https:\\\/\\\/fogagro.dk\\\/de\\\/#organization\"},\"potentialAction\":[{\"@type\":\"SearchAction\",\"target\":{\"@type\":\"EntryPoint\",\"urlTemplate\":\"https:\\\/\\\/fogagro.dk\\\/de\\\/?s={search_term_string}\"},\"query-input\":{\"@type\":\"PropertyValueSpecification\",\"valueRequired\":true,\"valueName\":\"search_term_string\"}}],\"inLanguage\":\"de\"},{\"@type\":\"Organization\",\"@id\":\"https:\\\/\\\/fogagro.dk\\\/de\\\/#organization\",\"name\":\"Fog Agroteknik A\\\/S\",\"url\":\"https:\\\/\\\/fogagro.dk\\\/de\\\/\",\"logo\":{\"@type\":\"ImageObject\",\"inLanguage\":\"de\",\"@id\":\"https:\\\/\\\/fogagro.dk\\\/de\\\/#\\\/schema\\\/logo\\\/image\\\/\",\"url\":\"https:\\\/\\\/fogagro.dk\\\/wp-content\\\/uploads\\\/2022\\\/09\\\/logo-1.png\",\"contentUrl\":\"https:\\\/\\\/fogagro.dk\\\/wp-content\\\/uploads\\\/2022\\\/09\\\/logo-1.png\",\"width\":352,\"height\":49,\"caption\":\"Fog Agroteknik A\\\/S\"},\"image\":{\"@id\":\"https:\\\/\\\/fogagro.dk\\\/de\\\/#\\\/schema\\\/logo\\\/image\\\/\"}}]}<\/script>\n<!-- \/ Yoast SEO plugin. -->","yoast_head_json":{"title":"Spezialit\u00e4ten-Produktionen &#183; Fog Agroteknik A\/S","description":"Fog Agroteknik bietet ma\u00dfgeschneiderte Spezialprodukte wie Fischpumpen, Ventile, PP-Beh\u00e4lter und pneumatische L\u00f6sungen f\u00fcr Landwirtschaft und Fischzucht. Kontaktieren Sie uns!","robots":{"index":"index","follow":"follow","max-snippet":"max-snippet:-1","max-image-preview":"max-image-preview:large","max-video-preview":"max-video-preview:-1"},"canonical":"https:\/\/fogagro.dk\/de\/spezialprodukte-fuer-fischzucht-guelletechnik-industrie-fog-agroteknik\/","og_locale":"de_DE","og_type":"article","og_title":"Spezialit\u00e4ten-Produktionen &#183; Fog Agroteknik A\/S","og_description":"Fog Agroteknik bietet ma\u00dfgeschneiderte Spezialprodukte wie Fischpumpen, Ventile, PP-Beh\u00e4lter und pneumatische L\u00f6sungen f\u00fcr Landwirtschaft und Fischzucht. Kontaktieren Sie uns!","og_url":"https:\/\/fogagro.dk\/de\/spezialprodukte-fuer-fischzucht-guelletechnik-industrie-fog-agroteknik\/","og_site_name":"Fog Agroteknik A\/S","article_modified_time":"2025-09-19T11:06:53+00:00","twitter_card":"summary_large_image","twitter_misc":{"Gesch\u00e4tzte Lesezeit":"1\u00a0Minute"},"schema":{"@context":"https:\/\/schema.org","@graph":[{"@type":"WebPage","@id":"https:\/\/fogagro.dk\/de\/spezialprodukte-fuer-fischzucht-guelletechnik-industrie-fog-agroteknik\/","url":"https:\/\/fogagro.dk\/de\/spezialprodukte-fuer-fischzucht-guelletechnik-industrie-fog-agroteknik\/","name":"Spezialit\u00e4ten-Produktionen &#183; Fog Agroteknik A\/S","isPartOf":{"@id":"https:\/\/fogagro.dk\/de\/#website"},"datePublished":"2022-09-15T10:56:23+00:00","dateModified":"2025-09-19T11:06:53+00:00","description":"Fog Agroteknik bietet ma\u00dfgeschneiderte Spezialprodukte wie Fischpumpen, Ventile, PP-Beh\u00e4lter und pneumatische L\u00f6sungen f\u00fcr Landwirtschaft und Fischzucht. Kontaktieren Sie uns!","breadcrumb":{"@id":"https:\/\/fogagro.dk\/de\/spezialprodukte-fuer-fischzucht-guelletechnik-industrie-fog-agroteknik\/#breadcrumb"},"inLanguage":"de","potentialAction":[{"@type":"ReadAction","target":["https:\/\/fogagro.dk\/de\/spezialprodukte-fuer-fischzucht-guelletechnik-industrie-fog-agroteknik\/"]}]},{"@type":"BreadcrumbList","@id":"https:\/\/fogagro.dk\/de\/spezialprodukte-fuer-fischzucht-guelletechnik-industrie-fog-agroteknik\/#breadcrumb","itemListElement":[{"@type":"ListItem","position":1,"name":"Hjem","item":"https:\/\/fogagro.dk\/de\/"},{"@type":"ListItem","position":2,"name":"Spezialit\u00e4ten-Produktionen"}]},{"@type":"WebSite","@id":"https:\/\/fogagro.dk\/de\/#website","url":"https:\/\/fogagro.dk\/de\/","name":"Fog Agroteknik A\/S","description":"Wir bieten Komplettl\u00f6sungen f\u00fcr das G\u00fcllemanagement in Schweinefarmen.","publisher":{"@id":"https:\/\/fogagro.dk\/de\/#organization"},"potentialAction":[{"@type":"SearchAction","target":{"@type":"EntryPoint","urlTemplate":"https:\/\/fogagro.dk\/de\/?s={search_term_string}"},"query-input":{"@type":"PropertyValueSpecification","valueRequired":true,"valueName":"search_term_string"}}],"inLanguage":"de"},{"@type":"Organization","@id":"https:\/\/fogagro.dk\/de\/#organization","name":"Fog Agroteknik A\/S","url":"https:\/\/fogagro.dk\/de\/","logo":{"@type":"ImageObject","inLanguage":"de","@id":"https:\/\/fogagro.dk\/de\/#\/schema\/logo\/image\/","url":"https:\/\/fogagro.dk\/wp-content\/uploads\/2022\/09\/logo-1.png","contentUrl":"https:\/\/fogagro.dk\/wp-content\/uploads\/2022\/09\/logo-1.png","width":352,"height":49,"caption":"Fog Agroteknik A\/S"},"image":{"@id":"https:\/\/fogagro.dk\/de\/#\/schema\/logo\/image\/"}}]}},"_links":{"self":[{"href":"https:\/\/fogagro.dk\/de\/wp-json\/wp\/v2\/pages\/3598","targetHints":{"allow":["GET"]}}],"collection":[{"href":"https:\/\/fogagro.dk\/de\/wp-json\/wp\/v2\/pages"}],"about":[{"href":"https:\/\/fogagro.dk\/de\/wp-json\/wp\/v2\/types\/page"}],"author":[{"embeddable":true,"href":"https:\/\/fogagro.dk\/de\/wp-json\/wp\/v2\/users\/1"}],"replies":[{"embeddable":true,"href":"https:\/\/fogagro.dk\/de\/wp-json\/wp\/v2\/comments?post=3598"}],"version-history":[{"count":8,"href":"https:\/\/fogagro.dk\/de\/wp-json\/wp\/v2\/pages\/3598\/revisions"}],"predecessor-version":[{"id":4721,"href":"https:\/\/fogagro.dk\/de\/wp-json\/wp\/v2\/pages\/3598\/revisions\/4721"}],"wp:attachment":[{"href":"https:\/\/fogagro.dk\/de\/wp-json\/wp\/v2\/media?parent=3598"}],"wp:term":[{"taxonomy":"category","embeddable":true,"href":"https:\/\/fogagro.dk\/de\/wp-json\/wp\/v2\/categories?post=3598"}],"curies":[{"name":"wp","href":"https:\/\/api.w.org\/{rel}","templated":true}]}}