{"id":3601,"date":"2022-09-15T12:56:23","date_gmt":"2022-09-15T10:56:23","guid":{"rendered":"https:\/\/fogagro.dk\/mitarbeiter\/"},"modified":"2026-04-27T08:40:06","modified_gmt":"2026-04-27T06:40:06","slug":"mitarbeiter-fog-agroteknik-team-fuer-stalltechnik","status":"publish","type":"page","link":"https:\/\/fogagro.dk\/de\/mitarbeiter-fog-agroteknik-team-fuer-stalltechnik\/","title":{"rendered":"Mitarbeiter"},"content":{"rendered":"<section class=\"wpb-content-wrapper\"><p>[vc_row full_width=&#8220;stretch_row&#8220;][vc_column]<div class=\"ult-spacer spacer-69f1d3bbed287\" data-id=\"69f1d3bbed287\" data-height=\"90\" data-height-mobile=\"60\" data-height-tab=\"90\" data-height-tab-portrait=\"60\" data-height-mobile-landscape=\"60\" style=\"clear:both;display:block;\"><\/div>[vc_column_text]<\/p>\n<h1 data-start=\"176\" data-end=\"219\">Mitarbeiter bei Fog Agroteknik D\u00e4nemark<\/h1>\n<h2 data-start=\"221\" data-end=\"261\">Ein engagiertes und erfahrenes Team<\/h2>\n<p data-start=\"262\" data-end=\"478\">Bei <strong data-start=\"266\" data-end=\"293\">Fog Agroteknik D\u00e4nemark<\/strong> sind wir stolz auf unser engagiertes und erfahrenes Team, das mit gro\u00dfem Einsatz daran arbeitet, innovative L\u00f6sungen im Bereich der Schweinestalltechnik zu entwickeln und umzusetzen.<\/p>\n<h2 data-start=\"480\" data-end=\"521\">Fachkr\u00e4fte mit umfassender Erfahrung<\/h2>\n<p data-start=\"522\" data-end=\"799\">Unser Team besteht aus Spezialisten mit fundierter Erfahrung in der Agrartechnik. Viele unserer Ingenieure und qualifizierten Techniker sind direkt an der Planung und Umsetzung individueller Projekte beteiligt, die exakt auf die Bed\u00fcrfnisse unserer Kunden zugeschnitten sind.<\/p>\n<h2 data-start=\"801\" data-end=\"836\">Praxisnah und kundenorientiert<\/h2>\n<p data-start=\"837\" data-end=\"1160\">Dieser praxisnahe Ansatz stellt sicher, dass jede von uns gelieferte L\u00f6sung funktional, effizient und nach h\u00f6chsten Qualit\u00e4tsstandards umgesetzt wird. Durch die enge Zusammenarbeit mit unseren Kunden k\u00f6nnen wir ma\u00dfgeschneiderte Ergebnisse liefern, die Tierwohl, Effizienz und Innovation in der Schweineproduktion f\u00f6rdern.<\/p>\n<h2 data-start=\"1162\" data-end=\"1195\">Lernen Sie unser Team kennen<\/h2>\n<p data-start=\"1196\" data-end=\"1433\">Ob in der Planung, Technik oder im Kundenservice \u2013 hinter jedem Projekt stehen unsere Mitarbeiter mit Know-how, Engagement und Leidenschaft f\u00fcr die Landwirtschaft. Gemeinsam setzen wir uns f\u00fcr nachhaltige und moderne Stalll\u00f6sungen ein.<\/p>\n<p>[\/vc_column_text][vc_empty_space height=&#8220;30px&#8220;][vc_row_inner][vc_column_inner][vc_column_text]<\/p>\n<h3>Management<\/h3>\n<p>[\/vc_column_text][vc_empty_space height=&#8220;30px&#8220;][vc_media_grid element_width=&#8220;2&#8243; item=&#8220;2784&#8243; grid_id=&#8220;vc_gid:1777271991428-5f887e1c-0a11-0&#8243; include=&#8220;4800,4867&#8243;][\/vc_column_inner][\/vc_row_inner][vc_empty_space height=&#8220;30px&#8220;][vc_row_inner][vc_column_inner][vc_column_text]<\/p>\n<h3>Verwaltung<\/h3>\n<p>[\/vc_column_text][vc_empty_space height=&#8220;30px&#8220;][vc_media_grid element_width=&#8220;2&#8243; item=&#8220;2784&#8243; grid_id=&#8220;vc_gid:1777271991430-4c157c03-6d10-9&#8243; include=&#8220;4645&#8243;][\/vc_column_inner][\/vc_row_inner][vc_empty_space height=&#8220;30px&#8220;][vc_row_inner][vc_column_inner][vc_column_text]<\/p>\n<h3>Technische Berater<\/h3>\n<p>[\/vc_column_text][vc_empty_space height=&#8220;30px&#8220;][vc_media_grid element_width=&#8220;2&#8243; item=&#8220;2784&#8243; grid_id=&#8220;vc_gid:1777271991431-b05cc02c-351e-10&#8243; include=&#8220;4785,4782,4779,5026&#8243;][\/vc_column_inner][\/vc_row_inner]<div class=\"ult-spacer spacer-69f1d3bbed2cc\" data-id=\"69f1d3bbed2cc\" data-height=\"90\" data-height-mobile=\"60\" data-height-tab=\"90\" data-height-tab-portrait=\"60\" data-height-mobile-landscape=\"60\" style=\"clear:both;display:block;\"><\/div>[\/vc_column][\/vc_row]<\/p>\n<\/section>","protected":false},"excerpt":{"rendered":"<p>[vc_row full_width=&#8220;stretch_row&#8220;][vc_column][vc_column_text] Mitarbeiter bei Fog Agroteknik D\u00e4nemark Ein engagiertes und erfahrenes Team Bei Fog Agroteknik D\u00e4nemark sind wir stolz auf unser engagiertes und erfahrenes Team, das mit gro\u00dfem Einsatz daran arbeitet, innovative L\u00f6sungen im Bereich der Schweinestalltechnik zu entwickeln und umzusetzen. Fachkr\u00e4fte mit umfassender Erfahrung Unser Team besteht aus Spezialisten mit fundierter Erfahrung in der &#8230; <a title=\"Mitarbeiter\" class=\"read-more\" href=\"https:\/\/fogagro.dk\/de\/mitarbeiter-fog-agroteknik-team-fuer-stalltechnik\/\" aria-label=\"Mehr zu Mitarbeiter\">Weiterlesen &#8230;<\/a><\/p>\n","protected":false},"author":1,"featured_media":0,"parent":0,"menu_order":2,"comment_status":"closed","ping_status":"closed","template":"","meta":{"footnotes":""},"categories":[],"class_list":["post-3601","page","type-page","status-publish"],"acf":[],"yoast_head":"<!-- This site is optimized with the Yoast SEO plugin v27.3 - https:\/\/yoast.com\/product\/yoast-seo-wordpress\/ -->\n<title>Mitarbeiter &#183; Fog Agroteknik A\/S<\/title>\n<meta name=\"description\" content=\"Mitarbeiter von Fog Agroteknik: engagiertes Team aus Ingenieuren und Technikern mit Erfahrung in Schweinestalltechnik und Agrarl\u00f6sungen.\" \/>\n<meta name=\"robots\" content=\"index, follow, max-snippet:-1, max-image-preview:large, max-video-preview:-1\" \/>\n<link rel=\"canonical\" href=\"https:\/\/fogagro.dk\/de\/mitarbeiter-fog-agroteknik-team-fuer-stalltechnik\/\" \/>\n<meta property=\"og:locale\" content=\"de_DE\" \/>\n<meta property=\"og:type\" content=\"article\" \/>\n<meta property=\"og:title\" content=\"Mitarbeiter &#183; Fog Agroteknik A\/S\" \/>\n<meta property=\"og:description\" content=\"Mitarbeiter von Fog Agroteknik: engagiertes Team aus Ingenieuren und Technikern mit Erfahrung in Schweinestalltechnik und Agrarl\u00f6sungen.\" \/>\n<meta property=\"og:url\" content=\"https:\/\/fogagro.dk\/de\/mitarbeiter-fog-agroteknik-team-fuer-stalltechnik\/\" \/>\n<meta property=\"og:site_name\" content=\"Fog Agroteknik A\/S\" \/>\n<meta property=\"article:modified_time\" content=\"2026-04-27T06:40:06+00:00\" \/>\n<meta name=\"twitter:card\" content=\"summary_large_image\" \/>\n<meta name=\"twitter:label1\" content=\"Gesch\u00e4tzte Lesezeit\" \/>\n\t<meta name=\"twitter:data1\" content=\"2\u00a0Minuten\" \/>\n<script type=\"application\/ld+json\" class=\"yoast-schema-graph\">{\"@context\":\"https:\\\/\\\/schema.org\",\"@graph\":[{\"@type\":\"WebPage\",\"@id\":\"https:\\\/\\\/fogagro.dk\\\/de\\\/mitarbeiter-fog-agroteknik-team-fuer-stalltechnik\\\/\",\"url\":\"https:\\\/\\\/fogagro.dk\\\/de\\\/mitarbeiter-fog-agroteknik-team-fuer-stalltechnik\\\/\",\"name\":\"Mitarbeiter &#183; Fog Agroteknik A\\\/S\",\"isPartOf\":{\"@id\":\"https:\\\/\\\/fogagro.dk\\\/de\\\/#website\"},\"datePublished\":\"2022-09-15T10:56:23+00:00\",\"dateModified\":\"2026-04-27T06:40:06+00:00\",\"description\":\"Mitarbeiter von Fog Agroteknik: engagiertes Team aus Ingenieuren und Technikern mit Erfahrung in Schweinestalltechnik und Agrarl\u00f6sungen.\",\"breadcrumb\":{\"@id\":\"https:\\\/\\\/fogagro.dk\\\/de\\\/mitarbeiter-fog-agroteknik-team-fuer-stalltechnik\\\/#breadcrumb\"},\"inLanguage\":\"de\",\"potentialAction\":[{\"@type\":\"ReadAction\",\"target\":[\"https:\\\/\\\/fogagro.dk\\\/de\\\/mitarbeiter-fog-agroteknik-team-fuer-stalltechnik\\\/\"]}]},{\"@type\":\"BreadcrumbList\",\"@id\":\"https:\\\/\\\/fogagro.dk\\\/de\\\/mitarbeiter-fog-agroteknik-team-fuer-stalltechnik\\\/#breadcrumb\",\"itemListElement\":[{\"@type\":\"ListItem\",\"position\":1,\"name\":\"Hjem\",\"item\":\"https:\\\/\\\/fogagro.dk\\\/de\\\/\"},{\"@type\":\"ListItem\",\"position\":2,\"name\":\"Mitarbeiter\"}]},{\"@type\":\"WebSite\",\"@id\":\"https:\\\/\\\/fogagro.dk\\\/de\\\/#website\",\"url\":\"https:\\\/\\\/fogagro.dk\\\/de\\\/\",\"name\":\"Fog Agroteknik A\\\/S\",\"description\":\"Wir bieten Komplettl\u00f6sungen f\u00fcr das G\u00fcllemanagement in Schweinefarmen.\",\"publisher\":{\"@id\":\"https:\\\/\\\/fogagro.dk\\\/de\\\/#organization\"},\"potentialAction\":[{\"@type\":\"SearchAction\",\"target\":{\"@type\":\"EntryPoint\",\"urlTemplate\":\"https:\\\/\\\/fogagro.dk\\\/de\\\/?s={search_term_string}\"},\"query-input\":{\"@type\":\"PropertyValueSpecification\",\"valueRequired\":true,\"valueName\":\"search_term_string\"}}],\"inLanguage\":\"de\"},{\"@type\":\"Organization\",\"@id\":\"https:\\\/\\\/fogagro.dk\\\/de\\\/#organization\",\"name\":\"Fog Agroteknik A\\\/S\",\"url\":\"https:\\\/\\\/fogagro.dk\\\/de\\\/\",\"logo\":{\"@type\":\"ImageObject\",\"inLanguage\":\"de\",\"@id\":\"https:\\\/\\\/fogagro.dk\\\/de\\\/#\\\/schema\\\/logo\\\/image\\\/\",\"url\":\"https:\\\/\\\/fogagro.dk\\\/wp-content\\\/uploads\\\/2022\\\/09\\\/logo-1.png\",\"contentUrl\":\"https:\\\/\\\/fogagro.dk\\\/wp-content\\\/uploads\\\/2022\\\/09\\\/logo-1.png\",\"width\":352,\"height\":49,\"caption\":\"Fog Agroteknik A\\\/S\"},\"image\":{\"@id\":\"https:\\\/\\\/fogagro.dk\\\/de\\\/#\\\/schema\\\/logo\\\/image\\\/\"}}]}<\/script>\n<!-- \/ Yoast SEO plugin. -->","yoast_head_json":{"title":"Mitarbeiter &#183; Fog Agroteknik A\/S","description":"Mitarbeiter von Fog Agroteknik: engagiertes Team aus Ingenieuren und Technikern mit Erfahrung in Schweinestalltechnik und Agrarl\u00f6sungen.","robots":{"index":"index","follow":"follow","max-snippet":"max-snippet:-1","max-image-preview":"max-image-preview:large","max-video-preview":"max-video-preview:-1"},"canonical":"https:\/\/fogagro.dk\/de\/mitarbeiter-fog-agroteknik-team-fuer-stalltechnik\/","og_locale":"de_DE","og_type":"article","og_title":"Mitarbeiter &#183; Fog Agroteknik A\/S","og_description":"Mitarbeiter von Fog Agroteknik: engagiertes Team aus Ingenieuren und Technikern mit Erfahrung in Schweinestalltechnik und Agrarl\u00f6sungen.","og_url":"https:\/\/fogagro.dk\/de\/mitarbeiter-fog-agroteknik-team-fuer-stalltechnik\/","og_site_name":"Fog Agroteknik A\/S","article_modified_time":"2026-04-27T06:40:06+00:00","twitter_card":"summary_large_image","twitter_misc":{"Gesch\u00e4tzte Lesezeit":"2\u00a0Minuten"},"schema":{"@context":"https:\/\/schema.org","@graph":[{"@type":"WebPage","@id":"https:\/\/fogagro.dk\/de\/mitarbeiter-fog-agroteknik-team-fuer-stalltechnik\/","url":"https:\/\/fogagro.dk\/de\/mitarbeiter-fog-agroteknik-team-fuer-stalltechnik\/","name":"Mitarbeiter &#183; Fog Agroteknik A\/S","isPartOf":{"@id":"https:\/\/fogagro.dk\/de\/#website"},"datePublished":"2022-09-15T10:56:23+00:00","dateModified":"2026-04-27T06:40:06+00:00","description":"Mitarbeiter von Fog Agroteknik: engagiertes Team aus Ingenieuren und Technikern mit Erfahrung in Schweinestalltechnik und Agrarl\u00f6sungen.","breadcrumb":{"@id":"https:\/\/fogagro.dk\/de\/mitarbeiter-fog-agroteknik-team-fuer-stalltechnik\/#breadcrumb"},"inLanguage":"de","potentialAction":[{"@type":"ReadAction","target":["https:\/\/fogagro.dk\/de\/mitarbeiter-fog-agroteknik-team-fuer-stalltechnik\/"]}]},{"@type":"BreadcrumbList","@id":"https:\/\/fogagro.dk\/de\/mitarbeiter-fog-agroteknik-team-fuer-stalltechnik\/#breadcrumb","itemListElement":[{"@type":"ListItem","position":1,"name":"Hjem","item":"https:\/\/fogagro.dk\/de\/"},{"@type":"ListItem","position":2,"name":"Mitarbeiter"}]},{"@type":"WebSite","@id":"https:\/\/fogagro.dk\/de\/#website","url":"https:\/\/fogagro.dk\/de\/","name":"Fog Agroteknik A\/S","description":"Wir bieten Komplettl\u00f6sungen f\u00fcr das G\u00fcllemanagement in Schweinefarmen.","publisher":{"@id":"https:\/\/fogagro.dk\/de\/#organization"},"potentialAction":[{"@type":"SearchAction","target":{"@type":"EntryPoint","urlTemplate":"https:\/\/fogagro.dk\/de\/?s={search_term_string}"},"query-input":{"@type":"PropertyValueSpecification","valueRequired":true,"valueName":"search_term_string"}}],"inLanguage":"de"},{"@type":"Organization","@id":"https:\/\/fogagro.dk\/de\/#organization","name":"Fog Agroteknik A\/S","url":"https:\/\/fogagro.dk\/de\/","logo":{"@type":"ImageObject","inLanguage":"de","@id":"https:\/\/fogagro.dk\/de\/#\/schema\/logo\/image\/","url":"https:\/\/fogagro.dk\/wp-content\/uploads\/2022\/09\/logo-1.png","contentUrl":"https:\/\/fogagro.dk\/wp-content\/uploads\/2022\/09\/logo-1.png","width":352,"height":49,"caption":"Fog Agroteknik A\/S"},"image":{"@id":"https:\/\/fogagro.dk\/de\/#\/schema\/logo\/image\/"}}]}},"_links":{"self":[{"href":"https:\/\/fogagro.dk\/de\/wp-json\/wp\/v2\/pages\/3601","targetHints":{"allow":["GET"]}}],"collection":[{"href":"https:\/\/fogagro.dk\/de\/wp-json\/wp\/v2\/pages"}],"about":[{"href":"https:\/\/fogagro.dk\/de\/wp-json\/wp\/v2\/types\/page"}],"author":[{"embeddable":true,"href":"https:\/\/fogagro.dk\/de\/wp-json\/wp\/v2\/users\/1"}],"replies":[{"embeddable":true,"href":"https:\/\/fogagro.dk\/de\/wp-json\/wp\/v2\/comments?post=3601"}],"version-history":[{"count":25,"href":"https:\/\/fogagro.dk\/de\/wp-json\/wp\/v2\/pages\/3601\/revisions"}],"predecessor-version":[{"id":5065,"href":"https:\/\/fogagro.dk\/de\/wp-json\/wp\/v2\/pages\/3601\/revisions\/5065"}],"wp:attachment":[{"href":"https:\/\/fogagro.dk\/de\/wp-json\/wp\/v2\/media?parent=3601"}],"wp:term":[{"taxonomy":"category","embeddable":true,"href":"https:\/\/fogagro.dk\/de\/wp-json\/wp\/v2\/categories?post=3601"}],"curies":[{"name":"wp","href":"https:\/\/api.w.org\/{rel}","templated":true}]}}