{"id":4488,"date":"2022-11-25T13:27:10","date_gmt":"2022-11-25T12:27:10","guid":{"rendered":"https:\/\/fogagro.dk\/druckrohre-und-formstuecke\/"},"modified":"2025-09-22T10:33:01","modified_gmt":"2025-09-22T08:33:01","slug":"druckrohre-und-fittings-langlebige-loesungen-fuer-landwirtschaft","status":"publish","type":"page","link":"https:\/\/fogagro.dk\/de\/druckrohre-und-fittings-langlebige-loesungen-fuer-landwirtschaft\/","title":{"rendered":"Druckrohre und Formst\u00fccke"},"content":{"rendered":"<section class=\"wpb-content-wrapper\"><p>[vc_row][vc_column]<div class=\"ult-spacer spacer-69f1bcfde3b33\" data-id=\"69f1bcfde3b33\" data-height=\"30\" data-height-mobile=\"30\" data-height-tab=\"30\" data-height-tab-portrait=\"30\" data-height-mobile-landscape=\"30\" style=\"clear:both;display:block;\"><\/div>[vc_column_text]<\/p>\n<h2 data-start=\"140\" data-end=\"218\">Druckrohre und Fittings f\u00fcr Wasser- und G\u00fcllesysteme in der Landwirtschaft<\/h2>\n<h3 data-start=\"220\" data-end=\"279\">Hochwertige Druckrohre f\u00fcr Landwirtschaft und Stallbau<\/h3>\n<p data-start=\"280\" data-end=\"580\">Wir liefern hochwertige Druckrohre und Fittings, die speziell f\u00fcr Wasser- und G\u00fcllesysteme in der Landwirtschaft entwickelt wurden. Unsere Produkte bestehen aus langlebigen Materialien, die eine hohe Dichtigkeit, Best\u00e4ndigkeit gegen Chemikalien und Druck sowie eine lange Lebensdauer gew\u00e4hrleisten.<\/p>\n<h3 data-start=\"582\" data-end=\"635\">Fittings f\u00fcr flexible und effiziente Rohrsysteme<\/h3>\n<p data-start=\"636\" data-end=\"910\">Unser Sortiment umfasst gerade Rohre, B\u00f6gen, T-St\u00fccke und \u00dcbergangsfittings \u2013 alles, was Sie f\u00fcr ein effizientes und zuverl\u00e4ssiges Rohrsystem ben\u00f6tigen. Dank der einfachen Montage lassen sich die Druckrohre schnell installieren und erfordern nur minimalen Wartungsaufwand.<\/p>\n<h3 data-start=\"912\" data-end=\"957\">Vorteile unserer Druckrohre und Fittings<\/h3>\n<h4 data-start=\"959\" data-end=\"1007\">Robust, langlebig und chemikalienbest\u00e4ndig<\/h4>\n<p data-start=\"1008\" data-end=\"1151\">Die verwendeten Materialien garantieren Stabilit\u00e4t, Widerstandsf\u00e4higkeit und eine lange Lebensdauer \u2013 auch unter anspruchsvollen Bedingungen.<\/p>\n<h4 data-start=\"1153\" data-end=\"1196\">Einfache Montage und minimale Wartung<\/h4>\n<p data-start=\"1197\" data-end=\"1325\">Unsere Systeme sind leicht zu installieren und erfordern nur geringen Wartungsaufwand, wodurch Zeit und Kosten gespart werden.<\/p>\n<h4 data-start=\"1327\" data-end=\"1375\">Flexible L\u00f6sung f\u00fcr Neubau und Renovierung<\/h4>\n<p data-start=\"1376\" data-end=\"1520\">Ob Neubau oder Renovierung von St\u00e4llen \u2013 unsere Druckrohre und Fittings sind eine vielseitige L\u00f6sung f\u00fcr moderne landwirtschaftliche Betriebe.<\/p>\n<p>[\/vc_column_text]<div class=\"ult-spacer spacer-69f1bcfde3b80\" data-id=\"69f1bcfde3b80\" data-height=\"30\" data-height-mobile=\"30\" data-height-tab=\"30\" data-height-tab-portrait=\"30\" data-height-mobile-landscape=\"30\" style=\"clear:both;display:block;\"><\/div>[\/vc_column][\/vc_row][vc_row][vc_column width=&#8220;1\/3&#8243;][vc_single_image image=&#8220;4003&#8243; img_size=&#8220;250&#215;250&#8243; alignment=&#8220;center&#8220; title=&#8220;Druckrohr&#8220;][vc_empty_space height=&#8220;30px&#8220;]<div class=\"ult_exp_section_layer ult-adjust-bottom-margin  \" >\n\t<div id=\"uvc-exp-wrap-7605\"   data-ultimate-target='#uvc-exp-wrap-7605'  data-responsive-json-new='{\"font-size\":\"desktop:20px;\",\"line-height\":\"desktop:20px;\"}'  class=\"ult_exp_section  ult-responsive \" style=\"color:#333333;background-color:#dbdbdb; font-weight:normal;  text-align:center;\" data-textcolor=\"#333333\"data-texthover=\"#333333\"data-icncolor=\"#333333\"data-ihover=\"#333333\"data-height=\"0\"data-cntbg=\"#dbdbdb\"data-cnthvrbg=\"#e5e5e5\"data-headerbg=\"#dbdbdb\"data-headerhover=\"#e5e5e5\"data-title=\"Beschreibung\"data-newtitle=\"Beschreibung\"data-icon=\"Defaults-sort-desc sort-down\"data-newicon=\"Defaults-sort-desc sort-down\"data-activeicon=\"#333333\"data-effect=\"slideToggle\"data-override=\"0\"data-activetitle=\"#333333\"data-activebg=\"#dbdbdb\"data-img=\"\"data-newimg=\"\"><div  class=\"ult_exp_section-main \">\n\t\t\t\t\t<div class=\"ult_expheader\" >Beschreibung\n\t\t\t\t\t <\/div>\t<div class=\"ult-just-icon-wrapper ult_exp_icon\">\n\t\t\t\t\t<div class=\"align-icon \">\n\t\t\t\t\t\t\n<span class=\"aio-icon  none  ult_expsection_icon \"  style=\"color:#333333;font-size:32px;display:inline-block;\">\n\t<i class=\"Defaults-sort-desc sort-down ult_ex_icon\"  ><\/i>\n<\/span>\n\t\t\t\t\t<\/div>\n\t\t\t\t<\/div><\/div>\n\t\t\t\t<\/div><div class=\"ult_exp_content \" style=\"background-color:#dbdbdb;  \"><div class=\"ult_ecpsub_cont\" style=\" \" >[vc_column_text]<\/p>\n<p style=\"text-align: left;\">961.100 \u00d8110mm *6m PN6,rot<br \/>\n961.101 \u00d8110mm *5,3mm PN10,grau<br \/>\n961.600 \u00d8160mm *6m PN6,rot<br \/>\n961.600a \u00d8200mm *6m PN6, rot<\/p>\n<p>[\/vc_column_text]<\/div><\/div>\n\n\t\t\t<\/div>[\/vc_column][vc_column width=&#8220;1\/3&#8243;][vc_single_image image=&#8220;4007&#8243; img_size=&#8220;250&#215;250&#8243; alignment=&#8220;center&#8220; title=&#8220;Druckkurven&#8220;][vc_empty_space height=&#8220;30px&#8220;]<div class=\"ult_exp_section_layer ult-adjust-bottom-margin  \" >\n\t<div id=\"uvc-exp-wrap-3618\"   data-ultimate-target='#uvc-exp-wrap-3618'  data-responsive-json-new='{\"font-size\":\"desktop:20px;\",\"line-height\":\"desktop:20px;\"}'  class=\"ult_exp_section  ult-responsive \" style=\"color:#333333;background-color:#dbdbdb; font-weight:normal;  text-align:center;\" data-textcolor=\"#333333\"data-texthover=\"#333333\"data-icncolor=\"#333333\"data-ihover=\"#333333\"data-height=\"0\"data-cntbg=\"#dbdbdb\"data-cnthvrbg=\"#e5e5e5\"data-headerbg=\"#dbdbdb\"data-headerhover=\"#e5e5e5\"data-title=\"Beschreibung\"data-newtitle=\"Beschreibung\"data-icon=\"Defaults-sort-desc sort-down\"data-newicon=\"Defaults-sort-desc sort-down\"data-activeicon=\"#333333\"data-effect=\"slideToggle\"data-override=\"0\"data-activetitle=\"#333333\"data-activebg=\"#dbdbdb\"data-img=\"\"data-newimg=\"\"><div  class=\"ult_exp_section-main \">\n\t\t\t\t\t<div class=\"ult_expheader\" >Beschreibung\n\t\t\t\t\t <\/div>\t<div class=\"ult-just-icon-wrapper ult_exp_icon\">\n\t\t\t\t\t<div class=\"align-icon \">\n\t\t\t\t\t\t\n<span class=\"aio-icon  none  ult_expsection_icon \"  style=\"color:#333333;font-size:32px;display:inline-block;\">\n\t<i class=\"Defaults-sort-desc sort-down ult_ex_icon\"  ><\/i>\n<\/span>\n\t\t\t\t\t<\/div>\n\t\t\t\t<\/div><\/div>\n\t\t\t\t<\/div><div class=\"ult_exp_content \" style=\"background-color:#dbdbdb;  \"><div class=\"ult_ecpsub_cont\" style=\" \" >[vc_column_text]<\/p>\n<p style=\"text-align: left;\">961.103 \u00d8110mm 90\u00b0 PN10<br \/>\n961.104 \u00d8110mm 45\u00b0 PN10<br \/>\n961.105 \u00d8110mm 30\u00b0 PN10<br \/>\n961.106 \u00d8110mm 22\u00b0 PN10<br \/>\n961.107 \u00d8110mm 11\u00b0 PN10<br \/>\n961.604 \u00d8160mm 90\u00b0 PN10<br \/>\n961.605 \u00d8160mm 45\u00b0 PN10<br \/>\n961.606 \u00d8160mm 30\u00b0 PN10<br \/>\n961.607 \u00d8160mm 22\u00b0 PN10<br \/>\n961.608 \u00d8160mm 11\u00b0 PN10<\/p>\n<p>[\/vc_column_text]<\/div><\/div>\n\n\t\t\t<\/div>[\/vc_column][vc_column width=&#8220;1\/3&#8243;][vc_single_image image=&#8220;4011&#8243; img_size=&#8220;250&#215;250&#8243; alignment=&#8220;center&#8220; title=&#8220;TEE dr\u00fccken&#8220;][vc_empty_space height=&#8220;30px&#8220;]<div class=\"ult_exp_section_layer ult-adjust-bottom-margin  \" >\n\t<div id=\"uvc-exp-wrap-8068\"   data-ultimate-target='#uvc-exp-wrap-8068'  data-responsive-json-new='{\"font-size\":\"desktop:20px;\",\"line-height\":\"desktop:20px;\"}'  class=\"ult_exp_section  ult-responsive \" style=\"color:#333333;background-color:#dbdbdb; font-weight:normal;  text-align:center;\" data-textcolor=\"#333333\"data-texthover=\"#333333\"data-icncolor=\"#333333\"data-ihover=\"#333333\"data-height=\"0\"data-cntbg=\"#dbdbdb\"data-cnthvrbg=\"#e5e5e5\"data-headerbg=\"#dbdbdb\"data-headerhover=\"#e5e5e5\"data-title=\"Beschreibung\"data-newtitle=\"Beschreibung\"data-icon=\"Defaults-sort-desc sort-down\"data-newicon=\"Defaults-sort-desc sort-down\"data-activeicon=\"#333333\"data-effect=\"slideToggle\"data-override=\"0\"data-activetitle=\"#333333\"data-activebg=\"#dbdbdb\"data-img=\"\"data-newimg=\"\"><div  class=\"ult_exp_section-main \">\n\t\t\t\t\t<div class=\"ult_expheader\" >Beschreibung\n\t\t\t\t\t <\/div>\t<div class=\"ult-just-icon-wrapper ult_exp_icon\">\n\t\t\t\t\t<div class=\"align-icon \">\n\t\t\t\t\t\t\n<span class=\"aio-icon  none  ult_expsection_icon \"  style=\"color:#333333;font-size:32px;display:inline-block;\">\n\t<i class=\"Defaults-sort-desc sort-down ult_ex_icon\"  ><\/i>\n<\/span>\n\t\t\t\t\t<\/div>\n\t\t\t\t<\/div><\/div>\n\t\t\t\t<\/div><div class=\"ult_exp_content \" style=\"background-color:#dbdbdb;  \"><div class=\"ult_ecpsub_cont\" style=\" \" >[vc_column_text]<\/p>\n<p style=\"text-align: left;\">961.108 \u00d8110mm m\/Gummiring PN10<br \/>\n961.609 \u00d8160mm m\/Gummiring PN10<\/p>\n<p>[\/vc_column_text]<\/div><\/div>\n\n\t\t\t<\/div>[\/vc_column][\/vc_row][vc_row][vc_column width=&#8220;1\/3&#8243;][vc_single_image image=&#8220;4015&#8243; img_size=&#8220;250&#215;250&#8243; alignment=&#8220;center&#8220; title=&#8220;Druckschiebeh\u00fclse&#8220;][vc_empty_space height=&#8220;30px&#8220;]<div class=\"ult_exp_section_layer ult-adjust-bottom-margin  \" >\n\t<div id=\"uvc-exp-wrap-4684\"   data-ultimate-target='#uvc-exp-wrap-4684'  data-responsive-json-new='{\"font-size\":\"desktop:20px;\",\"line-height\":\"desktop:20px;\"}'  class=\"ult_exp_section  ult-responsive \" style=\"color:#333333;background-color:#dbdbdb; font-weight:normal;  text-align:center;\" data-textcolor=\"#333333\"data-texthover=\"#333333\"data-icncolor=\"#333333\"data-ihover=\"#333333\"data-height=\"0\"data-cntbg=\"#dbdbdb\"data-cnthvrbg=\"#e5e5e5\"data-headerbg=\"#dbdbdb\"data-headerhover=\"#e5e5e5\"data-title=\"Beschreibung\"data-newtitle=\"Beschreibung\"data-icon=\"Defaults-sort-desc sort-down\"data-newicon=\"Defaults-sort-desc sort-down\"data-activeicon=\"#333333\"data-effect=\"slideToggle\"data-override=\"0\"data-activetitle=\"#333333\"data-activebg=\"#dbdbdb\"data-img=\"\"data-newimg=\"\"><div  class=\"ult_exp_section-main \">\n\t\t\t\t\t<div class=\"ult_expheader\" >Beschreibung\n\t\t\t\t\t <\/div>\t<div class=\"ult-just-icon-wrapper ult_exp_icon\">\n\t\t\t\t\t<div class=\"align-icon \">\n\t\t\t\t\t\t\n<span class=\"aio-icon  none  ult_expsection_icon \"  style=\"color:#333333;font-size:32px;display:inline-block;\">\n\t<i class=\"Defaults-sort-desc sort-down ult_ex_icon\"  ><\/i>\n<\/span>\n\t\t\t\t\t<\/div>\n\t\t\t\t<\/div><\/div>\n\t\t\t\t<\/div><div class=\"ult_exp_content \" style=\"background-color:#dbdbdb;  \"><div class=\"ult_ecpsub_cont\" style=\" \" >[vc_column_text]<\/p>\n<p style=\"text-align: left;\">961.102 \u00d8110mm PN10<br \/>\n961.603 \u00d8160mm PN10<\/p>\n<p>[\/vc_column_text]<\/div><\/div>\n\n\t\t\t<\/div>[\/vc_column][vc_column width=&#8220;1\/3&#8243;][vc_single_image image=&#8220;4019&#8243; img_size=&#8220;250&#215;250&#8243; alignment=&#8220;center&#8220; title=&#8220;Beschl\u00e4ge zum Kleben&#8220;][vc_empty_space height=&#8220;30px&#8220;]<div class=\"ult_exp_section_layer ult-adjust-bottom-margin  \" >\n\t<div id=\"uvc-exp-wrap-9465\"   data-ultimate-target='#uvc-exp-wrap-9465'  data-responsive-json-new='{\"font-size\":\"desktop:20px;\",\"line-height\":\"desktop:20px;\"}'  class=\"ult_exp_section  ult-responsive \" style=\"color:#333333;background-color:#dbdbdb; font-weight:normal;  text-align:center;\" data-textcolor=\"#333333\"data-texthover=\"#333333\"data-icncolor=\"#333333\"data-ihover=\"#333333\"data-height=\"0\"data-cntbg=\"#dbdbdb\"data-cnthvrbg=\"#e5e5e5\"data-headerbg=\"#dbdbdb\"data-headerhover=\"#e5e5e5\"data-title=\"Beschreibung\"data-newtitle=\"Beschreibung\"data-icon=\"Defaults-sort-desc sort-down\"data-newicon=\"Defaults-sort-desc sort-down\"data-activeicon=\"#333333\"data-effect=\"slideToggle\"data-override=\"0\"data-activetitle=\"#333333\"data-activebg=\"#dbdbdb\"data-img=\"\"data-newimg=\"\"><div  class=\"ult_exp_section-main \">\n\t\t\t\t\t<div class=\"ult_expheader\" >Beschreibung\n\t\t\t\t\t <\/div>\t<div class=\"ult-just-icon-wrapper ult_exp_icon\">\n\t\t\t\t\t<div class=\"align-icon \">\n\t\t\t\t\t\t\n<span class=\"aio-icon  none  ult_expsection_icon \"  style=\"color:#333333;font-size:32px;display:inline-block;\">\n\t<i class=\"Defaults-sort-desc sort-down ult_ex_icon\"  ><\/i>\n<\/span>\n\t\t\t\t\t<\/div>\n\t\t\t\t<\/div><\/div>\n\t\t\t\t<\/div><div class=\"ult_exp_content \" style=\"background-color:#dbdbdb;  \"><div class=\"ult_ecpsub_cont\" style=\" \" >[vc_column_text]<\/p>\n<p style=\"text-align: left;\">961.610 Leimreduzierring \u00d8160\/110mm PN10<br \/>\n45.20.11.10 Limtee \u00d8110mm 3 H\u00fclsen PN10<br \/>\n45.20.11.60 Limtee \u00d8160mm 3 H\u00fclsen PN10<br \/>\n45.20.31.55 Limtee \u00d8160x110x160mm 3 H\u00fclsen PN10<br \/>\n45.20.81.10 Limtee \u00d8110mm 45\u00b0 3 Muffen PN10<br \/>\n45.20.81.60 Limtee \u00d8160mm 45\u00b0 3 Muffen PN10<br \/>\n45.20.81.60a Limtee \u00d8160mm 45\u00b0 3 Spitzenden PN10<br \/>\n45.22.51.10 Winkel \u00d8110mm 90\u00b0 2 H\u00fclsen PN16<br \/>\n45.22.51.60 Winkel \u00d8160mm 90\u00b0 2 H\u00fclsen PN10<br \/>\n45.23.01.10 Winkel \u00d8110mm 45\u00b0 2 H\u00fclsen PN16<br \/>\n45.23.01.60 Winkel \u00d8160mm45\u00b0 2 Muffen PN10<br \/>\n961.620 PE 160mm Abzweig 45\u00b0 6 bar mit Spitzende<br \/>\n962.110 Schlauchverbinder \u00d8110mm 4&#8243;<br \/>\n962.160 Schlauchverbinder \u00d8160mm 5&#8243;<br \/>\n962.161 Schlauchverbinder \u00d8160mm 6&#8243;<\/p>\n<p>[\/vc_column_text]<\/div><\/div>\n\n\t\t\t<\/div>[\/vc_column][vc_column width=&#8220;1\/3&#8243;][vc_single_image image=&#8220;4353&#8243; img_size=&#8220;250&#215;250&#8243; alignment=&#8220;center&#8220; title=&#8220;\u00dcberpumpende Rohre&#8220;][vc_empty_space height=&#8220;30px&#8220;]<div class=\"ult_exp_section_layer ult-adjust-bottom-margin  \" >\n\t<div id=\"uvc-exp-wrap-2531\"   data-ultimate-target='#uvc-exp-wrap-2531'  data-responsive-json-new='{\"font-size\":\"desktop:20px;\",\"line-height\":\"desktop:20px;\"}'  class=\"ult_exp_section  ult-responsive \" style=\"color:#333333;background-color:#dbdbdb; font-weight:normal;  text-align:center;\" data-textcolor=\"#333333\"data-texthover=\"#333333\"data-icncolor=\"#333333\"data-ihover=\"#333333\"data-height=\"0\"data-cntbg=\"#dbdbdb\"data-cnthvrbg=\"#e5e5e5\"data-headerbg=\"#dbdbdb\"data-headerhover=\"#e5e5e5\"data-title=\"Beschreibung\"data-newtitle=\"Beschreibung\"data-icon=\"Defaults-sort-desc sort-down\"data-newicon=\"Defaults-sort-desc sort-down\"data-activeicon=\"#333333\"data-effect=\"slideToggle\"data-override=\"0\"data-activetitle=\"#333333\"data-activebg=\"#dbdbdb\"data-img=\"\"data-newimg=\"\"><div  class=\"ult_exp_section-main \">\n\t\t\t\t\t<div class=\"ult_expheader\" >Beschreibung\n\t\t\t\t\t <\/div>\t<div class=\"ult-just-icon-wrapper ult_exp_icon\">\n\t\t\t\t\t<div class=\"align-icon \">\n\t\t\t\t\t\t\n<span class=\"aio-icon  none  ult_expsection_icon \"  style=\"color:#333333;font-size:32px;display:inline-block;\">\n\t<i class=\"Defaults-sort-desc sort-down ult_ex_icon\"  ><\/i>\n<\/span>\n\t\t\t\t\t<\/div>\n\t\t\t\t<\/div><\/div>\n\t\t\t\t<\/div><div class=\"ult_exp_content \" style=\"background-color:#dbdbdb;  \"><div class=\"ult_ecpsub_cont\" style=\" \" >[vc_column_text]<\/p>\n<p style=\"text-align: left;\">961.611 Verzinkt 6&#8243;\/160mm &#8211; 4m.<br \/>\n961.613 PE \u00d8160mm inkl. Fittings<br \/>\n961.615 PE, Tank mit Zelt inkl. Fittings<br \/>\n961.615a PE, Tank mit Zelt ohne Fittings<br \/>\n961.615b Fittings (2St.) f\u00fcr \u00dcberpumpleitung PE mit Zelt<\/p>\n<p>[\/vc_column_text]<\/div><\/div>\n\n\t\t\t<\/div>[\/vc_column][\/vc_row][vc_row][vc_column][vc_column_text]<\/p>\n<h2>Kontaktieren Sie uns und erfahren Sie mehr<\/h2>\n<p>Ben\u00f6tigen Sie Druckrohre, Fittings oder komplette Rohrsysteme f\u00fcr Ihre Installation? Oder m\u00f6chten Sie mehr dar\u00fcber erfahren, wie wir Ihnen helfen k\u00f6nnen, die richtige L\u00f6sung zu finden? Unsere Spezialisten beraten Sie gerne und sorgen daf\u00fcr, dass Sie genau die Produkte erhalten, die Ihren Bed\u00fcrfnissen und Anforderungen entsprechen. Sie sind immer willkommen, <a href=\"https:\/\/fogagro.dk\/kontakt\/\">uns f\u00fcr ein unverbindliches Gespr\u00e4ch zu kontaktieren <\/a>. Auf dieser Seite k\u00f6nnen Sie auch unsere <a href=\"https:\/\/fogagro.dk\/produkter\/\">anderen Produkte<\/a> sehen, einschlie\u00dflich <a href=\"https:\/\/fogagro.dk\/traekogslip\/\">Pull and Release<\/a> und <a href=\"https:\/\/fogagro.dk\/ventiler\/\">Ventile.<\/a><\/p>\n<p>&nbsp;<\/p>\n<p>[\/vc_column_text][\/vc_column][\/vc_row]<\/p>\n<\/section>","protected":false},"excerpt":{"rendered":"<p>[vc_row][vc_column][vc_column_text] Druckrohre und Fittings f\u00fcr Wasser- und G\u00fcllesysteme in der Landwirtschaft Hochwertige Druckrohre f\u00fcr Landwirtschaft und Stallbau Wir liefern hochwertige Druckrohre und Fittings, die speziell f\u00fcr Wasser- und G\u00fcllesysteme in der Landwirtschaft entwickelt wurden. Unsere Produkte bestehen aus langlebigen Materialien, die eine hohe Dichtigkeit, Best\u00e4ndigkeit gegen Chemikalien und Druck sowie eine lange Lebensdauer gew\u00e4hrleisten. Fittings &#8230; <a title=\"Druckrohre und Formst\u00fccke\" class=\"read-more\" href=\"https:\/\/fogagro.dk\/de\/druckrohre-und-fittings-langlebige-loesungen-fuer-landwirtschaft\/\" aria-label=\"Mehr zu Druckrohre und Formst\u00fccke\">Weiterlesen &#8230;<\/a><\/p>\n","protected":false},"author":2,"featured_media":0,"parent":0,"menu_order":0,"comment_status":"closed","ping_status":"closed","template":"","meta":{"footnotes":""},"categories":[],"class_list":["post-4488","page","type-page","status-publish"],"acf":[],"yoast_head":"<!-- This site is optimized with the Yoast SEO plugin v27.3 - https:\/\/yoast.com\/product\/yoast-seo-wordpress\/ -->\n<title>Druckrohre und Formst\u00fccke &#183; Fog Agroteknik A\/S<\/title>\n<meta name=\"description\" content=\"Hochwertige Druckrohre und Fittings f\u00fcr Wasser- und G\u00fcllesysteme: robust, chemikalienbest\u00e4ndig und einfach zu installieren \u2013 ideal f\u00fcr Landwirtschaft.\" \/>\n<meta name=\"robots\" content=\"index, follow, max-snippet:-1, max-image-preview:large, max-video-preview:-1\" \/>\n<link rel=\"canonical\" href=\"https:\/\/fogagro.dk\/de\/druckrohre-und-fittings-langlebige-loesungen-fuer-landwirtschaft\/\" \/>\n<meta property=\"og:locale\" content=\"de_DE\" \/>\n<meta property=\"og:type\" content=\"article\" \/>\n<meta property=\"og:title\" content=\"Druckrohre und Formst\u00fccke &#183; Fog Agroteknik A\/S\" \/>\n<meta property=\"og:description\" content=\"Hochwertige Druckrohre und Fittings f\u00fcr Wasser- und G\u00fcllesysteme: robust, chemikalienbest\u00e4ndig und einfach zu installieren \u2013 ideal f\u00fcr Landwirtschaft.\" \/>\n<meta property=\"og:url\" content=\"https:\/\/fogagro.dk\/de\/druckrohre-und-fittings-langlebige-loesungen-fuer-landwirtschaft\/\" \/>\n<meta property=\"og:site_name\" content=\"Fog Agroteknik A\/S\" \/>\n<meta property=\"article:modified_time\" content=\"2025-09-22T08:33:01+00:00\" \/>\n<meta name=\"twitter:card\" content=\"summary_large_image\" \/>\n<meta name=\"twitter:label1\" content=\"Gesch\u00e4tzte Lesezeit\" \/>\n\t<meta name=\"twitter:data1\" content=\"3\u00a0Minuten\" \/>\n<script type=\"application\/ld+json\" class=\"yoast-schema-graph\">{\"@context\":\"https:\\\/\\\/schema.org\",\"@graph\":[{\"@type\":\"WebPage\",\"@id\":\"https:\\\/\\\/fogagro.dk\\\/de\\\/druckrohre-und-fittings-langlebige-loesungen-fuer-landwirtschaft\\\/\",\"url\":\"https:\\\/\\\/fogagro.dk\\\/de\\\/druckrohre-und-fittings-langlebige-loesungen-fuer-landwirtschaft\\\/\",\"name\":\"Druckrohre und Formst\u00fccke &#183; Fog Agroteknik A\\\/S\",\"isPartOf\":{\"@id\":\"https:\\\/\\\/fogagro.dk\\\/de\\\/#website\"},\"datePublished\":\"2022-11-25T12:27:10+00:00\",\"dateModified\":\"2025-09-22T08:33:01+00:00\",\"description\":\"Hochwertige Druckrohre und Fittings f\u00fcr Wasser- und G\u00fcllesysteme: robust, chemikalienbest\u00e4ndig und einfach zu installieren \u2013 ideal f\u00fcr Landwirtschaft.\",\"breadcrumb\":{\"@id\":\"https:\\\/\\\/fogagro.dk\\\/de\\\/druckrohre-und-fittings-langlebige-loesungen-fuer-landwirtschaft\\\/#breadcrumb\"},\"inLanguage\":\"de\",\"potentialAction\":[{\"@type\":\"ReadAction\",\"target\":[\"https:\\\/\\\/fogagro.dk\\\/de\\\/druckrohre-und-fittings-langlebige-loesungen-fuer-landwirtschaft\\\/\"]}]},{\"@type\":\"BreadcrumbList\",\"@id\":\"https:\\\/\\\/fogagro.dk\\\/de\\\/druckrohre-und-fittings-langlebige-loesungen-fuer-landwirtschaft\\\/#breadcrumb\",\"itemListElement\":[{\"@type\":\"ListItem\",\"position\":1,\"name\":\"Hjem\",\"item\":\"https:\\\/\\\/fogagro.dk\\\/de\\\/\"},{\"@type\":\"ListItem\",\"position\":2,\"name\":\"Druckrohre und Formst\u00fccke\"}]},{\"@type\":\"WebSite\",\"@id\":\"https:\\\/\\\/fogagro.dk\\\/de\\\/#website\",\"url\":\"https:\\\/\\\/fogagro.dk\\\/de\\\/\",\"name\":\"Fog Agroteknik A\\\/S\",\"description\":\"Wir bieten Komplettl\u00f6sungen f\u00fcr das G\u00fcllemanagement in Schweinefarmen.\",\"publisher\":{\"@id\":\"https:\\\/\\\/fogagro.dk\\\/de\\\/#organization\"},\"potentialAction\":[{\"@type\":\"SearchAction\",\"target\":{\"@type\":\"EntryPoint\",\"urlTemplate\":\"https:\\\/\\\/fogagro.dk\\\/de\\\/?s={search_term_string}\"},\"query-input\":{\"@type\":\"PropertyValueSpecification\",\"valueRequired\":true,\"valueName\":\"search_term_string\"}}],\"inLanguage\":\"de\"},{\"@type\":\"Organization\",\"@id\":\"https:\\\/\\\/fogagro.dk\\\/de\\\/#organization\",\"name\":\"Fog Agroteknik A\\\/S\",\"url\":\"https:\\\/\\\/fogagro.dk\\\/de\\\/\",\"logo\":{\"@type\":\"ImageObject\",\"inLanguage\":\"de\",\"@id\":\"https:\\\/\\\/fogagro.dk\\\/de\\\/#\\\/schema\\\/logo\\\/image\\\/\",\"url\":\"https:\\\/\\\/fogagro.dk\\\/wp-content\\\/uploads\\\/2022\\\/09\\\/logo-1.png\",\"contentUrl\":\"https:\\\/\\\/fogagro.dk\\\/wp-content\\\/uploads\\\/2022\\\/09\\\/logo-1.png\",\"width\":352,\"height\":49,\"caption\":\"Fog Agroteknik A\\\/S\"},\"image\":{\"@id\":\"https:\\\/\\\/fogagro.dk\\\/de\\\/#\\\/schema\\\/logo\\\/image\\\/\"}}]}<\/script>\n<!-- \/ Yoast SEO plugin. -->","yoast_head_json":{"title":"Druckrohre und Formst\u00fccke &#183; Fog Agroteknik A\/S","description":"Hochwertige Druckrohre und Fittings f\u00fcr Wasser- und G\u00fcllesysteme: robust, chemikalienbest\u00e4ndig und einfach zu installieren \u2013 ideal f\u00fcr Landwirtschaft.","robots":{"index":"index","follow":"follow","max-snippet":"max-snippet:-1","max-image-preview":"max-image-preview:large","max-video-preview":"max-video-preview:-1"},"canonical":"https:\/\/fogagro.dk\/de\/druckrohre-und-fittings-langlebige-loesungen-fuer-landwirtschaft\/","og_locale":"de_DE","og_type":"article","og_title":"Druckrohre und Formst\u00fccke &#183; Fog Agroteknik A\/S","og_description":"Hochwertige Druckrohre und Fittings f\u00fcr Wasser- und G\u00fcllesysteme: robust, chemikalienbest\u00e4ndig und einfach zu installieren \u2013 ideal f\u00fcr Landwirtschaft.","og_url":"https:\/\/fogagro.dk\/de\/druckrohre-und-fittings-langlebige-loesungen-fuer-landwirtschaft\/","og_site_name":"Fog Agroteknik A\/S","article_modified_time":"2025-09-22T08:33:01+00:00","twitter_card":"summary_large_image","twitter_misc":{"Gesch\u00e4tzte Lesezeit":"3\u00a0Minuten"},"schema":{"@context":"https:\/\/schema.org","@graph":[{"@type":"WebPage","@id":"https:\/\/fogagro.dk\/de\/druckrohre-und-fittings-langlebige-loesungen-fuer-landwirtschaft\/","url":"https:\/\/fogagro.dk\/de\/druckrohre-und-fittings-langlebige-loesungen-fuer-landwirtschaft\/","name":"Druckrohre und Formst\u00fccke &#183; Fog Agroteknik A\/S","isPartOf":{"@id":"https:\/\/fogagro.dk\/de\/#website"},"datePublished":"2022-11-25T12:27:10+00:00","dateModified":"2025-09-22T08:33:01+00:00","description":"Hochwertige Druckrohre und Fittings f\u00fcr Wasser- und G\u00fcllesysteme: robust, chemikalienbest\u00e4ndig und einfach zu installieren \u2013 ideal f\u00fcr Landwirtschaft.","breadcrumb":{"@id":"https:\/\/fogagro.dk\/de\/druckrohre-und-fittings-langlebige-loesungen-fuer-landwirtschaft\/#breadcrumb"},"inLanguage":"de","potentialAction":[{"@type":"ReadAction","target":["https:\/\/fogagro.dk\/de\/druckrohre-und-fittings-langlebige-loesungen-fuer-landwirtschaft\/"]}]},{"@type":"BreadcrumbList","@id":"https:\/\/fogagro.dk\/de\/druckrohre-und-fittings-langlebige-loesungen-fuer-landwirtschaft\/#breadcrumb","itemListElement":[{"@type":"ListItem","position":1,"name":"Hjem","item":"https:\/\/fogagro.dk\/de\/"},{"@type":"ListItem","position":2,"name":"Druckrohre und Formst\u00fccke"}]},{"@type":"WebSite","@id":"https:\/\/fogagro.dk\/de\/#website","url":"https:\/\/fogagro.dk\/de\/","name":"Fog Agroteknik A\/S","description":"Wir bieten Komplettl\u00f6sungen f\u00fcr das G\u00fcllemanagement in Schweinefarmen.","publisher":{"@id":"https:\/\/fogagro.dk\/de\/#organization"},"potentialAction":[{"@type":"SearchAction","target":{"@type":"EntryPoint","urlTemplate":"https:\/\/fogagro.dk\/de\/?s={search_term_string}"},"query-input":{"@type":"PropertyValueSpecification","valueRequired":true,"valueName":"search_term_string"}}],"inLanguage":"de"},{"@type":"Organization","@id":"https:\/\/fogagro.dk\/de\/#organization","name":"Fog Agroteknik A\/S","url":"https:\/\/fogagro.dk\/de\/","logo":{"@type":"ImageObject","inLanguage":"de","@id":"https:\/\/fogagro.dk\/de\/#\/schema\/logo\/image\/","url":"https:\/\/fogagro.dk\/wp-content\/uploads\/2022\/09\/logo-1.png","contentUrl":"https:\/\/fogagro.dk\/wp-content\/uploads\/2022\/09\/logo-1.png","width":352,"height":49,"caption":"Fog Agroteknik A\/S"},"image":{"@id":"https:\/\/fogagro.dk\/de\/#\/schema\/logo\/image\/"}}]}},"_links":{"self":[{"href":"https:\/\/fogagro.dk\/de\/wp-json\/wp\/v2\/pages\/4488","targetHints":{"allow":["GET"]}}],"collection":[{"href":"https:\/\/fogagro.dk\/de\/wp-json\/wp\/v2\/pages"}],"about":[{"href":"https:\/\/fogagro.dk\/de\/wp-json\/wp\/v2\/types\/page"}],"author":[{"embeddable":true,"href":"https:\/\/fogagro.dk\/de\/wp-json\/wp\/v2\/users\/2"}],"replies":[{"embeddable":true,"href":"https:\/\/fogagro.dk\/de\/wp-json\/wp\/v2\/comments?post=4488"}],"version-history":[{"count":13,"href":"https:\/\/fogagro.dk\/de\/wp-json\/wp\/v2\/pages\/4488\/revisions"}],"predecessor-version":[{"id":4735,"href":"https:\/\/fogagro.dk\/de\/wp-json\/wp\/v2\/pages\/4488\/revisions\/4735"}],"wp:attachment":[{"href":"https:\/\/fogagro.dk\/de\/wp-json\/wp\/v2\/media?parent=4488"}],"wp:term":[{"taxonomy":"category","embeddable":true,"href":"https:\/\/fogagro.dk\/de\/wp-json\/wp\/v2\/categories?post=4488"}],"curies":[{"name":"wp","href":"https:\/\/api.w.org\/{rel}","templated":true}]}}