{"id":4502,"date":"2022-11-25T11:33:05","date_gmt":"2022-11-25T10:33:05","guid":{"rendered":"https:\/\/fogagro.dk\/dreieckige-gitter\/"},"modified":"2025-09-22T10:41:51","modified_gmt":"2025-09-22T08:41:51","slug":"dreiecksroste-robuste-bodenroste-fuer-stallbau-landwirtschaft","status":"publish","type":"page","link":"https:\/\/fogagro.dk\/de\/dreiecksroste-robuste-bodenroste-fuer-stallbau-landwirtschaft\/","title":{"rendered":"Dreieckige Gitter"},"content":{"rendered":"<section class=\"wpb-content-wrapper\"><p>[vc_row][vc_column]<div class=\"ult-spacer spacer-69f1f325c3302\" data-id=\"69f1f325c3302\" data-height=\"30\" data-height-mobile=\"30\" data-height-tab=\"30\" data-height-tab-portrait=\"30\" data-height-mobile-landscape=\"30\" style=\"clear:both;display:block;\"><\/div>[vc_column_text]<\/p>\n<h1 data-start=\"188\" data-end=\"237\">Dreiecksroste f\u00fcr Stallbau und Landwirtschaft<\/h1>\n<h2 data-start=\"239\" data-end=\"285\">Robuste Bodenroste mit dreieckigem Profil<\/h2>\n<p data-start=\"286\" data-end=\"666\"><strong data-start=\"286\" data-end=\"303\">Dreiecksroste<\/strong> sind stabile Bodenroste mit einem charakteristischen dreieckigen Profil, das f\u00fcr hohe Festigkeit und Stabilit\u00e4t sorgt. Die offene Konstruktion erm\u00f6glicht eine effiziente Entw\u00e4sserung und eine einfache Reinigung. Dadurch eignen sich Dreiecksroste besonders f\u00fcr Stallumgebungen, Waschbereiche und andere Bereiche mit hohen Anforderungen an Hygiene und Belastung.<\/p>\n<h2 data-start=\"668\" data-end=\"719\">Effiziente Entw\u00e4sserung und hohe Belastbarkeit<\/h2>\n<p data-start=\"720\" data-end=\"936\">Das Gitter ist so konstruiert, dass es sowohl starker Abnutzung als auch gro\u00dfen Fl\u00fcssigkeitsmengen standh\u00e4lt. Die dreieckige Form minimiert die Gefahr von Verstopfungen und gew\u00e4hrleistet einen zuverl\u00e4ssigen Ablauf.<\/p>\n<h2 data-start=\"938\" data-end=\"976\">Einsatzbereiche der Dreiecksroste<\/h2>\n<p data-start=\"977\" data-end=\"1212\">Dreiecksroste werden h\u00e4ufig in Schweinest\u00e4llen und in der Landwirtschaft eingesetzt. Dar\u00fcber hinaus finden sie auch in der Industrie und im verarbeitenden Gewerbe Anwendung, wo Entw\u00e4sserung, Hygiene und Haltbarkeit entscheidend sind.<\/p>\n<p>[\/vc_column_text]<div class=\"ult-spacer spacer-69f1f325c334e\" data-id=\"69f1f325c334e\" data-height=\"30\" data-height-mobile=\"30\" data-height-tab=\"30\" data-height-tab-portrait=\"30\" data-height-mobile-landscape=\"30\" style=\"clear:both;display:block;\"><\/div>[\/vc_column][\/vc_row][vc_row][vc_column width=&#8220;1\/3&#8243;][vc_single_image image=&#8220;4333&#8243; img_size=&#8220;250&#215;250&#8243; alignment=&#8220;center&#8220; title=&#8220;Dreiecksgitter&#8220;][vc_empty_space height=&#8220;30px&#8220;]<div class=\"ult_exp_section_layer ult-adjust-bottom-margin  \" >\n\t<div id=\"uvc-exp-wrap-1600\"   data-ultimate-target='#uvc-exp-wrap-1600'  data-responsive-json-new='{\"font-size\":\"desktop:20px;\",\"line-height\":\"desktop:20px;\"}'  class=\"ult_exp_section  ult-responsive \" style=\"color:#333333;background-color:#dbdbdb; font-weight:normal;  text-align:center;\" data-textcolor=\"#333333\"data-texthover=\"#333333\"data-icncolor=\"#333333\"data-ihover=\"#333333\"data-height=\"0\"data-cntbg=\"#dbdbdb\"data-cnthvrbg=\"#e5e5e5\"data-headerbg=\"#dbdbdb\"data-headerhover=\"#e5e5e5\"data-title=\"Beschreibung\"data-newtitle=\"Beschreibung\"data-icon=\"Defaults-sort-desc sort-down\"data-newicon=\"Defaults-sort-desc sort-down\"data-activeicon=\"#333333\"data-effect=\"slideToggle\"data-override=\"0\"data-activetitle=\"#333333\"data-activebg=\"#dbdbdb\"data-img=\"\"data-newimg=\"\"><div  class=\"ult_exp_section-main \">\n\t\t\t\t\t<div class=\"ult_expheader\" >Beschreibung\n\t\t\t\t\t <\/div>\t<div class=\"ult-just-icon-wrapper ult_exp_icon\">\n\t\t\t\t\t<div class=\"align-icon \">\n\t\t\t\t\t\t\n<span class=\"aio-icon  none  ult_expsection_icon \"  style=\"color:#333333;font-size:32px;display:inline-block;\">\n\t<i class=\"Defaults-sort-desc sort-down ult_ex_icon\"  ><\/i>\n<\/span>\n\t\t\t\t\t<\/div>\n\t\t\t\t<\/div><\/div>\n\t\t\t\t<\/div><div class=\"ult_exp_content \" style=\"background-color:#dbdbdb;  \"><div class=\"ult_ecpsub_cont\" style=\" \" >[vc_column_text]<\/p>\n<p style=\"text-align: left;\">370.250 Dreiecksgitter 10\/10 nach Ma\u00df<br \/>\n370.255 Dreiecksgitter 12\/12 nach Ma\u00df<\/p>\n<p>[\/vc_column_text]<\/div><\/div>\n\n\t\t\t<\/div>[\/vc_column][vc_column width=&#8220;1\/3&#8243;][\/vc_column][vc_column width=&#8220;1\/3&#8243;][\/vc_column][\/vc_row][vc_row][vc_column][vc_column_text]<\/p>\n<h2>Kontaktieren Sie uns und erfahren Sie mehr<\/h2>\n<p>Ben\u00f6tigen Sie Dreiecksgitter? Oder m\u00f6chten Sie mehr dar\u00fcber erfahren, wie wir Ihnen helfen k\u00f6nnen? Dann sind Sie herzlich eingeladen, <a href=\"https:\/\/fogagro.dk\/kontakt\/\">uns zu kontaktieren<\/a>. Unsere Experten k\u00f6nnen Ihnen helfen, das richtige Produkt f\u00fcr Ihre Bed\u00fcrfnisse zu finden. Auf dieser Seite k\u00f6nnen Sie auch unsere <a href=\"https:\/\/fogagro.dk\/produkter\/\">anderen Produkte<\/a> sehen, darunter <a href=\"https:\/\/fogagro.dk\/traekogslip\/\">Pull and Release<\/a> und <a href=\"https:\/\/fogagro.dk\/hjaelpemidler-i-stalden\/\">Stallhilfen<\/a>.<\/p>\n<p>&nbsp;<\/p>\n<p>&nbsp;<\/p>\n<p>&nbsp;<\/p>\n<p>[\/vc_column_text][\/vc_column][\/vc_row]<\/p>\n<\/section>","protected":false},"excerpt":{"rendered":"<p>[vc_row][vc_column][vc_column_text] Dreiecksroste f\u00fcr Stallbau und Landwirtschaft Robuste Bodenroste mit dreieckigem Profil Dreiecksroste sind stabile Bodenroste mit einem charakteristischen dreieckigen Profil, das f\u00fcr hohe Festigkeit und Stabilit\u00e4t sorgt. Die offene Konstruktion erm\u00f6glicht eine effiziente Entw\u00e4sserung und eine einfache Reinigung. Dadurch eignen sich Dreiecksroste besonders f\u00fcr Stallumgebungen, Waschbereiche und andere Bereiche mit hohen Anforderungen an Hygiene und &#8230; <a title=\"Dreieckige Gitter\" class=\"read-more\" href=\"https:\/\/fogagro.dk\/de\/dreiecksroste-robuste-bodenroste-fuer-stallbau-landwirtschaft\/\" aria-label=\"Mehr zu Dreieckige Gitter\">Weiterlesen &#8230;<\/a><\/p>\n","protected":false},"author":2,"featured_media":0,"parent":0,"menu_order":0,"comment_status":"closed","ping_status":"closed","template":"","meta":{"footnotes":""},"categories":[],"class_list":["post-4502","page","type-page","status-publish"],"acf":[],"yoast_head":"<!-- This site is optimized with the Yoast SEO plugin v27.3 - https:\/\/yoast.com\/product\/yoast-seo-wordpress\/ -->\n<title>Dreieckige Gitter &#183; Fog Agroteknik A\/S<\/title>\n<meta name=\"description\" content=\"Dreiecksroste mit dreieckigem Profil: robust, belastbar und hygienisch. Ideal f\u00fcr Stallbau, Waschbereiche, Landwirtschaft und Industrie.\" \/>\n<meta name=\"robots\" content=\"index, follow, max-snippet:-1, max-image-preview:large, max-video-preview:-1\" \/>\n<link rel=\"canonical\" href=\"https:\/\/fogagro.dk\/de\/dreiecksroste-robuste-bodenroste-fuer-stallbau-landwirtschaft\/\" \/>\n<meta property=\"og:locale\" content=\"de_DE\" \/>\n<meta property=\"og:type\" content=\"article\" \/>\n<meta property=\"og:title\" content=\"Dreieckige Gitter &#183; Fog Agroteknik A\/S\" \/>\n<meta property=\"og:description\" content=\"Dreiecksroste mit dreieckigem Profil: robust, belastbar und hygienisch. Ideal f\u00fcr Stallbau, Waschbereiche, Landwirtschaft und Industrie.\" \/>\n<meta property=\"og:url\" content=\"https:\/\/fogagro.dk\/de\/dreiecksroste-robuste-bodenroste-fuer-stallbau-landwirtschaft\/\" \/>\n<meta property=\"og:site_name\" content=\"Fog Agroteknik A\/S\" \/>\n<meta property=\"article:modified_time\" content=\"2025-09-22T08:41:51+00:00\" \/>\n<meta name=\"twitter:card\" content=\"summary_large_image\" \/>\n<meta name=\"twitter:label1\" content=\"Gesch\u00e4tzte Lesezeit\" \/>\n\t<meta name=\"twitter:data1\" content=\"2\u00a0Minuten\" \/>\n<script type=\"application\/ld+json\" class=\"yoast-schema-graph\">{\"@context\":\"https:\\\/\\\/schema.org\",\"@graph\":[{\"@type\":\"WebPage\",\"@id\":\"https:\\\/\\\/fogagro.dk\\\/de\\\/dreiecksroste-robuste-bodenroste-fuer-stallbau-landwirtschaft\\\/\",\"url\":\"https:\\\/\\\/fogagro.dk\\\/de\\\/dreiecksroste-robuste-bodenroste-fuer-stallbau-landwirtschaft\\\/\",\"name\":\"Dreieckige Gitter &#183; Fog Agroteknik A\\\/S\",\"isPartOf\":{\"@id\":\"https:\\\/\\\/fogagro.dk\\\/de\\\/#website\"},\"datePublished\":\"2022-11-25T10:33:05+00:00\",\"dateModified\":\"2025-09-22T08:41:51+00:00\",\"description\":\"Dreiecksroste mit dreieckigem Profil: robust, belastbar und hygienisch. Ideal f\u00fcr Stallbau, Waschbereiche, Landwirtschaft und Industrie.\",\"breadcrumb\":{\"@id\":\"https:\\\/\\\/fogagro.dk\\\/de\\\/dreiecksroste-robuste-bodenroste-fuer-stallbau-landwirtschaft\\\/#breadcrumb\"},\"inLanguage\":\"de\",\"potentialAction\":[{\"@type\":\"ReadAction\",\"target\":[\"https:\\\/\\\/fogagro.dk\\\/de\\\/dreiecksroste-robuste-bodenroste-fuer-stallbau-landwirtschaft\\\/\"]}]},{\"@type\":\"BreadcrumbList\",\"@id\":\"https:\\\/\\\/fogagro.dk\\\/de\\\/dreiecksroste-robuste-bodenroste-fuer-stallbau-landwirtschaft\\\/#breadcrumb\",\"itemListElement\":[{\"@type\":\"ListItem\",\"position\":1,\"name\":\"Hjem\",\"item\":\"https:\\\/\\\/fogagro.dk\\\/de\\\/\"},{\"@type\":\"ListItem\",\"position\":2,\"name\":\"Dreieckige Gitter\"}]},{\"@type\":\"WebSite\",\"@id\":\"https:\\\/\\\/fogagro.dk\\\/de\\\/#website\",\"url\":\"https:\\\/\\\/fogagro.dk\\\/de\\\/\",\"name\":\"Fog Agroteknik A\\\/S\",\"description\":\"Wir bieten Komplettl\u00f6sungen f\u00fcr das G\u00fcllemanagement in Schweinefarmen.\",\"publisher\":{\"@id\":\"https:\\\/\\\/fogagro.dk\\\/de\\\/#organization\"},\"potentialAction\":[{\"@type\":\"SearchAction\",\"target\":{\"@type\":\"EntryPoint\",\"urlTemplate\":\"https:\\\/\\\/fogagro.dk\\\/de\\\/?s={search_term_string}\"},\"query-input\":{\"@type\":\"PropertyValueSpecification\",\"valueRequired\":true,\"valueName\":\"search_term_string\"}}],\"inLanguage\":\"de\"},{\"@type\":\"Organization\",\"@id\":\"https:\\\/\\\/fogagro.dk\\\/de\\\/#organization\",\"name\":\"Fog Agroteknik A\\\/S\",\"url\":\"https:\\\/\\\/fogagro.dk\\\/de\\\/\",\"logo\":{\"@type\":\"ImageObject\",\"inLanguage\":\"de\",\"@id\":\"https:\\\/\\\/fogagro.dk\\\/de\\\/#\\\/schema\\\/logo\\\/image\\\/\",\"url\":\"https:\\\/\\\/fogagro.dk\\\/wp-content\\\/uploads\\\/2022\\\/09\\\/logo-1.png\",\"contentUrl\":\"https:\\\/\\\/fogagro.dk\\\/wp-content\\\/uploads\\\/2022\\\/09\\\/logo-1.png\",\"width\":352,\"height\":49,\"caption\":\"Fog Agroteknik A\\\/S\"},\"image\":{\"@id\":\"https:\\\/\\\/fogagro.dk\\\/de\\\/#\\\/schema\\\/logo\\\/image\\\/\"}}]}<\/script>\n<!-- \/ Yoast SEO plugin. -->","yoast_head_json":{"title":"Dreieckige Gitter &#183; Fog Agroteknik A\/S","description":"Dreiecksroste mit dreieckigem Profil: robust, belastbar und hygienisch. Ideal f\u00fcr Stallbau, Waschbereiche, Landwirtschaft und Industrie.","robots":{"index":"index","follow":"follow","max-snippet":"max-snippet:-1","max-image-preview":"max-image-preview:large","max-video-preview":"max-video-preview:-1"},"canonical":"https:\/\/fogagro.dk\/de\/dreiecksroste-robuste-bodenroste-fuer-stallbau-landwirtschaft\/","og_locale":"de_DE","og_type":"article","og_title":"Dreieckige Gitter &#183; Fog Agroteknik A\/S","og_description":"Dreiecksroste mit dreieckigem Profil: robust, belastbar und hygienisch. Ideal f\u00fcr Stallbau, Waschbereiche, Landwirtschaft und Industrie.","og_url":"https:\/\/fogagro.dk\/de\/dreiecksroste-robuste-bodenroste-fuer-stallbau-landwirtschaft\/","og_site_name":"Fog Agroteknik A\/S","article_modified_time":"2025-09-22T08:41:51+00:00","twitter_card":"summary_large_image","twitter_misc":{"Gesch\u00e4tzte Lesezeit":"2\u00a0Minuten"},"schema":{"@context":"https:\/\/schema.org","@graph":[{"@type":"WebPage","@id":"https:\/\/fogagro.dk\/de\/dreiecksroste-robuste-bodenroste-fuer-stallbau-landwirtschaft\/","url":"https:\/\/fogagro.dk\/de\/dreiecksroste-robuste-bodenroste-fuer-stallbau-landwirtschaft\/","name":"Dreieckige Gitter &#183; Fog Agroteknik A\/S","isPartOf":{"@id":"https:\/\/fogagro.dk\/de\/#website"},"datePublished":"2022-11-25T10:33:05+00:00","dateModified":"2025-09-22T08:41:51+00:00","description":"Dreiecksroste mit dreieckigem Profil: robust, belastbar und hygienisch. Ideal f\u00fcr Stallbau, Waschbereiche, Landwirtschaft und Industrie.","breadcrumb":{"@id":"https:\/\/fogagro.dk\/de\/dreiecksroste-robuste-bodenroste-fuer-stallbau-landwirtschaft\/#breadcrumb"},"inLanguage":"de","potentialAction":[{"@type":"ReadAction","target":["https:\/\/fogagro.dk\/de\/dreiecksroste-robuste-bodenroste-fuer-stallbau-landwirtschaft\/"]}]},{"@type":"BreadcrumbList","@id":"https:\/\/fogagro.dk\/de\/dreiecksroste-robuste-bodenroste-fuer-stallbau-landwirtschaft\/#breadcrumb","itemListElement":[{"@type":"ListItem","position":1,"name":"Hjem","item":"https:\/\/fogagro.dk\/de\/"},{"@type":"ListItem","position":2,"name":"Dreieckige Gitter"}]},{"@type":"WebSite","@id":"https:\/\/fogagro.dk\/de\/#website","url":"https:\/\/fogagro.dk\/de\/","name":"Fog Agroteknik A\/S","description":"Wir bieten Komplettl\u00f6sungen f\u00fcr das G\u00fcllemanagement in Schweinefarmen.","publisher":{"@id":"https:\/\/fogagro.dk\/de\/#organization"},"potentialAction":[{"@type":"SearchAction","target":{"@type":"EntryPoint","urlTemplate":"https:\/\/fogagro.dk\/de\/?s={search_term_string}"},"query-input":{"@type":"PropertyValueSpecification","valueRequired":true,"valueName":"search_term_string"}}],"inLanguage":"de"},{"@type":"Organization","@id":"https:\/\/fogagro.dk\/de\/#organization","name":"Fog Agroteknik A\/S","url":"https:\/\/fogagro.dk\/de\/","logo":{"@type":"ImageObject","inLanguage":"de","@id":"https:\/\/fogagro.dk\/de\/#\/schema\/logo\/image\/","url":"https:\/\/fogagro.dk\/wp-content\/uploads\/2022\/09\/logo-1.png","contentUrl":"https:\/\/fogagro.dk\/wp-content\/uploads\/2022\/09\/logo-1.png","width":352,"height":49,"caption":"Fog Agroteknik A\/S"},"image":{"@id":"https:\/\/fogagro.dk\/de\/#\/schema\/logo\/image\/"}}]}},"_links":{"self":[{"href":"https:\/\/fogagro.dk\/de\/wp-json\/wp\/v2\/pages\/4502","targetHints":{"allow":["GET"]}}],"collection":[{"href":"https:\/\/fogagro.dk\/de\/wp-json\/wp\/v2\/pages"}],"about":[{"href":"https:\/\/fogagro.dk\/de\/wp-json\/wp\/v2\/types\/page"}],"author":[{"embeddable":true,"href":"https:\/\/fogagro.dk\/de\/wp-json\/wp\/v2\/users\/2"}],"replies":[{"embeddable":true,"href":"https:\/\/fogagro.dk\/de\/wp-json\/wp\/v2\/comments?post=4502"}],"version-history":[{"count":10,"href":"https:\/\/fogagro.dk\/de\/wp-json\/wp\/v2\/pages\/4502\/revisions"}],"predecessor-version":[{"id":4737,"href":"https:\/\/fogagro.dk\/de\/wp-json\/wp\/v2\/pages\/4502\/revisions\/4737"}],"wp:attachment":[{"href":"https:\/\/fogagro.dk\/de\/wp-json\/wp\/v2\/media?parent=4502"}],"wp:term":[{"taxonomy":"category","embeddable":true,"href":"https:\/\/fogagro.dk\/de\/wp-json\/wp\/v2\/categories?post=4502"}],"curies":[{"name":"wp","href":"https:\/\/api.w.org\/{rel}","templated":true}]}}