{"id":4514,"date":"2022-11-25T12:04:02","date_gmt":"2022-11-25T11:04:02","guid":{"rendered":"https:\/\/fogagro.dk\/hilfsmittel-in-der-scheune\/"},"modified":"2025-09-22T10:11:43","modified_gmt":"2025-09-22T08:11:43","slug":"stallhilfen-von-fog-agroteknik-effizient-tierfreundlich","status":"publish","type":"page","link":"https:\/\/fogagro.dk\/de\/stallhilfen-von-fog-agroteknik-effizient-tierfreundlich\/","title":{"rendered":"Hilfsmittel in der Scheune"},"content":{"rendered":"<section class=\"wpb-content-wrapper\"><p>[vc_row][vc_column]<div class=\"ult-spacer spacer-69f1bcde77e57\" data-id=\"69f1bcde77e57\" data-height=\"30\" data-height-mobile=\"30\" data-height-tab=\"30\" data-height-tab-portrait=\"30\" data-height-mobile-landscape=\"30\" style=\"clear:both;display:block;\"><\/div>[vc_column_text]<\/p>\n<p data-start=\"838\" data-end=\"1195\">Effektive Hilfsmittel erleichtern die t\u00e4gliche Arbeit im Stall \u2013 schneller, einfacher und schonender. Unser Sortiment umfasst Ferkelwagen f\u00fcr einen sicheren und komfortablen Transport, <strong>Aktivit\u00e4tszentren<\/strong> zur F\u00f6rderung des Tierwohls und Stressreduzierung sowie das flexible <strong>Clean Flex System<\/strong>, das die Reinigung vereinfacht und hohe Hygiene sicherstellt.<\/p>\n<p data-start=\"1203\" data-end=\"1327\">Ob Arbeitsumfeld, Effizienz oder Tierwohl \u2013 wir bieten die passenden L\u00f6sungen f\u00fcr einen modernen und funktionalen Stall.<\/p>\n<p>[\/vc_column_text]<div class=\"ult-spacer spacer-69f1bcde77ea6\" data-id=\"69f1bcde77ea6\" data-height=\"30\" data-height-mobile=\"30\" data-height-tab=\"30\" data-height-tab-portrait=\"30\" data-height-mobile-landscape=\"30\" style=\"clear:both;display:block;\"><\/div>[\/vc_column][\/vc_row][vc_row][vc_column width=&#8220;1\/3&#8243;][vc_single_image image=&#8220;3990&#8243; img_size=&#8220;250&#215;250&#8243; alignment=&#8220;center&#8220; title=&#8220;Transportwagen&#8220;][vc_empty_space height=&#8220;30px&#8220;]<div class=\"ult_exp_section_layer ult-adjust-bottom-margin  \" >\n\t<div id=\"uvc-exp-wrap-3003\"   data-ultimate-target='#uvc-exp-wrap-3003'  data-responsive-json-new='{\"font-size\":\"desktop:20px;\",\"line-height\":\"desktop:20px;\"}'  class=\"ult_exp_section  ult-responsive \" style=\"color:#333333;background-color:#dbdbdb; font-weight:normal;  text-align:center;\" data-textcolor=\"#333333\"data-texthover=\"#333333\"data-icncolor=\"#333333\"data-ihover=\"#333333\"data-height=\"0\"data-cntbg=\"#dbdbdb\"data-cnthvrbg=\"#e5e5e5\"data-headerbg=\"#dbdbdb\"data-headerhover=\"#e5e5e5\"data-title=\"Beschreibung\"data-newtitle=\"Beschreibung\"data-icon=\"Defaults-sort-desc sort-down\"data-newicon=\"Defaults-sort-desc sort-down\"data-activeicon=\"#333333\"data-effect=\"slideToggle\"data-override=\"0\"data-activetitle=\"#333333\"data-activebg=\"#dbdbdb\"data-img=\"\"data-newimg=\"\"><div  class=\"ult_exp_section-main \">\n\t\t\t\t\t<div class=\"ult_expheader\" >Beschreibung\n\t\t\t\t\t <\/div>\t<div class=\"ult-just-icon-wrapper ult_exp_icon\">\n\t\t\t\t\t<div class=\"align-icon \">\n\t\t\t\t\t\t\n<span class=\"aio-icon  none  ult_expsection_icon \"  style=\"color:#333333;font-size:32px;display:inline-block;\">\n\t<i class=\"Defaults-sort-desc sort-down ult_ex_icon\"  ><\/i>\n<\/span>\n\t\t\t\t\t<\/div>\n\t\t\t\t<\/div><\/div>\n\t\t\t\t<\/div><div class=\"ult_exp_content \" style=\"background-color:#dbdbdb;  \"><div class=\"ult_ecpsub_cont\" style=\" \" >[vc_column_text]<\/p>\n<p style=\"text-align: left;\">840.000 Transportwagen 2 R\u00e4der komplett<br \/>\n840.102 Transportwagen 3 R\u00e4der komplett<\/p>\n<p>[\/vc_column_text]<\/div><\/div>\n\n\t\t\t<\/div>[\/vc_column][vc_column width=&#8220;1\/3&#8243;][vc_single_image image=&#8220;3990&#8243; img_size=&#8220;250&#215;250&#8243; alignment=&#8220;center&#8220; title=&#8220;Transportwagen, Zubeh\u00f6r&#8220;][vc_empty_space height=&#8220;30px&#8220;]<div class=\"ult_exp_section_layer ult-adjust-bottom-margin  \" >\n\t<div id=\"uvc-exp-wrap-3582\"   data-ultimate-target='#uvc-exp-wrap-3582'  data-responsive-json-new='{\"font-size\":\"desktop:20px;\",\"line-height\":\"desktop:20px;\"}'  class=\"ult_exp_section  ult-responsive \" style=\"color:#333333;background-color:#dbdbdb; font-weight:normal;  text-align:center;\" data-textcolor=\"#333333\"data-texthover=\"#333333\"data-icncolor=\"#333333\"data-ihover=\"#333333\"data-height=\"0\"data-cntbg=\"#dbdbdb\"data-cnthvrbg=\"#e5e5e5\"data-headerbg=\"#dbdbdb\"data-headerhover=\"#e5e5e5\"data-title=\"Beschreibung\"data-newtitle=\"Beschreibung\"data-icon=\"Defaults-sort-desc sort-down\"data-newicon=\"Defaults-sort-desc sort-down\"data-activeicon=\"#333333\"data-effect=\"slideToggle\"data-override=\"0\"data-activetitle=\"#333333\"data-activebg=\"#dbdbdb\"data-img=\"\"data-newimg=\"\"><div  class=\"ult_exp_section-main \">\n\t\t\t\t\t<div class=\"ult_expheader\" >Beschreibung\n\t\t\t\t\t <\/div>\t<div class=\"ult-just-icon-wrapper ult_exp_icon\">\n\t\t\t\t\t<div class=\"align-icon \">\n\t\t\t\t\t\t\n<span class=\"aio-icon  none  ult_expsection_icon \"  style=\"color:#333333;font-size:32px;display:inline-block;\">\n\t<i class=\"Defaults-sort-desc sort-down ult_ex_icon\"  ><\/i>\n<\/span>\n\t\t\t\t\t<\/div>\n\t\t\t\t<\/div><\/div>\n\t\t\t\t<\/div><div class=\"ult_exp_content \" style=\"background-color:#dbdbdb;  \"><div class=\"ult_ecpsub_cont\" style=\" \" >[vc_column_text]<\/p>\n<p style=\"text-align: left;\">840.000b Endnabenrad pannensicher<br \/>\n840.000c Antriebswinde mit Kevlar<br \/>\n840.102b Gabelrad pannensicher<br \/>\n840.103g Gabel + Vollrad<\/p>\n<p>[\/vc_column_text]<\/div><\/div>\n\n\t\t\t<\/div>[\/vc_column][vc_column width=&#8220;1\/3&#8243;][vc_single_image image=&#8220;3993&#8243; img_size=&#8220;250&#215;250&#8243; alignment=&#8220;center&#8220; title=&#8220;Aktivit\u00e4tszentrum&#8220;][vc_empty_space height=&#8220;30px&#8220;]<div class=\"ult_exp_section_layer ult-adjust-bottom-margin  \" >\n\t<div id=\"uvc-exp-wrap-1976\"   data-ultimate-target='#uvc-exp-wrap-1976'  data-responsive-json-new='{\"font-size\":\"desktop:20px;\",\"line-height\":\"desktop:20px;\"}'  class=\"ult_exp_section  ult-responsive \" style=\"color:#333333;background-color:#dbdbdb; font-weight:normal;  text-align:center;\" data-textcolor=\"#333333\"data-texthover=\"#333333\"data-icncolor=\"#333333\"data-ihover=\"#333333\"data-height=\"0\"data-cntbg=\"#dbdbdb\"data-cnthvrbg=\"#e5e5e5\"data-headerbg=\"#dbdbdb\"data-headerhover=\"#e5e5e5\"data-title=\"Beschreibung\"data-newtitle=\"Beschreibung\"data-icon=\"Defaults-sort-desc sort-down\"data-newicon=\"Defaults-sort-desc sort-down\"data-activeicon=\"#333333\"data-effect=\"slideToggle\"data-override=\"0\"data-activetitle=\"#333333\"data-activebg=\"#dbdbdb\"data-img=\"\"data-newimg=\"\"><div  class=\"ult_exp_section-main \">\n\t\t\t\t\t<div class=\"ult_expheader\" >Beschreibung\n\t\t\t\t\t <\/div>\t<div class=\"ult-just-icon-wrapper ult_exp_icon\">\n\t\t\t\t\t<div class=\"align-icon \">\n\t\t\t\t\t\t\n<span class=\"aio-icon  none  ult_expsection_icon \"  style=\"color:#333333;font-size:32px;display:inline-block;\">\n\t<i class=\"Defaults-sort-desc sort-down ult_ex_icon\"  ><\/i>\n<\/span>\n\t\t\t\t\t<\/div>\n\t\t\t\t<\/div><\/div>\n\t\t\t\t<\/div><div class=\"ult_exp_content \" style=\"background-color:#dbdbdb;  \"><div class=\"ult_ecpsub_cont\" style=\" \" >[vc_column_text]<\/p>\n<p style=\"text-align: left;\">Typ 1 (\u00d8125mm)<br \/>\nTyp 2 (\u00d8110mm)<\/p>\n<p>[\/vc_column_text]<\/div><\/div>\n\n\t\t\t<\/div>[\/vc_column][\/vc_row][vc_row][vc_column width=&#8220;1\/3&#8243;][vc_single_image image=&#8220;4346&#8243; img_size=&#8220;250&#215;250&#8243; alignment=&#8220;center&#8220; title=&#8220;CleanFlex&#8220;][vc_empty_space height=&#8220;30px&#8220;]<div class=\"ult_exp_section_layer ult-adjust-bottom-margin  \" >\n\t<div id=\"uvc-exp-wrap-3077\"   data-ultimate-target='#uvc-exp-wrap-3077'  data-responsive-json-new='{\"font-size\":\"desktop:20px;\",\"line-height\":\"desktop:20px;\"}'  class=\"ult_exp_section  ult-responsive \" style=\"color:#333333;background-color:#dbdbdb; font-weight:normal;  text-align:center;\" data-textcolor=\"#333333\"data-texthover=\"#333333\"data-icncolor=\"#333333\"data-ihover=\"#333333\"data-height=\"0\"data-cntbg=\"#dbdbdb\"data-cnthvrbg=\"#e5e5e5\"data-headerbg=\"#dbdbdb\"data-headerhover=\"#e5e5e5\"data-title=\"Beschreibung\"data-newtitle=\"Beschreibung\"data-icon=\"Defaults-sort-desc sort-down\"data-newicon=\"Defaults-sort-desc sort-down\"data-activeicon=\"#333333\"data-effect=\"slideToggle\"data-override=\"0\"data-activetitle=\"#333333\"data-activebg=\"#dbdbdb\"data-img=\"\"data-newimg=\"\"><div  class=\"ult_exp_section-main \">\n\t\t\t\t\t<div class=\"ult_expheader\" >Beschreibung\n\t\t\t\t\t <\/div>\t<div class=\"ult-just-icon-wrapper ult_exp_icon\">\n\t\t\t\t\t<div class=\"align-icon \">\n\t\t\t\t\t\t\n<span class=\"aio-icon  none  ult_expsection_icon \"  style=\"color:#333333;font-size:32px;display:inline-block;\">\n\t<i class=\"Defaults-sort-desc sort-down ult_ex_icon\"  ><\/i>\n<\/span>\n\t\t\t\t\t<\/div>\n\t\t\t\t<\/div><\/div>\n\t\t\t\t<\/div><div class=\"ult_exp_content \" style=\"background-color:#dbdbdb;  \"><div class=\"ult_ecpsub_cont\" style=\" \" >[vc_column_text]<\/p>\n<p style=\"text-align: left;\">Cleanflex Futterrohrreiniger<\/p>\n<p>[\/vc_column_text]<\/div><\/div>\n\n\t\t\t<\/div>[\/vc_column][\/vc_row][vc_row][vc_column][vc_column_text]<\/p>\n<h2>Kontaktieren Sie uns und erfahren Sie mehr<\/h2>\n<p>Ben\u00f6tigen Sie Stallhilfen, um Ihre Arbeit zu erleichtern und effizienter zu gestalten? Unsere Experten beraten Sie gerne, um das richtige Produkt f\u00fcr Ihre Bed\u00fcrfnisse zu finden. <a href=\"https:\/\/fogagro.dk\/kontakt\/\">Kontaktieren Sie uns noch heute<\/a>. Auf dieser Seite finden Sie auch unsere anderen Sortimente, einschlie\u00dflich <a href=\"https:\/\/fogagro.dk\/traekogslip\/\">Pull and Release<\/a> und <a href=\"https:\/\/fogagro.dk\/ventiler\/\">Ventile<\/a>.<\/p>\n<p>&nbsp;<\/p>\n<p>[\/vc_column_text][\/vc_column][\/vc_row]<\/p>\n<\/section>","protected":false},"excerpt":{"rendered":"<p>[vc_row][vc_column][vc_column_text] Effektive Hilfsmittel erleichtern die t\u00e4gliche Arbeit im Stall \u2013 schneller, einfacher und schonender. Unser Sortiment umfasst Ferkelwagen f\u00fcr einen sicheren und komfortablen Transport, Aktivit\u00e4tszentren zur F\u00f6rderung des Tierwohls und Stressreduzierung sowie das flexible Clean Flex System, das die Reinigung vereinfacht und hohe Hygiene sicherstellt. Ob Arbeitsumfeld, Effizienz oder Tierwohl \u2013 wir bieten die passenden &#8230; <a title=\"Hilfsmittel in der Scheune\" class=\"read-more\" href=\"https:\/\/fogagro.dk\/de\/stallhilfen-von-fog-agroteknik-effizient-tierfreundlich\/\" aria-label=\"Mehr zu Hilfsmittel in der Scheune\">Weiterlesen &#8230;<\/a><\/p>\n","protected":false},"author":2,"featured_media":0,"parent":0,"menu_order":0,"comment_status":"closed","ping_status":"closed","template":"","meta":{"footnotes":""},"categories":[],"class_list":["post-4514","page","type-page","status-publish"],"acf":[],"yoast_head":"<!-- This site is optimized with the Yoast SEO plugin v27.3 - https:\/\/yoast.com\/product\/yoast-seo-wordpress\/ -->\n<title>Hilfsmittel in der Scheune &#183; Fog Agroteknik A\/S<\/title>\n<meta name=\"description\" content=\"Effektive Stallhilfen f\u00fcr Landwirtschaft: Ferkelwagen, Aktivit\u00e4tszentren &amp; Clean Flex System \u2013 f\u00fcr Hygiene, Effizienz und Tierwohl im modernen Stall.\" \/>\n<meta name=\"robots\" content=\"index, follow, max-snippet:-1, max-image-preview:large, max-video-preview:-1\" \/>\n<link rel=\"canonical\" href=\"https:\/\/fogagro.dk\/de\/stallhilfen-von-fog-agroteknik-effizient-tierfreundlich\/\" \/>\n<meta property=\"og:locale\" content=\"de_DE\" \/>\n<meta property=\"og:type\" content=\"article\" \/>\n<meta property=\"og:title\" content=\"Hilfsmittel in der Scheune &#183; Fog Agroteknik A\/S\" \/>\n<meta property=\"og:description\" content=\"Effektive Stallhilfen f\u00fcr Landwirtschaft: Ferkelwagen, Aktivit\u00e4tszentren &amp; Clean Flex System \u2013 f\u00fcr Hygiene, Effizienz und Tierwohl im modernen Stall.\" \/>\n<meta property=\"og:url\" content=\"https:\/\/fogagro.dk\/de\/stallhilfen-von-fog-agroteknik-effizient-tierfreundlich\/\" \/>\n<meta property=\"og:site_name\" content=\"Fog Agroteknik A\/S\" \/>\n<meta property=\"article:modified_time\" content=\"2025-09-22T08:11:43+00:00\" \/>\n<meta name=\"twitter:card\" content=\"summary_large_image\" \/>\n<meta name=\"twitter:label1\" content=\"Gesch\u00e4tzte Lesezeit\" \/>\n\t<meta name=\"twitter:data1\" content=\"2\u00a0Minuten\" \/>\n<script type=\"application\/ld+json\" class=\"yoast-schema-graph\">{\"@context\":\"https:\\\/\\\/schema.org\",\"@graph\":[{\"@type\":\"WebPage\",\"@id\":\"https:\\\/\\\/fogagro.dk\\\/de\\\/stallhilfen-von-fog-agroteknik-effizient-tierfreundlich\\\/\",\"url\":\"https:\\\/\\\/fogagro.dk\\\/de\\\/stallhilfen-von-fog-agroteknik-effizient-tierfreundlich\\\/\",\"name\":\"Hilfsmittel in der Scheune &#183; Fog Agroteknik A\\\/S\",\"isPartOf\":{\"@id\":\"https:\\\/\\\/fogagro.dk\\\/de\\\/#website\"},\"datePublished\":\"2022-11-25T11:04:02+00:00\",\"dateModified\":\"2025-09-22T08:11:43+00:00\",\"description\":\"Effektive Stallhilfen f\u00fcr Landwirtschaft: Ferkelwagen, Aktivit\u00e4tszentren & Clean Flex System \u2013 f\u00fcr Hygiene, Effizienz und Tierwohl im modernen Stall.\",\"breadcrumb\":{\"@id\":\"https:\\\/\\\/fogagro.dk\\\/de\\\/stallhilfen-von-fog-agroteknik-effizient-tierfreundlich\\\/#breadcrumb\"},\"inLanguage\":\"de\",\"potentialAction\":[{\"@type\":\"ReadAction\",\"target\":[\"https:\\\/\\\/fogagro.dk\\\/de\\\/stallhilfen-von-fog-agroteknik-effizient-tierfreundlich\\\/\"]}]},{\"@type\":\"BreadcrumbList\",\"@id\":\"https:\\\/\\\/fogagro.dk\\\/de\\\/stallhilfen-von-fog-agroteknik-effizient-tierfreundlich\\\/#breadcrumb\",\"itemListElement\":[{\"@type\":\"ListItem\",\"position\":1,\"name\":\"Hjem\",\"item\":\"https:\\\/\\\/fogagro.dk\\\/de\\\/\"},{\"@type\":\"ListItem\",\"position\":2,\"name\":\"Hilfsmittel in der Scheune\"}]},{\"@type\":\"WebSite\",\"@id\":\"https:\\\/\\\/fogagro.dk\\\/de\\\/#website\",\"url\":\"https:\\\/\\\/fogagro.dk\\\/de\\\/\",\"name\":\"Fog Agroteknik A\\\/S\",\"description\":\"Wir bieten Komplettl\u00f6sungen f\u00fcr das G\u00fcllemanagement in Schweinefarmen.\",\"publisher\":{\"@id\":\"https:\\\/\\\/fogagro.dk\\\/de\\\/#organization\"},\"potentialAction\":[{\"@type\":\"SearchAction\",\"target\":{\"@type\":\"EntryPoint\",\"urlTemplate\":\"https:\\\/\\\/fogagro.dk\\\/de\\\/?s={search_term_string}\"},\"query-input\":{\"@type\":\"PropertyValueSpecification\",\"valueRequired\":true,\"valueName\":\"search_term_string\"}}],\"inLanguage\":\"de\"},{\"@type\":\"Organization\",\"@id\":\"https:\\\/\\\/fogagro.dk\\\/de\\\/#organization\",\"name\":\"Fog Agroteknik A\\\/S\",\"url\":\"https:\\\/\\\/fogagro.dk\\\/de\\\/\",\"logo\":{\"@type\":\"ImageObject\",\"inLanguage\":\"de\",\"@id\":\"https:\\\/\\\/fogagro.dk\\\/de\\\/#\\\/schema\\\/logo\\\/image\\\/\",\"url\":\"https:\\\/\\\/fogagro.dk\\\/wp-content\\\/uploads\\\/2022\\\/09\\\/logo-1.png\",\"contentUrl\":\"https:\\\/\\\/fogagro.dk\\\/wp-content\\\/uploads\\\/2022\\\/09\\\/logo-1.png\",\"width\":352,\"height\":49,\"caption\":\"Fog Agroteknik A\\\/S\"},\"image\":{\"@id\":\"https:\\\/\\\/fogagro.dk\\\/de\\\/#\\\/schema\\\/logo\\\/image\\\/\"}}]}<\/script>\n<!-- \/ Yoast SEO plugin. -->","yoast_head_json":{"title":"Hilfsmittel in der Scheune &#183; Fog Agroteknik A\/S","description":"Effektive Stallhilfen f\u00fcr Landwirtschaft: Ferkelwagen, Aktivit\u00e4tszentren & Clean Flex System \u2013 f\u00fcr Hygiene, Effizienz und Tierwohl im modernen Stall.","robots":{"index":"index","follow":"follow","max-snippet":"max-snippet:-1","max-image-preview":"max-image-preview:large","max-video-preview":"max-video-preview:-1"},"canonical":"https:\/\/fogagro.dk\/de\/stallhilfen-von-fog-agroteknik-effizient-tierfreundlich\/","og_locale":"de_DE","og_type":"article","og_title":"Hilfsmittel in der Scheune &#183; Fog Agroteknik A\/S","og_description":"Effektive Stallhilfen f\u00fcr Landwirtschaft: Ferkelwagen, Aktivit\u00e4tszentren & Clean Flex System \u2013 f\u00fcr Hygiene, Effizienz und Tierwohl im modernen Stall.","og_url":"https:\/\/fogagro.dk\/de\/stallhilfen-von-fog-agroteknik-effizient-tierfreundlich\/","og_site_name":"Fog Agroteknik A\/S","article_modified_time":"2025-09-22T08:11:43+00:00","twitter_card":"summary_large_image","twitter_misc":{"Gesch\u00e4tzte Lesezeit":"2\u00a0Minuten"},"schema":{"@context":"https:\/\/schema.org","@graph":[{"@type":"WebPage","@id":"https:\/\/fogagro.dk\/de\/stallhilfen-von-fog-agroteknik-effizient-tierfreundlich\/","url":"https:\/\/fogagro.dk\/de\/stallhilfen-von-fog-agroteknik-effizient-tierfreundlich\/","name":"Hilfsmittel in der Scheune &#183; Fog Agroteknik A\/S","isPartOf":{"@id":"https:\/\/fogagro.dk\/de\/#website"},"datePublished":"2022-11-25T11:04:02+00:00","dateModified":"2025-09-22T08:11:43+00:00","description":"Effektive Stallhilfen f\u00fcr Landwirtschaft: Ferkelwagen, Aktivit\u00e4tszentren & Clean Flex System \u2013 f\u00fcr Hygiene, Effizienz und Tierwohl im modernen Stall.","breadcrumb":{"@id":"https:\/\/fogagro.dk\/de\/stallhilfen-von-fog-agroteknik-effizient-tierfreundlich\/#breadcrumb"},"inLanguage":"de","potentialAction":[{"@type":"ReadAction","target":["https:\/\/fogagro.dk\/de\/stallhilfen-von-fog-agroteknik-effizient-tierfreundlich\/"]}]},{"@type":"BreadcrumbList","@id":"https:\/\/fogagro.dk\/de\/stallhilfen-von-fog-agroteknik-effizient-tierfreundlich\/#breadcrumb","itemListElement":[{"@type":"ListItem","position":1,"name":"Hjem","item":"https:\/\/fogagro.dk\/de\/"},{"@type":"ListItem","position":2,"name":"Hilfsmittel in der Scheune"}]},{"@type":"WebSite","@id":"https:\/\/fogagro.dk\/de\/#website","url":"https:\/\/fogagro.dk\/de\/","name":"Fog Agroteknik A\/S","description":"Wir bieten Komplettl\u00f6sungen f\u00fcr das G\u00fcllemanagement in Schweinefarmen.","publisher":{"@id":"https:\/\/fogagro.dk\/de\/#organization"},"potentialAction":[{"@type":"SearchAction","target":{"@type":"EntryPoint","urlTemplate":"https:\/\/fogagro.dk\/de\/?s={search_term_string}"},"query-input":{"@type":"PropertyValueSpecification","valueRequired":true,"valueName":"search_term_string"}}],"inLanguage":"de"},{"@type":"Organization","@id":"https:\/\/fogagro.dk\/de\/#organization","name":"Fog Agroteknik A\/S","url":"https:\/\/fogagro.dk\/de\/","logo":{"@type":"ImageObject","inLanguage":"de","@id":"https:\/\/fogagro.dk\/de\/#\/schema\/logo\/image\/","url":"https:\/\/fogagro.dk\/wp-content\/uploads\/2022\/09\/logo-1.png","contentUrl":"https:\/\/fogagro.dk\/wp-content\/uploads\/2022\/09\/logo-1.png","width":352,"height":49,"caption":"Fog Agroteknik A\/S"},"image":{"@id":"https:\/\/fogagro.dk\/de\/#\/schema\/logo\/image\/"}}]}},"_links":{"self":[{"href":"https:\/\/fogagro.dk\/de\/wp-json\/wp\/v2\/pages\/4514","targetHints":{"allow":["GET"]}}],"collection":[{"href":"https:\/\/fogagro.dk\/de\/wp-json\/wp\/v2\/pages"}],"about":[{"href":"https:\/\/fogagro.dk\/de\/wp-json\/wp\/v2\/types\/page"}],"author":[{"embeddable":true,"href":"https:\/\/fogagro.dk\/de\/wp-json\/wp\/v2\/users\/2"}],"replies":[{"embeddable":true,"href":"https:\/\/fogagro.dk\/de\/wp-json\/wp\/v2\/comments?post=4514"}],"version-history":[{"count":6,"href":"https:\/\/fogagro.dk\/de\/wp-json\/wp\/v2\/pages\/4514\/revisions"}],"predecessor-version":[{"id":4732,"href":"https:\/\/fogagro.dk\/de\/wp-json\/wp\/v2\/pages\/4514\/revisions\/4732"}],"wp:attachment":[{"href":"https:\/\/fogagro.dk\/de\/wp-json\/wp\/v2\/media?parent=4514"}],"wp:term":[{"taxonomy":"category","embeddable":true,"href":"https:\/\/fogagro.dk\/de\/wp-json\/wp\/v2\/categories?post=4514"}],"curies":[{"name":"wp","href":"https:\/\/api.w.org\/{rel}","templated":true}]}}