{"id":4537,"date":"2022-11-25T11:33:35","date_gmt":"2022-11-25T10:33:35","guid":{"rendered":"https:\/\/fogagro.dk\/roste-aus-gusseisen\/"},"modified":"2025-09-22T10:51:14","modified_gmt":"2025-09-22T08:51:14","slug":"gitterroste-aus-gusseisen-robuste-stallroste-fuer-schweinestaelle","status":"publish","type":"page","link":"https:\/\/fogagro.dk\/de\/gitterroste-aus-gusseisen-robuste-stallroste-fuer-schweinestaelle\/","title":{"rendered":"Roste aus Gusseisen"},"content":{"rendered":"<section class=\"wpb-content-wrapper\"><p>[vc_row][vc_column]<div class=\"ult-spacer spacer-69f1bcd3b57bc\" data-id=\"69f1bcd3b57bc\" data-height=\"30\" data-height-mobile=\"30\" data-height-tab=\"30\" data-height-tab-portrait=\"30\" data-height-mobile-landscape=\"30\" style=\"clear:both;display:block;\"><\/div>[vc_column_text]<\/p>\n<h1 data-start=\"209\" data-end=\"257\">Gitterroste aus Gusseisen f\u00fcr Schweinest\u00e4lle<\/h1>\n<h2 data-start=\"259\" data-end=\"297\">Robuste und langlebige Stallroste<\/h2>\n<p data-start=\"298\" data-end=\"601\"><strong data-start=\"298\" data-end=\"327\">Gitterroste aus Gusseisen<\/strong> sind eine besonders robuste und langlebige L\u00f6sung f\u00fcr stark frequentierte Bereiche in Schweinest\u00e4llen \u2013 insbesondere in Fressbereichen und Abferkelboxen. Sie bieten eine feste, stabile und rutschfeste Oberfl\u00e4che, die auch f\u00fcr Sauen und schwere Tiere bestens geeignet ist.<\/p>\n<h2 data-start=\"603\" data-end=\"645\">Hygienische L\u00f6sung mit guter Drainage<\/h2>\n<p data-start=\"646\" data-end=\"844\">Die Gitterroste sorgen f\u00fcr eine zuverl\u00e4ssige G\u00fclledrainage und tragen so zu einer hygienischeren Stallumgebung bei. Dies f\u00f6rdert sowohl die Sauberkeit im Stall als auch das Wohlbefinden der Tiere.<\/p>\n<h2 data-start=\"846\" data-end=\"900\">Vielf\u00e4ltige Modelle und Kombinationsm\u00f6glichkeiten<\/h2>\n<p data-start=\"901\" data-end=\"1178\">Unsere Gussroste sind in verschiedenen Gr\u00f6\u00dfen und Ausf\u00fchrungen erh\u00e4ltlich. Sie k\u00f6nnen flexibel mit Kunststoff- oder Betonrosten kombiniert werden, um eine optimale Bodenl\u00f6sung f\u00fcr jeden Stallbereich zu schaffen. Eine ideale Investition in Langlebigkeit, Hygiene und Tierwohl.<\/p>\n<p>[\/vc_column_text]<div class=\"ult-spacer spacer-69f1bcd3b5801\" data-id=\"69f1bcd3b5801\" data-height=\"30\" data-height-mobile=\"30\" data-height-tab=\"30\" data-height-tab-portrait=\"30\" data-height-mobile-landscape=\"30\" style=\"clear:both;display:block;\"><\/div>[\/vc_column][\/vc_row][vc_row][vc_column width=&#8220;1\/3&#8243;][vc_single_image image=&#8220;4156&#8243; img_size=&#8220;250&#215;250&#8243; alignment=&#8220;center&#8220; title=&#8220;Roste aus Gusseisen Typ L &#8211; Entw\u00e4sserung&#8220;][vc_empty_space height=&#8220;30px&#8220;]<div class=\"ult_exp_section_layer ult-adjust-bottom-margin  \" >\n\t<div id=\"uvc-exp-wrap-8587\"   data-ultimate-target='#uvc-exp-wrap-8587'  data-responsive-json-new='{\"font-size\":\"desktop:20px;\",\"line-height\":\"desktop:20px;\"}'  class=\"ult_exp_section  ult-responsive \" style=\"color:#333333;background-color:#dbdbdb; font-weight:normal;  text-align:center;\" data-textcolor=\"#333333\"data-texthover=\"#333333\"data-icncolor=\"#333333\"data-ihover=\"#333333\"data-height=\"0\"data-cntbg=\"#dbdbdb\"data-cnthvrbg=\"#e5e5e5\"data-headerbg=\"#dbdbdb\"data-headerhover=\"#e5e5e5\"data-title=\"Beschreibung\"data-newtitle=\"Beschreibung\"data-icon=\"Defaults-sort-desc sort-down\"data-newicon=\"Defaults-sort-desc sort-down\"data-activeicon=\"#333333\"data-effect=\"slideToggle\"data-override=\"0\"data-activetitle=\"#333333\"data-activebg=\"#dbdbdb\"data-img=\"\"data-newimg=\"\"><div  class=\"ult_exp_section-main \">\n\t\t\t\t\t<div class=\"ult_expheader\" >Beschreibung\n\t\t\t\t\t <\/div>\t<div class=\"ult-just-icon-wrapper ult_exp_icon\">\n\t\t\t\t\t<div class=\"align-icon \">\n\t\t\t\t\t\t\n<span class=\"aio-icon  none  ult_expsection_icon \"  style=\"color:#333333;font-size:32px;display:inline-block;\">\n\t<i class=\"Defaults-sort-desc sort-down ult_ex_icon\"  ><\/i>\n<\/span>\n\t\t\t\t\t<\/div>\n\t\t\t\t<\/div><\/div>\n\t\t\t\t<\/div><div class=\"ult_exp_content \" style=\"background-color:#dbdbdb;  \"><div class=\"ult_ecpsub_cont\" style=\" \" >[vc_column_text]<\/p>\n<p style=\"text-align: left;\">370.150 1200x400mm 12\/13 (0,48 m\u00b2)<br \/>\n370.155 1400x400mm 12\/13 (0,56 m\u00b2)<br \/>\n370.160 1600x400mm 12\/13 (0,64 m\u00b2)<br \/>\n370.165 2000x400mm 12\/13 (0,80 m\u00b2)<\/p>\n<p>[\/vc_column_text]<\/div><\/div>\n\n\t\t\t<\/div>[\/vc_column][vc_column width=&#8220;1\/3&#8243;][vc_single_image image=&#8220;4156&#8243; img_size=&#8220;250&#215;250&#8243; alignment=&#8220;center&#8220; title=&#8220;Typ F &#8211; Seen &#8211; Gef\u00e4hrliche Pfade&#8220;][vc_empty_space height=&#8220;60px&#8220;]<div class=\"ult_exp_section_layer ult-adjust-bottom-margin  \" >\n\t<div id=\"uvc-exp-wrap-1616\"   data-ultimate-target='#uvc-exp-wrap-1616'  data-responsive-json-new='{\"font-size\":\"desktop:20px;\",\"line-height\":\"desktop:20px;\"}'  class=\"ult_exp_section  ult-responsive \" style=\"color:#333333;background-color:#dbdbdb; font-weight:normal;  text-align:center;\" data-textcolor=\"#333333\"data-texthover=\"#333333\"data-icncolor=\"#333333\"data-ihover=\"#333333\"data-height=\"0\"data-cntbg=\"#dbdbdb\"data-cnthvrbg=\"#e5e5e5\"data-headerbg=\"#dbdbdb\"data-headerhover=\"#e5e5e5\"data-title=\"Beschreibung\"data-newtitle=\"Beschreibung\"data-icon=\"Defaults-sort-desc sort-down\"data-newicon=\"Defaults-sort-desc sort-down\"data-activeicon=\"#333333\"data-effect=\"slideToggle\"data-override=\"0\"data-activetitle=\"#333333\"data-activebg=\"#dbdbdb\"data-img=\"\"data-newimg=\"\"><div  class=\"ult_exp_section-main \">\n\t\t\t\t\t<div class=\"ult_expheader\" >Beschreibung\n\t\t\t\t\t <\/div>\t<div class=\"ult-just-icon-wrapper ult_exp_icon\">\n\t\t\t\t\t<div class=\"align-icon \">\n\t\t\t\t\t\t\n<span class=\"aio-icon  none  ult_expsection_icon \"  style=\"color:#333333;font-size:32px;display:inline-block;\">\n\t<i class=\"Defaults-sort-desc sort-down ult_ex_icon\"  ><\/i>\n<\/span>\n\t\t\t\t\t<\/div>\n\t\t\t\t<\/div><\/div>\n\t\t\t\t<\/div><div class=\"ult_exp_content \" style=\"background-color:#dbdbdb;  \"><div class=\"ult_ecpsub_cont\" style=\" \" >[vc_column_text]<\/p>\n<p style=\"text-align: left;\">370.200 1200x400mm 10\/10 (0,48 m\u00b2)<br \/>\n370.205 1400x400mm 10\/10 (0,56 m\u00b2)<br \/>\n370.210 1600x400mm 15\/3 Finisher<\/p>\n<p>[\/vc_column_text]<\/div><\/div>\n\n\t\t\t<\/div>[\/vc_column][vc_column width=&#8220;1\/3&#8243;][vc_single_image image=&#8220;4326&#8243; img_size=&#8220;250&#215;250&#8243; alignment=&#8220;center&#8220; title=&#8220;Zubeh\u00f6r&#8220;][vc_empty_space height=&#8220;0px&#8220;]<div class=\"ult_exp_section_layer ult-adjust-bottom-margin  \" >\n\t<div id=\"uvc-exp-wrap-9424\"   data-ultimate-target='#uvc-exp-wrap-9424'  data-responsive-json-new='{\"font-size\":\"desktop:20px;\",\"line-height\":\"desktop:20px;\"}'  class=\"ult_exp_section  ult-responsive \" style=\"color:#333333;background-color:#dbdbdb; font-weight:normal;  text-align:center;\" data-textcolor=\"#333333\"data-texthover=\"#333333\"data-icncolor=\"#333333\"data-ihover=\"#333333\"data-height=\"0\"data-cntbg=\"#dbdbdb\"data-cnthvrbg=\"#e5e5e5\"data-headerbg=\"#dbdbdb\"data-headerhover=\"#e5e5e5\"data-title=\"Beschreibung\"data-newtitle=\"Beschreibung\"data-icon=\"Defaults-sort-desc sort-down\"data-newicon=\"Defaults-sort-desc sort-down\"data-activeicon=\"#333333\"data-effect=\"slideToggle\"data-override=\"0\"data-activetitle=\"#333333\"data-activebg=\"#dbdbdb\"data-img=\"\"data-newimg=\"\"><div  class=\"ult_exp_section-main \">\n\t\t\t\t\t<div class=\"ult_expheader\" >Beschreibung\n\t\t\t\t\t <\/div>\t<div class=\"ult-just-icon-wrapper ult_exp_icon\">\n\t\t\t\t\t<div class=\"align-icon \">\n\t\t\t\t\t\t\n<span class=\"aio-icon  none  ult_expsection_icon \"  style=\"color:#333333;font-size:32px;display:inline-block;\">\n\t<i class=\"Defaults-sort-desc sort-down ult_ex_icon\"  ><\/i>\n<\/span>\n\t\t\t\t\t<\/div>\n\t\t\t\t<\/div><\/div>\n\t\t\t\t<\/div><div class=\"ult_exp_content \" style=\"background-color:#dbdbdb;  \"><div class=\"ult_ecpsub_cont\" style=\" \" >[vc_column_text]<\/p>\n<p style=\"text-align: left;\">370.405 Verschlussblock f\u00fcr Gussroste (2 pro Rost)<\/p>\n<p>[\/vc_column_text]<\/div><\/div>\n\n\t\t\t<\/div>[\/vc_column][\/vc_row][vc_row][vc_column][vc_column_text]<\/p>\n<h2>Kontaktieren Sie uns und erfahren Sie mehr<\/h2>\n<p>Ben\u00f6tigen Sie Gitterroste aus Gusseisen oder Gefahrenpfade? Oder m\u00f6chten Sie mehr dar\u00fcber erfahren, wie wir Ihnen helfen k\u00f6nnen? Dann sind Sie herzlich eingeladen, <a href=\"https:\/\/fogagro.dk\/kontakt\/\">uns zu kontaktieren<\/a>. Unsere Experten k\u00f6nnen Ihnen helfen, das richtige Produkt f\u00fcr Ihre Bed\u00fcrfnisse zu finden. Auf dieser Seite k\u00f6nnen Sie auch unsere <a href=\"https:\/\/fogagro.dk\/produkter\/\">anderen Produkte<\/a> sehen, darunter <a href=\"https:\/\/fogagro.dk\/traekogslip\/\">Pull and Release<\/a> und <a href=\"https:\/\/fogagro.dk\/de\/hilfsmittel-in-der-scheune\/\">Stallhilfen<\/a>.<\/p>\n<p>&nbsp;<\/p>\n<p>[\/vc_column_text][\/vc_column][\/vc_row]<\/p>\n<\/section>","protected":false},"excerpt":{"rendered":"<p>[vc_row][vc_column][vc_column_text] Gitterroste aus Gusseisen f\u00fcr Schweinest\u00e4lle Robuste und langlebige Stallroste Gitterroste aus Gusseisen sind eine besonders robuste und langlebige L\u00f6sung f\u00fcr stark frequentierte Bereiche in Schweinest\u00e4llen \u2013 insbesondere in Fressbereichen und Abferkelboxen. Sie bieten eine feste, stabile und rutschfeste Oberfl\u00e4che, die auch f\u00fcr Sauen und schwere Tiere bestens geeignet ist. Hygienische L\u00f6sung mit guter Drainage &#8230; <a title=\"Roste aus Gusseisen\" class=\"read-more\" href=\"https:\/\/fogagro.dk\/de\/gitterroste-aus-gusseisen-robuste-stallroste-fuer-schweinestaelle\/\" aria-label=\"Mehr zu Roste aus Gusseisen\">Weiterlesen &#8230;<\/a><\/p>\n","protected":false},"author":2,"featured_media":0,"parent":0,"menu_order":0,"comment_status":"closed","ping_status":"closed","template":"","meta":{"footnotes":""},"categories":[],"class_list":["post-4537","page","type-page","status-publish"],"acf":[],"yoast_head":"<!-- This site is optimized with the Yoast SEO plugin v27.3 - https:\/\/yoast.com\/product\/yoast-seo-wordpress\/ -->\n<title>Roste aus Gusseisen &#183; Fog Agroteknik A\/S<\/title>\n<meta name=\"description\" content=\"Gitterroste aus Gusseisen: langlebig, rutschfest und hygienisch. Ideal f\u00fcr Fressbereiche, Abferkelboxen und stark frequentierte Stallbereiche.\" \/>\n<meta name=\"robots\" content=\"index, follow, max-snippet:-1, max-image-preview:large, max-video-preview:-1\" \/>\n<link rel=\"canonical\" href=\"https:\/\/fogagro.dk\/de\/gitterroste-aus-gusseisen-robuste-stallroste-fuer-schweinestaelle\/\" \/>\n<meta property=\"og:locale\" content=\"de_DE\" \/>\n<meta property=\"og:type\" content=\"article\" \/>\n<meta property=\"og:title\" content=\"Roste aus Gusseisen &#183; Fog Agroteknik A\/S\" \/>\n<meta property=\"og:description\" content=\"Gitterroste aus Gusseisen: langlebig, rutschfest und hygienisch. Ideal f\u00fcr Fressbereiche, Abferkelboxen und stark frequentierte Stallbereiche.\" \/>\n<meta property=\"og:url\" content=\"https:\/\/fogagro.dk\/de\/gitterroste-aus-gusseisen-robuste-stallroste-fuer-schweinestaelle\/\" \/>\n<meta property=\"og:site_name\" content=\"Fog Agroteknik A\/S\" \/>\n<meta property=\"article:modified_time\" content=\"2025-09-22T08:51:14+00:00\" \/>\n<meta name=\"twitter:card\" content=\"summary_large_image\" \/>\n<meta name=\"twitter:label1\" content=\"Gesch\u00e4tzte Lesezeit\" \/>\n\t<meta name=\"twitter:data1\" content=\"2\u00a0Minuten\" \/>\n<script type=\"application\/ld+json\" class=\"yoast-schema-graph\">{\"@context\":\"https:\\\/\\\/schema.org\",\"@graph\":[{\"@type\":\"WebPage\",\"@id\":\"https:\\\/\\\/fogagro.dk\\\/de\\\/gitterroste-aus-gusseisen-robuste-stallroste-fuer-schweinestaelle\\\/\",\"url\":\"https:\\\/\\\/fogagro.dk\\\/de\\\/gitterroste-aus-gusseisen-robuste-stallroste-fuer-schweinestaelle\\\/\",\"name\":\"Roste aus Gusseisen &#183; Fog Agroteknik A\\\/S\",\"isPartOf\":{\"@id\":\"https:\\\/\\\/fogagro.dk\\\/de\\\/#website\"},\"datePublished\":\"2022-11-25T10:33:35+00:00\",\"dateModified\":\"2025-09-22T08:51:14+00:00\",\"description\":\"Gitterroste aus Gusseisen: langlebig, rutschfest und hygienisch. Ideal f\u00fcr Fressbereiche, Abferkelboxen und stark frequentierte Stallbereiche.\",\"breadcrumb\":{\"@id\":\"https:\\\/\\\/fogagro.dk\\\/de\\\/gitterroste-aus-gusseisen-robuste-stallroste-fuer-schweinestaelle\\\/#breadcrumb\"},\"inLanguage\":\"de\",\"potentialAction\":[{\"@type\":\"ReadAction\",\"target\":[\"https:\\\/\\\/fogagro.dk\\\/de\\\/gitterroste-aus-gusseisen-robuste-stallroste-fuer-schweinestaelle\\\/\"]}]},{\"@type\":\"BreadcrumbList\",\"@id\":\"https:\\\/\\\/fogagro.dk\\\/de\\\/gitterroste-aus-gusseisen-robuste-stallroste-fuer-schweinestaelle\\\/#breadcrumb\",\"itemListElement\":[{\"@type\":\"ListItem\",\"position\":1,\"name\":\"Hjem\",\"item\":\"https:\\\/\\\/fogagro.dk\\\/de\\\/\"},{\"@type\":\"ListItem\",\"position\":2,\"name\":\"Roste aus Gusseisen\"}]},{\"@type\":\"WebSite\",\"@id\":\"https:\\\/\\\/fogagro.dk\\\/de\\\/#website\",\"url\":\"https:\\\/\\\/fogagro.dk\\\/de\\\/\",\"name\":\"Fog Agroteknik A\\\/S\",\"description\":\"Wir bieten Komplettl\u00f6sungen f\u00fcr das G\u00fcllemanagement in Schweinefarmen.\",\"publisher\":{\"@id\":\"https:\\\/\\\/fogagro.dk\\\/de\\\/#organization\"},\"potentialAction\":[{\"@type\":\"SearchAction\",\"target\":{\"@type\":\"EntryPoint\",\"urlTemplate\":\"https:\\\/\\\/fogagro.dk\\\/de\\\/?s={search_term_string}\"},\"query-input\":{\"@type\":\"PropertyValueSpecification\",\"valueRequired\":true,\"valueName\":\"search_term_string\"}}],\"inLanguage\":\"de\"},{\"@type\":\"Organization\",\"@id\":\"https:\\\/\\\/fogagro.dk\\\/de\\\/#organization\",\"name\":\"Fog Agroteknik A\\\/S\",\"url\":\"https:\\\/\\\/fogagro.dk\\\/de\\\/\",\"logo\":{\"@type\":\"ImageObject\",\"inLanguage\":\"de\",\"@id\":\"https:\\\/\\\/fogagro.dk\\\/de\\\/#\\\/schema\\\/logo\\\/image\\\/\",\"url\":\"https:\\\/\\\/fogagro.dk\\\/wp-content\\\/uploads\\\/2022\\\/09\\\/logo-1.png\",\"contentUrl\":\"https:\\\/\\\/fogagro.dk\\\/wp-content\\\/uploads\\\/2022\\\/09\\\/logo-1.png\",\"width\":352,\"height\":49,\"caption\":\"Fog Agroteknik A\\\/S\"},\"image\":{\"@id\":\"https:\\\/\\\/fogagro.dk\\\/de\\\/#\\\/schema\\\/logo\\\/image\\\/\"}}]}<\/script>\n<!-- \/ Yoast SEO plugin. -->","yoast_head_json":{"title":"Roste aus Gusseisen &#183; Fog Agroteknik A\/S","description":"Gitterroste aus Gusseisen: langlebig, rutschfest und hygienisch. Ideal f\u00fcr Fressbereiche, Abferkelboxen und stark frequentierte Stallbereiche.","robots":{"index":"index","follow":"follow","max-snippet":"max-snippet:-1","max-image-preview":"max-image-preview:large","max-video-preview":"max-video-preview:-1"},"canonical":"https:\/\/fogagro.dk\/de\/gitterroste-aus-gusseisen-robuste-stallroste-fuer-schweinestaelle\/","og_locale":"de_DE","og_type":"article","og_title":"Roste aus Gusseisen &#183; Fog Agroteknik A\/S","og_description":"Gitterroste aus Gusseisen: langlebig, rutschfest und hygienisch. Ideal f\u00fcr Fressbereiche, Abferkelboxen und stark frequentierte Stallbereiche.","og_url":"https:\/\/fogagro.dk\/de\/gitterroste-aus-gusseisen-robuste-stallroste-fuer-schweinestaelle\/","og_site_name":"Fog Agroteknik A\/S","article_modified_time":"2025-09-22T08:51:14+00:00","twitter_card":"summary_large_image","twitter_misc":{"Gesch\u00e4tzte Lesezeit":"2\u00a0Minuten"},"schema":{"@context":"https:\/\/schema.org","@graph":[{"@type":"WebPage","@id":"https:\/\/fogagro.dk\/de\/gitterroste-aus-gusseisen-robuste-stallroste-fuer-schweinestaelle\/","url":"https:\/\/fogagro.dk\/de\/gitterroste-aus-gusseisen-robuste-stallroste-fuer-schweinestaelle\/","name":"Roste aus Gusseisen &#183; Fog Agroteknik A\/S","isPartOf":{"@id":"https:\/\/fogagro.dk\/de\/#website"},"datePublished":"2022-11-25T10:33:35+00:00","dateModified":"2025-09-22T08:51:14+00:00","description":"Gitterroste aus Gusseisen: langlebig, rutschfest und hygienisch. Ideal f\u00fcr Fressbereiche, Abferkelboxen und stark frequentierte Stallbereiche.","breadcrumb":{"@id":"https:\/\/fogagro.dk\/de\/gitterroste-aus-gusseisen-robuste-stallroste-fuer-schweinestaelle\/#breadcrumb"},"inLanguage":"de","potentialAction":[{"@type":"ReadAction","target":["https:\/\/fogagro.dk\/de\/gitterroste-aus-gusseisen-robuste-stallroste-fuer-schweinestaelle\/"]}]},{"@type":"BreadcrumbList","@id":"https:\/\/fogagro.dk\/de\/gitterroste-aus-gusseisen-robuste-stallroste-fuer-schweinestaelle\/#breadcrumb","itemListElement":[{"@type":"ListItem","position":1,"name":"Hjem","item":"https:\/\/fogagro.dk\/de\/"},{"@type":"ListItem","position":2,"name":"Roste aus Gusseisen"}]},{"@type":"WebSite","@id":"https:\/\/fogagro.dk\/de\/#website","url":"https:\/\/fogagro.dk\/de\/","name":"Fog Agroteknik A\/S","description":"Wir bieten Komplettl\u00f6sungen f\u00fcr das G\u00fcllemanagement in Schweinefarmen.","publisher":{"@id":"https:\/\/fogagro.dk\/de\/#organization"},"potentialAction":[{"@type":"SearchAction","target":{"@type":"EntryPoint","urlTemplate":"https:\/\/fogagro.dk\/de\/?s={search_term_string}"},"query-input":{"@type":"PropertyValueSpecification","valueRequired":true,"valueName":"search_term_string"}}],"inLanguage":"de"},{"@type":"Organization","@id":"https:\/\/fogagro.dk\/de\/#organization","name":"Fog Agroteknik A\/S","url":"https:\/\/fogagro.dk\/de\/","logo":{"@type":"ImageObject","inLanguage":"de","@id":"https:\/\/fogagro.dk\/de\/#\/schema\/logo\/image\/","url":"https:\/\/fogagro.dk\/wp-content\/uploads\/2022\/09\/logo-1.png","contentUrl":"https:\/\/fogagro.dk\/wp-content\/uploads\/2022\/09\/logo-1.png","width":352,"height":49,"caption":"Fog Agroteknik A\/S"},"image":{"@id":"https:\/\/fogagro.dk\/de\/#\/schema\/logo\/image\/"}}]}},"_links":{"self":[{"href":"https:\/\/fogagro.dk\/de\/wp-json\/wp\/v2\/pages\/4537","targetHints":{"allow":["GET"]}}],"collection":[{"href":"https:\/\/fogagro.dk\/de\/wp-json\/wp\/v2\/pages"}],"about":[{"href":"https:\/\/fogagro.dk\/de\/wp-json\/wp\/v2\/types\/page"}],"author":[{"embeddable":true,"href":"https:\/\/fogagro.dk\/de\/wp-json\/wp\/v2\/users\/2"}],"replies":[{"embeddable":true,"href":"https:\/\/fogagro.dk\/de\/wp-json\/wp\/v2\/comments?post=4537"}],"version-history":[{"count":3,"href":"https:\/\/fogagro.dk\/de\/wp-json\/wp\/v2\/pages\/4537\/revisions"}],"predecessor-version":[{"id":4741,"href":"https:\/\/fogagro.dk\/de\/wp-json\/wp\/v2\/pages\/4537\/revisions\/4741"}],"wp:attachment":[{"href":"https:\/\/fogagro.dk\/de\/wp-json\/wp\/v2\/media?parent=4537"}],"wp:term":[{"taxonomy":"category","embeddable":true,"href":"https:\/\/fogagro.dk\/de\/wp-json\/wp\/v2\/categories?post=4537"}],"curies":[{"name":"wp","href":"https:\/\/api.w.org\/{rel}","templated":true}]}}