{"id":4558,"date":"2022-11-25T11:31:30","date_gmt":"2022-11-25T10:31:30","guid":{"rendered":"https:\/\/fogagro.dk\/lochprofile-und-kunststoffplatten\/"},"modified":"2025-09-22T10:46:04","modified_gmt":"2025-09-22T08:46:04","slug":"perforierte-profile-kunststoffplatten-fuer-schweinestaelle","status":"publish","type":"page","link":"https:\/\/fogagro.dk\/de\/perforierte-profile-kunststoffplatten-fuer-schweinestaelle\/","title":{"rendered":"Lochprofile und Kunststoffplatten"},"content":{"rendered":"<section class=\"wpb-content-wrapper\"><p>[vc_row][vc_column]<div class=\"ult-spacer spacer-69f1a7c1168b3\" data-id=\"69f1a7c1168b3\" data-height=\"30\" data-height-mobile=\"30\" data-height-tab=\"30\" data-height-tab-portrait=\"30\" data-height-mobile-landscape=\"30\" style=\"clear:both;display:block;\"><\/div>[vc_column_text]<\/p>\n<h1 data-start=\"196\" data-end=\"260\">Perforierte Profile und Kunststoffplatten f\u00fcr Schweinest\u00e4lle<\/h1>\n<h2 data-start=\"262\" data-end=\"316\">Langlebige Materialien f\u00fcr Hygiene und Stabilit\u00e4t<\/h2>\n<p data-start=\"317\" data-end=\"575\">Wir bieten langlebige <strong data-start=\"339\" data-end=\"362\">perforierte Profile<\/strong> und <strong data-start=\"367\" data-end=\"388\">Kunststoffplatten<\/strong> an, die ideal f\u00fcr den Einsatz in Schweinest\u00e4llen sind. Die Produkte sind leicht zu reinigen, feuchtigkeits- und chemikalienbest\u00e4ndig und tragen zu einer hygienischen Stallumgebung bei.<\/p>\n<h2 data-start=\"577\" data-end=\"629\">Flexible Installation mit perforierten Profilen<\/h2>\n<p data-start=\"630\" data-end=\"805\">Die perforierten Profile erm\u00f6glichen eine stabile und gleichzeitig flexible Installation der Kunststoffplatten. So lassen sich Stallbereiche sicher und effizient ausstatten.<\/p>\n<h2 data-start=\"807\" data-end=\"849\">Einfache Montage und minimale Wartung<\/h2>\n<p data-start=\"850\" data-end=\"1064\">Unsere L\u00f6sungen sind unkompliziert zu installieren und erfordern nur geringen Wartungsaufwand. Damit eignen sie sich perfekt f\u00fcr die moderne Schweineproduktion mit Fokus auf Haltbarkeit, Effizienz und Tierschutz.<\/p>\n<p>[\/vc_column_text]<div class=\"ult-spacer spacer-69f1a7c1168fb\" data-id=\"69f1a7c1168fb\" data-height=\"30\" data-height-mobile=\"30\" data-height-tab=\"30\" data-height-tab-portrait=\"30\" data-height-mobile-landscape=\"30\" style=\"clear:both;display:block;\"><\/div>[\/vc_column][\/vc_row][vc_row][vc_column width=&#8220;1\/3&#8243;][vc_single_image image=&#8220;4360&#8243; img_size=&#8220;250&#215;250&#8243; alignment=&#8220;center&#8220; title=&#8220;Profil der Bohrung&#8220;][vc_empty_space height=&#8220;30px&#8220;]<div class=\"ult_exp_section_layer ult-adjust-bottom-margin  \" >\n\t<div id=\"uvc-exp-wrap-2912\"   data-ultimate-target='#uvc-exp-wrap-2912'  data-responsive-json-new='{\"font-size\":\"desktop:20px;\",\"line-height\":\"desktop:20px;\"}'  class=\"ult_exp_section  ult-responsive \" style=\"color:#333333;background-color:#dbdbdb; font-weight:normal;  text-align:center;\" data-textcolor=\"#333333\"data-texthover=\"#333333\"data-icncolor=\"#333333\"data-ihover=\"#333333\"data-height=\"0\"data-cntbg=\"#dbdbdb\"data-cnthvrbg=\"#e5e5e5\"data-headerbg=\"#dbdbdb\"data-headerhover=\"#e5e5e5\"data-title=\"Beschreibung\"data-newtitle=\"Beschreibung\"data-icon=\"Defaults-sort-desc sort-down\"data-newicon=\"Defaults-sort-desc sort-down\"data-activeicon=\"#333333\"data-effect=\"slideToggle\"data-override=\"0\"data-activetitle=\"#333333\"data-activebg=\"#dbdbdb\"data-img=\"\"data-newimg=\"\"><div  class=\"ult_exp_section-main \">\n\t\t\t\t\t<div class=\"ult_expheader\" >Beschreibung\n\t\t\t\t\t <\/div>\t<div class=\"ult-just-icon-wrapper ult_exp_icon\">\n\t\t\t\t\t<div class=\"align-icon \">\n\t\t\t\t\t\t\n<span class=\"aio-icon  none  ult_expsection_icon \"  style=\"color:#333333;font-size:32px;display:inline-block;\">\n\t<i class=\"Defaults-sort-desc sort-down ult_ex_icon\"  ><\/i>\n<\/span>\n\t\t\t\t\t<\/div>\n\t\t\t\t<\/div><\/div>\n\t\t\t\t<\/div><div class=\"ult_exp_content \" style=\"background-color:#dbdbdb;  \"><div class=\"ult_ecpsub_cont\" style=\" \" >[vc_column_text]<\/p>\n<p style=\"text-align: left;\">602.187B 250&#215;35 mm CO-EX<\/p>\n<p>[\/vc_column_text]<\/div><\/div>\n\n\t\t\t<\/div>[\/vc_column][vc_column width=&#8220;1\/3&#8243;][vc_single_image image=&#8220;4402&#8243; img_size=&#8220;250&#215;250&#8243; alignment=&#8220;center&#8220; title=&#8220;PE-Kunststoffplatten&#8220;][vc_empty_space height=&#8220;30px&#8220;]<div class=\"ult_exp_section_layer ult-adjust-bottom-margin  \" >\n\t<div id=\"uvc-exp-wrap-3572\"   data-ultimate-target='#uvc-exp-wrap-3572'  data-responsive-json-new='{\"font-size\":\"desktop:20px;\",\"line-height\":\"desktop:20px;\"}'  class=\"ult_exp_section  ult-responsive \" style=\"color:#333333;background-color:#dbdbdb; font-weight:normal;  text-align:center;\" data-textcolor=\"#333333\"data-texthover=\"#333333\"data-icncolor=\"#333333\"data-ihover=\"#333333\"data-height=\"0\"data-cntbg=\"#dbdbdb\"data-cnthvrbg=\"#e5e5e5\"data-headerbg=\"#dbdbdb\"data-headerhover=\"#e5e5e5\"data-title=\"Beschreibung\"data-newtitle=\"Beschreibung\"data-icon=\"Defaults-sort-desc sort-down\"data-newicon=\"Defaults-sort-desc sort-down\"data-activeicon=\"#333333\"data-effect=\"slideToggle\"data-override=\"0\"data-activetitle=\"#333333\"data-activebg=\"#dbdbdb\"data-img=\"\"data-newimg=\"\"><div  class=\"ult_exp_section-main \">\n\t\t\t\t\t<div class=\"ult_expheader\" >Beschreibung\n\t\t\t\t\t <\/div>\t<div class=\"ult-just-icon-wrapper ult_exp_icon\">\n\t\t\t\t\t<div class=\"align-icon \">\n\t\t\t\t\t\t\n<span class=\"aio-icon  none  ult_expsection_icon \"  style=\"color:#333333;font-size:32px;display:inline-block;\">\n\t<i class=\"Defaults-sort-desc sort-down ult_ex_icon\"  ><\/i>\n<\/span>\n\t\t\t\t\t<\/div>\n\t\t\t\t<\/div><\/div>\n\t\t\t\t<\/div><div class=\"ult_exp_content \" style=\"background-color:#dbdbdb;  \"><div class=\"ult_ecpsub_cont\" style=\" \" >[vc_column_text]<\/p>\n<p style=\"text-align: left;\">703.200 3000x1500x12 mm glatt<\/p>\n<p>[\/vc_column_text]<\/div><\/div>\n\n\t\t\t<\/div>[\/vc_column][\/vc_row][vc_row][vc_column][vc_column_text]<\/p>\n<h2>Kontaktieren Sie uns und erfahren Sie mehr<\/h2>\n<p>Ben\u00f6tigen Sie Kunststoffplatten, Hohlprofile oder andere Kunststoffl\u00f6sungen f\u00fcr St\u00e4lle, den Bau oder die Industrie? Oder m\u00f6chten Sie mehr dar\u00fcber erfahren, wie wir Ihnen helfen k\u00f6nnen, die richtige L\u00f6sung zu finden? Unsere Experten beraten Sie gerne und helfen Ihnen, das richtige Produkt f\u00fcr Ihren Bedarf zu finden. <a href=\"https:\/\/fogagro.dk\/kontakt\/\">Kontaktieren Sie uns noch heute<\/a>. Auf dieser Seite finden Sie auch unsere <a href=\"https:\/\/fogagro.dk\/produkter\/\">anderen Produkte<\/a>, darunter <a href=\"https:\/\/fogagro.dk\/traekogslip\/\">das Pull and Release System<\/a> und verschiedene <a href=\"https:\/\/fogagro.dk\/de\/hilfsmittel-in-der-scheune\/\">Stallhilfen<\/a>.<\/p>\n<p>&nbsp;<\/p>\n<p>[\/vc_column_text][\/vc_column][\/vc_row]<\/p>\n<\/section>","protected":false},"excerpt":{"rendered":"<p>[vc_row][vc_column][vc_column_text] Perforierte Profile und Kunststoffplatten f\u00fcr Schweinest\u00e4lle Langlebige Materialien f\u00fcr Hygiene und Stabilit\u00e4t Wir bieten langlebige perforierte Profile und Kunststoffplatten an, die ideal f\u00fcr den Einsatz in Schweinest\u00e4llen sind. Die Produkte sind leicht zu reinigen, feuchtigkeits- und chemikalienbest\u00e4ndig und tragen zu einer hygienischen Stallumgebung bei. Flexible Installation mit perforierten Profilen Die perforierten Profile erm\u00f6glichen eine &#8230; <a title=\"Lochprofile und Kunststoffplatten\" class=\"read-more\" href=\"https:\/\/fogagro.dk\/de\/perforierte-profile-kunststoffplatten-fuer-schweinestaelle\/\" aria-label=\"Mehr zu Lochprofile und Kunststoffplatten\">Weiterlesen &#8230;<\/a><\/p>\n","protected":false},"author":2,"featured_media":0,"parent":0,"menu_order":0,"comment_status":"closed","ping_status":"closed","template":"","meta":{"footnotes":""},"categories":[],"class_list":["post-4558","page","type-page","status-publish"],"acf":[],"yoast_head":"<!-- This site is optimized with the Yoast SEO plugin v27.3 - https:\/\/yoast.com\/product\/yoast-seo-wordpress\/ -->\n<title>Lochprofile und Kunststoffplatten &#183; Fog Agroteknik A\/S<\/title>\n<meta name=\"description\" content=\"Profile und Kunststoffplatten f\u00fcr Schweinest\u00e4lle - leicht zu reinigen, hygienisch und langlebig. Perfekt f\u00fcr moderne landwirtschaftliche Geb\u00e4ude.\" \/>\n<meta name=\"robots\" content=\"index, follow, max-snippet:-1, max-image-preview:large, max-video-preview:-1\" \/>\n<link rel=\"canonical\" href=\"https:\/\/fogagro.dk\/de\/perforierte-profile-kunststoffplatten-fuer-schweinestaelle\/\" \/>\n<meta property=\"og:locale\" content=\"de_DE\" \/>\n<meta property=\"og:type\" content=\"article\" \/>\n<meta property=\"og:title\" content=\"Lochprofile und Kunststoffplatten &#183; Fog Agroteknik A\/S\" \/>\n<meta property=\"og:description\" content=\"Profile und Kunststoffplatten f\u00fcr Schweinest\u00e4lle - leicht zu reinigen, hygienisch und langlebig. Perfekt f\u00fcr moderne landwirtschaftliche Geb\u00e4ude.\" \/>\n<meta property=\"og:url\" content=\"https:\/\/fogagro.dk\/de\/perforierte-profile-kunststoffplatten-fuer-schweinestaelle\/\" \/>\n<meta property=\"og:site_name\" content=\"Fog Agroteknik A\/S\" \/>\n<meta property=\"article:modified_time\" content=\"2025-09-22T08:46:04+00:00\" \/>\n<meta name=\"twitter:card\" content=\"summary_large_image\" \/>\n<meta name=\"twitter:label1\" content=\"Gesch\u00e4tzte Lesezeit\" \/>\n\t<meta name=\"twitter:data1\" content=\"2\u00a0Minuten\" \/>\n<script type=\"application\/ld+json\" class=\"yoast-schema-graph\">{\"@context\":\"https:\\\/\\\/schema.org\",\"@graph\":[{\"@type\":\"WebPage\",\"@id\":\"https:\\\/\\\/fogagro.dk\\\/de\\\/perforierte-profile-kunststoffplatten-fuer-schweinestaelle\\\/\",\"url\":\"https:\\\/\\\/fogagro.dk\\\/de\\\/perforierte-profile-kunststoffplatten-fuer-schweinestaelle\\\/\",\"name\":\"Lochprofile und Kunststoffplatten &#183; Fog Agroteknik A\\\/S\",\"isPartOf\":{\"@id\":\"https:\\\/\\\/fogagro.dk\\\/de\\\/#website\"},\"datePublished\":\"2022-11-25T10:31:30+00:00\",\"dateModified\":\"2025-09-22T08:46:04+00:00\",\"description\":\"Profile und Kunststoffplatten f\u00fcr Schweinest\u00e4lle - leicht zu reinigen, hygienisch und langlebig. Perfekt f\u00fcr moderne landwirtschaftliche Geb\u00e4ude.\",\"breadcrumb\":{\"@id\":\"https:\\\/\\\/fogagro.dk\\\/de\\\/perforierte-profile-kunststoffplatten-fuer-schweinestaelle\\\/#breadcrumb\"},\"inLanguage\":\"de\",\"potentialAction\":[{\"@type\":\"ReadAction\",\"target\":[\"https:\\\/\\\/fogagro.dk\\\/de\\\/perforierte-profile-kunststoffplatten-fuer-schweinestaelle\\\/\"]}]},{\"@type\":\"BreadcrumbList\",\"@id\":\"https:\\\/\\\/fogagro.dk\\\/de\\\/perforierte-profile-kunststoffplatten-fuer-schweinestaelle\\\/#breadcrumb\",\"itemListElement\":[{\"@type\":\"ListItem\",\"position\":1,\"name\":\"Hjem\",\"item\":\"https:\\\/\\\/fogagro.dk\\\/de\\\/\"},{\"@type\":\"ListItem\",\"position\":2,\"name\":\"Lochprofile und Kunststoffplatten\"}]},{\"@type\":\"WebSite\",\"@id\":\"https:\\\/\\\/fogagro.dk\\\/de\\\/#website\",\"url\":\"https:\\\/\\\/fogagro.dk\\\/de\\\/\",\"name\":\"Fog Agroteknik A\\\/S\",\"description\":\"Wir bieten Komplettl\u00f6sungen f\u00fcr das G\u00fcllemanagement in Schweinefarmen.\",\"publisher\":{\"@id\":\"https:\\\/\\\/fogagro.dk\\\/de\\\/#organization\"},\"potentialAction\":[{\"@type\":\"SearchAction\",\"target\":{\"@type\":\"EntryPoint\",\"urlTemplate\":\"https:\\\/\\\/fogagro.dk\\\/de\\\/?s={search_term_string}\"},\"query-input\":{\"@type\":\"PropertyValueSpecification\",\"valueRequired\":true,\"valueName\":\"search_term_string\"}}],\"inLanguage\":\"de\"},{\"@type\":\"Organization\",\"@id\":\"https:\\\/\\\/fogagro.dk\\\/de\\\/#organization\",\"name\":\"Fog Agroteknik A\\\/S\",\"url\":\"https:\\\/\\\/fogagro.dk\\\/de\\\/\",\"logo\":{\"@type\":\"ImageObject\",\"inLanguage\":\"de\",\"@id\":\"https:\\\/\\\/fogagro.dk\\\/de\\\/#\\\/schema\\\/logo\\\/image\\\/\",\"url\":\"https:\\\/\\\/fogagro.dk\\\/wp-content\\\/uploads\\\/2022\\\/09\\\/logo-1.png\",\"contentUrl\":\"https:\\\/\\\/fogagro.dk\\\/wp-content\\\/uploads\\\/2022\\\/09\\\/logo-1.png\",\"width\":352,\"height\":49,\"caption\":\"Fog Agroteknik A\\\/S\"},\"image\":{\"@id\":\"https:\\\/\\\/fogagro.dk\\\/de\\\/#\\\/schema\\\/logo\\\/image\\\/\"}}]}<\/script>\n<!-- \/ Yoast SEO plugin. -->","yoast_head_json":{"title":"Lochprofile und Kunststoffplatten &#183; Fog Agroteknik A\/S","description":"Profile und Kunststoffplatten f\u00fcr Schweinest\u00e4lle - leicht zu reinigen, hygienisch und langlebig. Perfekt f\u00fcr moderne landwirtschaftliche Geb\u00e4ude.","robots":{"index":"index","follow":"follow","max-snippet":"max-snippet:-1","max-image-preview":"max-image-preview:large","max-video-preview":"max-video-preview:-1"},"canonical":"https:\/\/fogagro.dk\/de\/perforierte-profile-kunststoffplatten-fuer-schweinestaelle\/","og_locale":"de_DE","og_type":"article","og_title":"Lochprofile und Kunststoffplatten &#183; Fog Agroteknik A\/S","og_description":"Profile und Kunststoffplatten f\u00fcr Schweinest\u00e4lle - leicht zu reinigen, hygienisch und langlebig. Perfekt f\u00fcr moderne landwirtschaftliche Geb\u00e4ude.","og_url":"https:\/\/fogagro.dk\/de\/perforierte-profile-kunststoffplatten-fuer-schweinestaelle\/","og_site_name":"Fog Agroteknik A\/S","article_modified_time":"2025-09-22T08:46:04+00:00","twitter_card":"summary_large_image","twitter_misc":{"Gesch\u00e4tzte Lesezeit":"2\u00a0Minuten"},"schema":{"@context":"https:\/\/schema.org","@graph":[{"@type":"WebPage","@id":"https:\/\/fogagro.dk\/de\/perforierte-profile-kunststoffplatten-fuer-schweinestaelle\/","url":"https:\/\/fogagro.dk\/de\/perforierte-profile-kunststoffplatten-fuer-schweinestaelle\/","name":"Lochprofile und Kunststoffplatten &#183; Fog Agroteknik A\/S","isPartOf":{"@id":"https:\/\/fogagro.dk\/de\/#website"},"datePublished":"2022-11-25T10:31:30+00:00","dateModified":"2025-09-22T08:46:04+00:00","description":"Profile und Kunststoffplatten f\u00fcr Schweinest\u00e4lle - leicht zu reinigen, hygienisch und langlebig. Perfekt f\u00fcr moderne landwirtschaftliche Geb\u00e4ude.","breadcrumb":{"@id":"https:\/\/fogagro.dk\/de\/perforierte-profile-kunststoffplatten-fuer-schweinestaelle\/#breadcrumb"},"inLanguage":"de","potentialAction":[{"@type":"ReadAction","target":["https:\/\/fogagro.dk\/de\/perforierte-profile-kunststoffplatten-fuer-schweinestaelle\/"]}]},{"@type":"BreadcrumbList","@id":"https:\/\/fogagro.dk\/de\/perforierte-profile-kunststoffplatten-fuer-schweinestaelle\/#breadcrumb","itemListElement":[{"@type":"ListItem","position":1,"name":"Hjem","item":"https:\/\/fogagro.dk\/de\/"},{"@type":"ListItem","position":2,"name":"Lochprofile und Kunststoffplatten"}]},{"@type":"WebSite","@id":"https:\/\/fogagro.dk\/de\/#website","url":"https:\/\/fogagro.dk\/de\/","name":"Fog Agroteknik A\/S","description":"Wir bieten Komplettl\u00f6sungen f\u00fcr das G\u00fcllemanagement in Schweinefarmen.","publisher":{"@id":"https:\/\/fogagro.dk\/de\/#organization"},"potentialAction":[{"@type":"SearchAction","target":{"@type":"EntryPoint","urlTemplate":"https:\/\/fogagro.dk\/de\/?s={search_term_string}"},"query-input":{"@type":"PropertyValueSpecification","valueRequired":true,"valueName":"search_term_string"}}],"inLanguage":"de"},{"@type":"Organization","@id":"https:\/\/fogagro.dk\/de\/#organization","name":"Fog Agroteknik A\/S","url":"https:\/\/fogagro.dk\/de\/","logo":{"@type":"ImageObject","inLanguage":"de","@id":"https:\/\/fogagro.dk\/de\/#\/schema\/logo\/image\/","url":"https:\/\/fogagro.dk\/wp-content\/uploads\/2022\/09\/logo-1.png","contentUrl":"https:\/\/fogagro.dk\/wp-content\/uploads\/2022\/09\/logo-1.png","width":352,"height":49,"caption":"Fog Agroteknik A\/S"},"image":{"@id":"https:\/\/fogagro.dk\/de\/#\/schema\/logo\/image\/"}}]}},"_links":{"self":[{"href":"https:\/\/fogagro.dk\/de\/wp-json\/wp\/v2\/pages\/4558","targetHints":{"allow":["GET"]}}],"collection":[{"href":"https:\/\/fogagro.dk\/de\/wp-json\/wp\/v2\/pages"}],"about":[{"href":"https:\/\/fogagro.dk\/de\/wp-json\/wp\/v2\/types\/page"}],"author":[{"embeddable":true,"href":"https:\/\/fogagro.dk\/de\/wp-json\/wp\/v2\/users\/2"}],"replies":[{"embeddable":true,"href":"https:\/\/fogagro.dk\/de\/wp-json\/wp\/v2\/comments?post=4558"}],"version-history":[{"count":4,"href":"https:\/\/fogagro.dk\/de\/wp-json\/wp\/v2\/pages\/4558\/revisions"}],"predecessor-version":[{"id":4739,"href":"https:\/\/fogagro.dk\/de\/wp-json\/wp\/v2\/pages\/4558\/revisions\/4739"}],"wp:attachment":[{"href":"https:\/\/fogagro.dk\/de\/wp-json\/wp\/v2\/media?parent=4558"}],"wp:term":[{"taxonomy":"category","embeddable":true,"href":"https:\/\/fogagro.dk\/de\/wp-json\/wp\/v2\/categories?post=4558"}],"curies":[{"name":"wp","href":"https:\/\/api.w.org\/{rel}","templated":true}]}}