{"id":4573,"date":"2022-11-25T11:35:07","date_gmt":"2022-11-25T10:35:07","guid":{"rendered":"https:\/\/fogagro.dk\/schiebeklappen-schieber-und-ventile\/"},"modified":"2025-09-22T10:58:09","modified_gmt":"2025-09-22T08:58:09","slug":"ventile-fuer-schweinestaelle-schiebeklappen-absperrschieber","status":"publish","type":"page","link":"https:\/\/fogagro.dk\/de\/ventile-fuer-schweinestaelle-schiebeklappen-absperrschieber\/","title":{"rendered":"Schiebeklappen, Schieber und Ventile"},"content":{"rendered":"<section class=\"wpb-content-wrapper\"><p>[vc_row][vc_column]<div class=\"ult-spacer spacer-69f1d3df9fb72\" data-id=\"69f1d3df9fb72\" data-height=\"30\" data-height-mobile=\"30\" data-height-tab=\"30\" data-height-tab-portrait=\"30\" data-height-mobile-landscape=\"30\" style=\"clear:both;display:block;\"><\/div>[vc_column_text]<\/p>\n<h1 data-start=\"167\" data-end=\"234\">Ventile f\u00fcr Schweinest\u00e4lle \u2013 Schiebeklappen und Absperrschieber<\/h1>\n<h2 data-start=\"236\" data-end=\"279\">Zuverl\u00e4ssige Steuerung f\u00fcr Ihre Anlage<\/h2>\n<p data-start=\"280\" data-end=\"538\"><strong data-start=\"543\" data-end=\"600\">Schiebeklappen und Absperrschieber f\u00fcr Schweinest\u00e4lle<\/strong> sind die ideale L\u00f6sung zur Optimierung Ihrer Steuerungssysteme. Unsere robusten Ventile sind so konzipiert, dass Ihre Anlage jederzeit zuverl\u00e4ssig und effizient funktioniert. Damit bieten wir eine zuverl\u00e4ssige L\u00f6sung f\u00fcr die Optimierung Ihrer Anlage.<\/p>\n<h2 data-start=\"540\" data-end=\"583\">Flexible Einsatzm\u00f6glichkeiten im Stall<\/h2>\n<p data-start=\"584\" data-end=\"774\">Ob f\u00fcr den Einsatz in Schweinest\u00e4llen oder in anderen landwirtschaftlichen Systemen \u2013 unsere Schiebeklappen und Schieber sorgen f\u00fcr eine pr\u00e4zise und langlebige Steuerung von Fl\u00fcssigkeiten.<\/p>\n<h2 data-start=\"776\" data-end=\"808\">Beratung und Produktauswahl<\/h2>\n<p data-start=\"809\" data-end=\"1007\">Unsere Experten unterst\u00fctzen Sie gerne bei der Auswahl des passenden Produkts \u2013 sei es eine Schiebeklappe, ein Absperrschieber oder ein anderes Ventil. Sehen Sie unten unsere verf\u00fcgbaren L\u00f6sungen.<\/p>\n<p>[\/vc_column_text]<div class=\"ult-spacer spacer-69f1d3df9fbbf\" data-id=\"69f1d3df9fbbf\" data-height=\"30\" data-height-mobile=\"30\" data-height-tab=\"30\" data-height-tab-portrait=\"30\" data-height-mobile-landscape=\"30\" style=\"clear:both;display:block;\"><\/div>[\/vc_column][\/vc_row][vc_row][vc_column width=&#8220;1\/3&#8243;][vc_single_image image=&#8220;3936&#8243; img_size=&#8220;250&#215;250&#8243; alignment=&#8220;center&#8220; title=&#8220;Kombi-Ventile&#8220;][vc_empty_space height=&#8220;30px&#8220;]<div class=\"ult_exp_section_layer ult-adjust-bottom-margin  \" >\n\t<div id=\"uvc-exp-wrap-6838\"   data-ultimate-target='#uvc-exp-wrap-6838'  data-responsive-json-new='{\"font-size\":\"desktop:20px;\",\"line-height\":\"desktop:20px;\"}'  class=\"ult_exp_section  ult-responsive \" style=\"color:#333333;background-color:#dbdbdb; font-weight:normal;  text-align:center;\" data-textcolor=\"#333333\"data-texthover=\"#333333\"data-icncolor=\"#333333\"data-ihover=\"#333333\"data-height=\"0\"data-cntbg=\"#dbdbdb\"data-cnthvrbg=\"#e5e5e5\"data-headerbg=\"#dbdbdb\"data-headerhover=\"#e5e5e5\"data-title=\"Beschreibung\"data-newtitle=\"Beschreibung\"data-icon=\"Defaults-sort-desc sort-down\"data-newicon=\"Defaults-sort-desc sort-down\"data-activeicon=\"#333333\"data-effect=\"slideToggle\"data-override=\"0\"data-activetitle=\"#333333\"data-activebg=\"#dbdbdb\"data-img=\"\"data-newimg=\"\"><div  class=\"ult_exp_section-main \">\n\t\t\t\t\t<div class=\"ult_expheader\" >Beschreibung\n\t\t\t\t\t <\/div>\t<div class=\"ult-just-icon-wrapper ult_exp_icon\">\n\t\t\t\t\t<div class=\"align-icon \">\n\t\t\t\t\t\t\n<span class=\"aio-icon  none  ult_expsection_icon \"  style=\"color:#333333;font-size:32px;display:inline-block;\">\n\t<i class=\"Defaults-sort-desc sort-down ult_ex_icon\"  ><\/i>\n<\/span>\n\t\t\t\t\t<\/div>\n\t\t\t\t<\/div><\/div>\n\t\t\t\t<\/div><div class=\"ult_exp_content \" style=\"background-color:#dbdbdb;  \"><div class=\"ult_ecpsub_cont\" style=\" \" >[vc_column_text]<\/p>\n<p style=\"text-align: left;\">260.394 \u00d8110 &#8211; 4 bar<br \/>\n260.395 \u00d8125 &#8211; 4 bar<br \/>\n260.396 \u00d8160 &#8211; 4 bar<br \/>\n260.397 \u00d8200 &#8211; 4 bar<br \/>\n260.398 \u00d8250 &#8211; 2.5 bar<br \/>\n260.399 \u00d8315 &#8211; 2.5 bar<\/p>\n<p>[\/vc_column_text]<\/div><\/div>\n\n\t\t\t<\/div>[\/vc_column][vc_column width=&#8220;1\/3&#8243;][vc_single_image image=&#8220;3944&#8243; img_size=&#8220;250&#215;250&#8243; alignment=&#8220;center&#8220; title=&#8220;PE-Druckventil&#8220;][vc_empty_space height=&#8220;30px&#8220;]<div class=\"ult_exp_section_layer ult-adjust-bottom-margin  \" >\n\t<div id=\"uvc-exp-wrap-2617\"   data-ultimate-target='#uvc-exp-wrap-2617'  data-responsive-json-new='{\"font-size\":\"desktop:20px;\",\"line-height\":\"desktop:20px;\"}'  class=\"ult_exp_section  ult-responsive \" style=\"color:#333333;background-color:#dbdbdb; font-weight:normal;  text-align:center;\" data-textcolor=\"#333333\"data-texthover=\"#333333\"data-icncolor=\"#333333\"data-ihover=\"#333333\"data-height=\"0\"data-cntbg=\"#dbdbdb\"data-cnthvrbg=\"#e5e5e5\"data-headerbg=\"#dbdbdb\"data-headerhover=\"#e5e5e5\"data-title=\"Beschreibung\"data-newtitle=\"Beschreibung\"data-icon=\"Defaults-sort-desc sort-down\"data-newicon=\"Defaults-sort-desc sort-down\"data-activeicon=\"#333333\"data-effect=\"slideToggle\"data-override=\"0\"data-activetitle=\"#333333\"data-activebg=\"#dbdbdb\"data-img=\"\"data-newimg=\"\"><div  class=\"ult_exp_section-main \">\n\t\t\t\t\t<div class=\"ult_expheader\" >Beschreibung\n\t\t\t\t\t <\/div>\t<div class=\"ult-just-icon-wrapper ult_exp_icon\">\n\t\t\t\t\t<div class=\"align-icon \">\n\t\t\t\t\t\t\n<span class=\"aio-icon  none  ult_expsection_icon \"  style=\"color:#333333;font-size:32px;display:inline-block;\">\n\t<i class=\"Defaults-sort-desc sort-down ult_ex_icon\"  ><\/i>\n<\/span>\n\t\t\t\t\t<\/div>\n\t\t\t\t<\/div><\/div>\n\t\t\t\t<\/div><div class=\"ult_exp_content \" style=\"background-color:#dbdbdb;  \"><div class=\"ult_ecpsub_cont\" style=\" \" >[vc_column_text]260.510 \u00d8110 &#8211; 6 bar<br \/>\n260.511 \u00d8125 &#8211; 6 bar<br \/>\n260.512 \u00d8160 &#8211; 6 bar<br \/>\n260.513 \u00d8200 &#8211; 6 bar<br \/>\n260.514 \u00d8250 &#8211; 6 bar<br \/>\n260.515 \u00d8315 &#8211; 6 bar[\/vc_column_text]<\/div><\/div>\n\n\t\t\t<\/div>[\/vc_column][vc_column width=&#8220;1\/3&#8243;][vc_single_image image=&#8220;4268&#8243; img_size=&#8220;250&#215;250&#8243; alignment=&#8220;center&#8220; title=&#8220;Zubeh\u00f6r Ventile&#8220;][vc_empty_space height=&#8220;30px&#8220;]<div class=\"ult_exp_section_layer ult-adjust-bottom-margin  \" >\n\t<div id=\"uvc-exp-wrap-3064\"   data-ultimate-target='#uvc-exp-wrap-3064'  data-responsive-json-new='{\"font-size\":\"desktop:20px;\",\"line-height\":\"desktop:20px;\"}'  class=\"ult_exp_section  ult-responsive \" style=\"color:#333333;background-color:#dbdbdb; font-weight:normal;  text-align:center;\" data-textcolor=\"#333333\"data-texthover=\"#333333\"data-icncolor=\"#333333\"data-ihover=\"#333333\"data-height=\"0\"data-cntbg=\"#dbdbdb\"data-cnthvrbg=\"#e5e5e5\"data-headerbg=\"#dbdbdb\"data-headerhover=\"#e5e5e5\"data-title=\"Beschreibung\"data-newtitle=\"Beschreibung\"data-icon=\"Defaults-sort-desc sort-down\"data-newicon=\"Defaults-sort-desc sort-down\"data-activeicon=\"#333333\"data-effect=\"slideToggle\"data-override=\"0\"data-activetitle=\"#333333\"data-activebg=\"#dbdbdb\"data-img=\"\"data-newimg=\"\"><div  class=\"ult_exp_section-main \">\n\t\t\t\t\t<div class=\"ult_expheader\" >Beschreibung\n\t\t\t\t\t <\/div>\t<div class=\"ult-just-icon-wrapper ult_exp_icon\">\n\t\t\t\t\t<div class=\"align-icon \">\n\t\t\t\t\t\t\n<span class=\"aio-icon  none  ult_expsection_icon \"  style=\"color:#333333;font-size:32px;display:inline-block;\">\n\t<i class=\"Defaults-sort-desc sort-down ult_ex_icon\"  ><\/i>\n<\/span>\n\t\t\t\t\t<\/div>\n\t\t\t\t<\/div><\/div>\n\t\t\t\t<\/div><div class=\"ult_exp_content \" style=\"background-color:#dbdbdb;  \"><div class=\"ult_ecpsub_cont\" style=\" \" >[vc_column_text]260.403 Verl\u00e4ngerungsstange 1m<br \/>\n260.404 Verl\u00e4ngerungsstange 1.5m<br \/>\n260.405 Verl\u00e4ngerungsstange 2m<br \/>\n260.407 Verl\u00e4ngerungsstange verst\u00e4rkt<br \/>\n260.412 Verstellbarer Stock 20-30 cm<br \/>\n260.416 Verl\u00e4ngerungsset 0.5m<br \/>\n260.402 Verl\u00e4ngerungsset 1m<br \/>\n260.417 Verl\u00e4ngerungsset 1.5m<br \/>\n260.418 Verl\u00e4ngerungsset 2m<br \/>\n260.401 Verl\u00e4ngerungsset Verl\u00e4ngerung pro 1m<br \/>\n260.419 Geh\u00e4use-Erweiterungssatz<br \/>\n260.301 Spindel f\u00fcr \u00d8110 Ventil<br \/>\n260.302 Spindel f\u00fcr Ventil \u00d8125<br \/>\n260.303 Spindel f\u00fcr \u00d8160 Ventil<br \/>\n260.304 Spindel f\u00fcr \u00d8200 Ventil<br \/>\n260.305 Spindel f\u00fcr \u00d8250 Ventil<br \/>\n260.306 Spindel f\u00fcr \u00d8315 Ventil<br \/>\n260.320 Offener Schraubenschl\u00fcssel f\u00fcr Spindel 1.0m<br \/>\n260.320 Offener Schraubenschl\u00fcssel f\u00fcr Spindel 1.5m<br \/>\n260.320 Offener Schraubenschl\u00fcssel f\u00fcr Spindel 2.0m<br \/>\n260.604 Elektrischer Antrieb f\u00fcr Ventil \u00d8110-250<br \/>\n260.605 LA28-160 Komplett (elektrischer Antrieb, Box, Handbedienung)<br \/>\n260.608 LA28-315 Komplett (elektrischer Antrieb, Geh\u00e4use, Handbedienung)<br \/>\n260.615 LA28-160 Steuerkasten f\u00fcr elektrischen Antrieb (110-315 mm)<br \/>\n260.617 LA28-160 LA Handschalter f\u00fcr elektrischen Antrieb (110-315 mm)<br \/>\n260.625 LA25-160 Elektrischer Antrieb mit 5 m Kabel<br \/>\n260.628 LA25-315 Elektrischer Antrieb mit 5 m Kabel<br \/>\n260.635 LA25-315 Lenkgetriebe (auf\/ab manuell)<br \/>\n260.660 Auf\/Zu-Marker f\u00fcr elektrischen Antrieb<br \/>\n260.665 Nebelabdeckung f\u00fcr \u00d8200mm Schutzrohr<br \/>\n260.672 LA25-160 Oberbau (Halterungen und Rohre)<br \/>\n260.675 LA25-315 Oberbau (Halterungen und Rohre)<br \/>\n260.682 LA28-160 Aufbauten (Halterungen und Rohre)<br \/>\n260.685 LA28-315 Oberbau (Halterungen und Rohre)<br \/>\n260.695 LA35-315 Oberbau (Halterungen und Rohre)<br \/>\n260.393a Kombi-Griff (10mm)<br \/>\n260.393b Kombi-Griff (12mm)<br \/>\n260.410 \u00d6ffnungsschl\u00fcssel f\u00fcr Ventil<br \/>\n260.411 \u00d6se f\u00fcr Ventil (zum \u00d6ffnen des Schl\u00fcssels)<br \/>\n260.415 Halterung F\/160 mm Ventil[\/vc_column_text]<\/div><\/div>\n\n\t\t\t<\/div>[\/vc_column][\/vc_row][vc_row][vc_column][vc_column_text]<\/p>\n<h2>Kontaktieren Sie uns und erfahren Sie mehr<\/h2>\n<p>Ben\u00f6tigen Sie Gleitklappen, Schieber oder andere Ventile? Oder m\u00f6chten Sie mehr dar\u00fcber erfahren, wie wir Ihnen helfen k\u00f6nnen? Dann sind Sie herzlich eingeladen, <a href=\"\/kontakt\/\">uns zu kontaktieren<\/a>. Unsere Experten k\u00f6nnen Ihnen helfen, das richtige Produkt f\u00fcr Ihren speziellen Bedarf zu finden. Auf dieser Seite sehen Sie auch unsere <a href=\"https:\/\/fogagro.dk\/produkter\/\">anderen Produkte<\/a>, einschlie\u00dflich <a href=\"https:\/\/fogagro.dk\/traekogslip\/\">Zug- und Ausl\u00f6sevorrichtungen<\/a> und <a href=\"https:\/\/fogagro.dk\/de\/hilfsmittel-in-der-scheune\/\">Stabilit\u00e4tshilfen<\/a>.[\/vc_column_text]<div class=\"ult-spacer spacer-69f1d3df9fd55\" data-id=\"69f1d3df9fd55\" data-height=\"30\" data-height-mobile=\"30\" data-height-tab=\"30\" data-height-tab-portrait=\"30\" data-height-mobile-landscape=\"30\" style=\"clear:both;display:block;\"><\/div>[\/vc_column][\/vc_row]<\/p>\n<\/section>","protected":false},"excerpt":{"rendered":"<p>[vc_row][vc_column][vc_column_text] Ventile f\u00fcr Schweinest\u00e4lle \u2013 Schiebeklappen und Absperrschieber Zuverl\u00e4ssige Steuerung f\u00fcr Ihre Anlage Schiebeklappen und Absperrschieber f\u00fcr Schweinest\u00e4lle sind die ideale L\u00f6sung zur Optimierung Ihrer Steuerungssysteme. Unsere robusten Ventile sind so konzipiert, dass Ihre Anlage jederzeit zuverl\u00e4ssig und effizient funktioniert. Damit bieten wir eine zuverl\u00e4ssige L\u00f6sung f\u00fcr die Optimierung Ihrer Anlage. Flexible Einsatzm\u00f6glichkeiten im Stall &#8230; <a title=\"Schiebeklappen, Schieber und Ventile\" class=\"read-more\" href=\"https:\/\/fogagro.dk\/de\/ventile-fuer-schweinestaelle-schiebeklappen-absperrschieber\/\" aria-label=\"Mehr zu Schiebeklappen, Schieber und Ventile\">Weiterlesen &#8230;<\/a><\/p>\n","protected":false},"author":2,"featured_media":0,"parent":0,"menu_order":0,"comment_status":"closed","ping_status":"closed","template":"","meta":{"footnotes":""},"categories":[],"class_list":["post-4573","page","type-page","status-publish"],"acf":[],"yoast_head":"<!-- This site is optimized with the Yoast SEO plugin v27.3 - https:\/\/yoast.com\/product\/yoast-seo-wordpress\/ -->\n<title>Schiebeklappen, Schieber und Ventile &#183; Fog Agroteknik A\/S<\/title>\n<meta name=\"description\" content=\"Schiebeklappen und Absperrschieber f\u00fcr Schweinest\u00e4lle: robuste und zuverl\u00e4ssige Ventile f\u00fcr eine optimale Steuerung Ihrer Anlage.\" \/>\n<meta name=\"robots\" content=\"index, follow, max-snippet:-1, max-image-preview:large, max-video-preview:-1\" \/>\n<link rel=\"canonical\" href=\"https:\/\/fogagro.dk\/de\/ventile-fuer-schweinestaelle-schiebeklappen-absperrschieber\/\" \/>\n<meta property=\"og:locale\" content=\"de_DE\" \/>\n<meta property=\"og:type\" content=\"article\" \/>\n<meta property=\"og:title\" content=\"Schiebeklappen, Schieber und Ventile &#183; Fog Agroteknik A\/S\" \/>\n<meta property=\"og:description\" content=\"Schiebeklappen und Absperrschieber f\u00fcr Schweinest\u00e4lle: robuste und zuverl\u00e4ssige Ventile f\u00fcr eine optimale Steuerung Ihrer Anlage.\" \/>\n<meta property=\"og:url\" content=\"https:\/\/fogagro.dk\/de\/ventile-fuer-schweinestaelle-schiebeklappen-absperrschieber\/\" \/>\n<meta property=\"og:site_name\" content=\"Fog Agroteknik A\/S\" \/>\n<meta property=\"article:modified_time\" content=\"2025-09-22T08:58:09+00:00\" \/>\n<meta name=\"twitter:card\" content=\"summary_large_image\" \/>\n<meta name=\"twitter:label1\" content=\"Gesch\u00e4tzte Lesezeit\" \/>\n\t<meta name=\"twitter:data1\" content=\"3\u00a0Minuten\" \/>\n<script type=\"application\/ld+json\" class=\"yoast-schema-graph\">{\"@context\":\"https:\\\/\\\/schema.org\",\"@graph\":[{\"@type\":\"WebPage\",\"@id\":\"https:\\\/\\\/fogagro.dk\\\/de\\\/ventile-fuer-schweinestaelle-schiebeklappen-absperrschieber\\\/\",\"url\":\"https:\\\/\\\/fogagro.dk\\\/de\\\/ventile-fuer-schweinestaelle-schiebeklappen-absperrschieber\\\/\",\"name\":\"Schiebeklappen, Schieber und Ventile &#183; Fog Agroteknik A\\\/S\",\"isPartOf\":{\"@id\":\"https:\\\/\\\/fogagro.dk\\\/de\\\/#website\"},\"datePublished\":\"2022-11-25T10:35:07+00:00\",\"dateModified\":\"2025-09-22T08:58:09+00:00\",\"description\":\"Schiebeklappen und Absperrschieber f\u00fcr Schweinest\u00e4lle: robuste und zuverl\u00e4ssige Ventile f\u00fcr eine optimale Steuerung Ihrer Anlage.\",\"breadcrumb\":{\"@id\":\"https:\\\/\\\/fogagro.dk\\\/de\\\/ventile-fuer-schweinestaelle-schiebeklappen-absperrschieber\\\/#breadcrumb\"},\"inLanguage\":\"de\",\"potentialAction\":[{\"@type\":\"ReadAction\",\"target\":[\"https:\\\/\\\/fogagro.dk\\\/de\\\/ventile-fuer-schweinestaelle-schiebeklappen-absperrschieber\\\/\"]}]},{\"@type\":\"BreadcrumbList\",\"@id\":\"https:\\\/\\\/fogagro.dk\\\/de\\\/ventile-fuer-schweinestaelle-schiebeklappen-absperrschieber\\\/#breadcrumb\",\"itemListElement\":[{\"@type\":\"ListItem\",\"position\":1,\"name\":\"Hjem\",\"item\":\"https:\\\/\\\/fogagro.dk\\\/de\\\/\"},{\"@type\":\"ListItem\",\"position\":2,\"name\":\"Schiebeklappen, Schieber und Ventile\"}]},{\"@type\":\"WebSite\",\"@id\":\"https:\\\/\\\/fogagro.dk\\\/de\\\/#website\",\"url\":\"https:\\\/\\\/fogagro.dk\\\/de\\\/\",\"name\":\"Fog Agroteknik A\\\/S\",\"description\":\"Wir bieten Komplettl\u00f6sungen f\u00fcr das G\u00fcllemanagement in Schweinefarmen.\",\"publisher\":{\"@id\":\"https:\\\/\\\/fogagro.dk\\\/de\\\/#organization\"},\"potentialAction\":[{\"@type\":\"SearchAction\",\"target\":{\"@type\":\"EntryPoint\",\"urlTemplate\":\"https:\\\/\\\/fogagro.dk\\\/de\\\/?s={search_term_string}\"},\"query-input\":{\"@type\":\"PropertyValueSpecification\",\"valueRequired\":true,\"valueName\":\"search_term_string\"}}],\"inLanguage\":\"de\"},{\"@type\":\"Organization\",\"@id\":\"https:\\\/\\\/fogagro.dk\\\/de\\\/#organization\",\"name\":\"Fog Agroteknik A\\\/S\",\"url\":\"https:\\\/\\\/fogagro.dk\\\/de\\\/\",\"logo\":{\"@type\":\"ImageObject\",\"inLanguage\":\"de\",\"@id\":\"https:\\\/\\\/fogagro.dk\\\/de\\\/#\\\/schema\\\/logo\\\/image\\\/\",\"url\":\"https:\\\/\\\/fogagro.dk\\\/wp-content\\\/uploads\\\/2022\\\/09\\\/logo-1.png\",\"contentUrl\":\"https:\\\/\\\/fogagro.dk\\\/wp-content\\\/uploads\\\/2022\\\/09\\\/logo-1.png\",\"width\":352,\"height\":49,\"caption\":\"Fog Agroteknik A\\\/S\"},\"image\":{\"@id\":\"https:\\\/\\\/fogagro.dk\\\/de\\\/#\\\/schema\\\/logo\\\/image\\\/\"}}]}<\/script>\n<!-- \/ Yoast SEO plugin. -->","yoast_head_json":{"title":"Schiebeklappen, Schieber und Ventile &#183; Fog Agroteknik A\/S","description":"Schiebeklappen und Absperrschieber f\u00fcr Schweinest\u00e4lle: robuste und zuverl\u00e4ssige Ventile f\u00fcr eine optimale Steuerung Ihrer Anlage.","robots":{"index":"index","follow":"follow","max-snippet":"max-snippet:-1","max-image-preview":"max-image-preview:large","max-video-preview":"max-video-preview:-1"},"canonical":"https:\/\/fogagro.dk\/de\/ventile-fuer-schweinestaelle-schiebeklappen-absperrschieber\/","og_locale":"de_DE","og_type":"article","og_title":"Schiebeklappen, Schieber und Ventile &#183; Fog Agroteknik A\/S","og_description":"Schiebeklappen und Absperrschieber f\u00fcr Schweinest\u00e4lle: robuste und zuverl\u00e4ssige Ventile f\u00fcr eine optimale Steuerung Ihrer Anlage.","og_url":"https:\/\/fogagro.dk\/de\/ventile-fuer-schweinestaelle-schiebeklappen-absperrschieber\/","og_site_name":"Fog Agroteknik A\/S","article_modified_time":"2025-09-22T08:58:09+00:00","twitter_card":"summary_large_image","twitter_misc":{"Gesch\u00e4tzte Lesezeit":"3\u00a0Minuten"},"schema":{"@context":"https:\/\/schema.org","@graph":[{"@type":"WebPage","@id":"https:\/\/fogagro.dk\/de\/ventile-fuer-schweinestaelle-schiebeklappen-absperrschieber\/","url":"https:\/\/fogagro.dk\/de\/ventile-fuer-schweinestaelle-schiebeklappen-absperrschieber\/","name":"Schiebeklappen, Schieber und Ventile &#183; Fog Agroteknik A\/S","isPartOf":{"@id":"https:\/\/fogagro.dk\/de\/#website"},"datePublished":"2022-11-25T10:35:07+00:00","dateModified":"2025-09-22T08:58:09+00:00","description":"Schiebeklappen und Absperrschieber f\u00fcr Schweinest\u00e4lle: robuste und zuverl\u00e4ssige Ventile f\u00fcr eine optimale Steuerung Ihrer Anlage.","breadcrumb":{"@id":"https:\/\/fogagro.dk\/de\/ventile-fuer-schweinestaelle-schiebeklappen-absperrschieber\/#breadcrumb"},"inLanguage":"de","potentialAction":[{"@type":"ReadAction","target":["https:\/\/fogagro.dk\/de\/ventile-fuer-schweinestaelle-schiebeklappen-absperrschieber\/"]}]},{"@type":"BreadcrumbList","@id":"https:\/\/fogagro.dk\/de\/ventile-fuer-schweinestaelle-schiebeklappen-absperrschieber\/#breadcrumb","itemListElement":[{"@type":"ListItem","position":1,"name":"Hjem","item":"https:\/\/fogagro.dk\/de\/"},{"@type":"ListItem","position":2,"name":"Schiebeklappen, Schieber und Ventile"}]},{"@type":"WebSite","@id":"https:\/\/fogagro.dk\/de\/#website","url":"https:\/\/fogagro.dk\/de\/","name":"Fog Agroteknik A\/S","description":"Wir bieten Komplettl\u00f6sungen f\u00fcr das G\u00fcllemanagement in Schweinefarmen.","publisher":{"@id":"https:\/\/fogagro.dk\/de\/#organization"},"potentialAction":[{"@type":"SearchAction","target":{"@type":"EntryPoint","urlTemplate":"https:\/\/fogagro.dk\/de\/?s={search_term_string}"},"query-input":{"@type":"PropertyValueSpecification","valueRequired":true,"valueName":"search_term_string"}}],"inLanguage":"de"},{"@type":"Organization","@id":"https:\/\/fogagro.dk\/de\/#organization","name":"Fog Agroteknik A\/S","url":"https:\/\/fogagro.dk\/de\/","logo":{"@type":"ImageObject","inLanguage":"de","@id":"https:\/\/fogagro.dk\/de\/#\/schema\/logo\/image\/","url":"https:\/\/fogagro.dk\/wp-content\/uploads\/2022\/09\/logo-1.png","contentUrl":"https:\/\/fogagro.dk\/wp-content\/uploads\/2022\/09\/logo-1.png","width":352,"height":49,"caption":"Fog Agroteknik A\/S"},"image":{"@id":"https:\/\/fogagro.dk\/de\/#\/schema\/logo\/image\/"}}]}},"_links":{"self":[{"href":"https:\/\/fogagro.dk\/de\/wp-json\/wp\/v2\/pages\/4573","targetHints":{"allow":["GET"]}}],"collection":[{"href":"https:\/\/fogagro.dk\/de\/wp-json\/wp\/v2\/pages"}],"about":[{"href":"https:\/\/fogagro.dk\/de\/wp-json\/wp\/v2\/types\/page"}],"author":[{"embeddable":true,"href":"https:\/\/fogagro.dk\/de\/wp-json\/wp\/v2\/users\/2"}],"replies":[{"embeddable":true,"href":"https:\/\/fogagro.dk\/de\/wp-json\/wp\/v2\/comments?post=4573"}],"version-history":[{"count":7,"href":"https:\/\/fogagro.dk\/de\/wp-json\/wp\/v2\/pages\/4573\/revisions"}],"predecessor-version":[{"id":4743,"href":"https:\/\/fogagro.dk\/de\/wp-json\/wp\/v2\/pages\/4573\/revisions\/4743"}],"wp:attachment":[{"href":"https:\/\/fogagro.dk\/de\/wp-json\/wp\/v2\/media?parent=4573"}],"wp:term":[{"taxonomy":"category","embeddable":true,"href":"https:\/\/fogagro.dk\/de\/wp-json\/wp\/v2\/categories?post=4573"}],"curies":[{"name":"wp","href":"https:\/\/api.w.org\/{rel}","templated":true}]}}