{"id":4590,"date":"2022-11-25T11:34:03","date_gmt":"2022-11-25T10:34:03","guid":{"rendered":"https:\/\/fogagro.dk\/strongrib\/"},"modified":"2025-09-22T09:55:32","modified_gmt":"2025-09-22T07:55:32","slug":"strongrib","status":"publish","type":"page","link":"https:\/\/fogagro.dk\/de\/strongrib\/","title":{"rendered":"StrongRIB"},"content":{"rendered":"<section class=\"wpb-content-wrapper\"><p>[vc_row][vc_column]<div class=\"ult-spacer spacer-69f1bcbecaab2\" data-id=\"69f1bcbecaab2\" data-height=\"30\" data-height-mobile=\"30\" data-height-tab=\"30\" data-height-tab-portrait=\"30\" data-height-mobile-landscape=\"30\" style=\"clear:both;display:block;\"><\/div>[vc_column_text]<\/p>\n<p>&nbsp;<\/p>\n<p>StrongRIB von Fog Agroteknik ist ein \u00e4u\u00dferst robustes und druckbest\u00e4ndiges Rohrsystem, das f\u00fcr den effizienten Transport von G\u00fclle und Fl\u00fcssigkeiten in der Landwirtschaft entwickelt wurde. Das System besteht aus widerstandsf\u00e4higen Materialien, die eine hohe Haltbarkeit, lange Lebensdauer sowie Best\u00e4ndigkeit gegen\u00fcber Chemikalien und mechanischer Beanspruchung gew\u00e4hrleisten. StrongRIB eignet sich besonders f\u00fcr die Erdverlegung und den Einsatz in Umgebungen mit hohen Anforderungen an Zuverl\u00e4ssigkeit. Die Rohre lassen sich einfach mit Fittings montieren und erfordern nur minimalen Wartungsaufwand. Eine vollst\u00e4ndige und verl\u00e4ssliche L\u00f6sung f\u00fcr moderne landwirtschaftliche Betriebe.<\/p>\n<p>&nbsp;<\/p>\n<p>[\/vc_column_text]<div class=\"ult-spacer spacer-69f1bcbecaaf5\" data-id=\"69f1bcbecaaf5\" data-height=\"30\" data-height-mobile=\"30\" data-height-tab=\"30\" data-height-tab-portrait=\"30\" data-height-mobile-landscape=\"30\" style=\"clear:both;display:block;\"><\/div>[\/vc_column][\/vc_row][vc_row][vc_column width=&#8220;1\/3&#8243;][vc_single_image image=&#8220;4286&#8243; img_size=&#8220;250&#215;250&#8243; alignment=&#8220;center&#8220; title=&#8220;Pfeife &#8211; RIB&#8220;][vc_empty_space height=&#8220;30px&#8220;]<div class=\"ult_exp_section_layer ult-adjust-bottom-margin  \" >\n\t<div id=\"uvc-exp-wrap-5602\"   data-ultimate-target='#uvc-exp-wrap-5602'  data-responsive-json-new='{\"font-size\":\"desktop:20px;\",\"line-height\":\"desktop:20px;\"}'  class=\"ult_exp_section  ult-responsive \" style=\"color:#333333;background-color:#dbdbdb; font-weight:normal;  text-align:center;\" data-textcolor=\"#333333\"data-texthover=\"#333333\"data-icncolor=\"#333333\"data-ihover=\"#333333\"data-height=\"0\"data-cntbg=\"#dbdbdb\"data-cnthvrbg=\"#e5e5e5\"data-headerbg=\"#dbdbdb\"data-headerhover=\"#e5e5e5\"data-title=\"Beschreibung\"data-newtitle=\"Beschreibung\"data-icon=\"Defaults-sort-desc sort-down\"data-newicon=\"Defaults-sort-desc sort-down\"data-activeicon=\"#333333\"data-effect=\"slideToggle\"data-override=\"0\"data-activetitle=\"#333333\"data-activebg=\"#dbdbdb\"data-img=\"\"data-newimg=\"\"><div  class=\"ult_exp_section-main \">\n\t\t\t\t\t<div class=\"ult_expheader\" >Beschreibung\n\t\t\t\t\t <\/div>\t<div class=\"ult-just-icon-wrapper ult_exp_icon\">\n\t\t\t\t\t<div class=\"align-icon \">\n\t\t\t\t\t\t\n<span class=\"aio-icon  none  ult_expsection_icon \"  style=\"color:#333333;font-size:32px;display:inline-block;\">\n\t<i class=\"Defaults-sort-desc sort-down ult_ex_icon\"  ><\/i>\n<\/span>\n\t\t\t\t\t<\/div>\n\t\t\t\t<\/div><\/div>\n\t\t\t\t<\/div><div class=\"ult_exp_content \" style=\"background-color:#dbdbdb;  \"><div class=\"ult_ecpsub_cont\" style=\" \" >[vc_column_text]<\/p>\n<p style=\"text-align: left;\">DVP200315 \u00d8315mm u\/p<br \/>\nDVP200500 DN500 (573mm) u\/p<br \/>\nDVP200500A DN500 (573mm) u\/p<br \/>\nDVP200600 6 m DN600 (688mm) u\/p<br \/>\nDVP200600A 6 m DN600 (688mm) u\/p<\/p>\n<p>[\/vc_column_text]<\/div><\/div>\n\n\t\t\t<\/div>[\/vc_column][vc_column width=&#8220;1\/3&#8243;][vc_single_image image=&#8220;3908&#8243; img_size=&#8220;250&#215;250&#8243; alignment=&#8220;center&#8220; title=&#8220;TEE&#8220;][vc_empty_space height=&#8220;30px&#8220;]<div class=\"ult_exp_section_layer ult-adjust-bottom-margin  \" >\n\t<div id=\"uvc-exp-wrap-5581\"   data-ultimate-target='#uvc-exp-wrap-5581'  data-responsive-json-new='{\"font-size\":\"desktop:20px;\",\"line-height\":\"desktop:20px;\"}'  class=\"ult_exp_section  ult-responsive \" style=\"color:#333333;background-color:#dbdbdb; font-weight:normal;  text-align:center;\" data-textcolor=\"#333333\"data-texthover=\"#333333\"data-icncolor=\"#333333\"data-ihover=\"#333333\"data-height=\"0\"data-cntbg=\"#dbdbdb\"data-cnthvrbg=\"#e5e5e5\"data-headerbg=\"#dbdbdb\"data-headerhover=\"#e5e5e5\"data-title=\"Beschreibung\"data-newtitle=\"Beschreibung\"data-icon=\"Defaults-sort-desc sort-down\"data-newicon=\"Defaults-sort-desc sort-down\"data-activeicon=\"#333333\"data-effect=\"slideToggle\"data-override=\"0\"data-activetitle=\"#333333\"data-activebg=\"#dbdbdb\"data-img=\"\"data-newimg=\"\"><div  class=\"ult_exp_section-main \">\n\t\t\t\t\t<div class=\"ult_expheader\" >Beschreibung\n\t\t\t\t\t <\/div>\t<div class=\"ult-just-icon-wrapper ult_exp_icon\">\n\t\t\t\t\t<div class=\"align-icon \">\n\t\t\t\t\t\t\n<span class=\"aio-icon  none  ult_expsection_icon \"  style=\"color:#333333;font-size:32px;display:inline-block;\">\n\t<i class=\"Defaults-sort-desc sort-down ult_ex_icon\"  ><\/i>\n<\/span>\n\t\t\t\t\t<\/div>\n\t\t\t\t<\/div><\/div>\n\t\t\t\t<\/div><div class=\"ult_exp_content \" style=\"background-color:#dbdbdb;  \"><div class=\"ult_ecpsub_cont\" style=\" \" >[vc_column_text]<\/p>\n<p style=\"text-align: left;\">DVP31590A \u00d83154 25cm hoch u\/p<br \/>\nDVP31590AM 3\/muff \u00d8315 u\/p<br \/>\nDVP31590B \u00d8315 35cm hoch u\/p<br \/>\nDVP31590C \u00d8315 45cm hoch u\/p<br \/>\nDVP31590DA T-St\u00fcck \u00d8315 25cm hoch u\/muff<br \/>\nDVP31590DAM T-St\u00fcck \u00d8315 25cm hoch 1\/muff u\/p<\/p>\n<p>[\/vc_column_text]<\/div><\/div>\n\n\t\t\t<\/div>[\/vc_column][vc_column width=&#8220;1\/3&#8243;][vc_single_image image=&#8220;3913&#8243; img_size=&#8220;250&#215;250&#8243; alignment=&#8220;center&#8220; title=&#8220;Biegungen &#8211; RIB&#8220;][vc_empty_space height=&#8220;30px&#8220;]<div class=\"ult_exp_section_layer ult-adjust-bottom-margin  \" >\n\t<div id=\"uvc-exp-wrap-5841\"   data-ultimate-target='#uvc-exp-wrap-5841'  data-responsive-json-new='{\"font-size\":\"desktop:20px;\",\"line-height\":\"desktop:20px;\"}'  class=\"ult_exp_section  ult-responsive \" style=\"color:#333333;background-color:#dbdbdb; font-weight:normal;  text-align:center;\" data-textcolor=\"#333333\"data-texthover=\"#333333\"data-icncolor=\"#333333\"data-ihover=\"#333333\"data-height=\"0\"data-cntbg=\"#dbdbdb\"data-cnthvrbg=\"#e5e5e5\"data-headerbg=\"#dbdbdb\"data-headerhover=\"#e5e5e5\"data-title=\"Beschreibung\"data-newtitle=\"Beschreibung\"data-icon=\"Defaults-sort-desc sort-down\"data-newicon=\"Defaults-sort-desc sort-down\"data-activeicon=\"#333333\"data-effect=\"slideToggle\"data-override=\"0\"data-activetitle=\"#333333\"data-activebg=\"#dbdbdb\"data-img=\"\"data-newimg=\"\"><div  class=\"ult_exp_section-main \">\n\t\t\t\t\t<div class=\"ult_expheader\" >Beschreibung\n\t\t\t\t\t <\/div>\t<div class=\"ult-just-icon-wrapper ult_exp_icon\">\n\t\t\t\t\t<div class=\"align-icon \">\n\t\t\t\t\t\t\n<span class=\"aio-icon  none  ult_expsection_icon \"  style=\"color:#333333;font-size:32px;display:inline-block;\">\n\t<i class=\"Defaults-sort-desc sort-down ult_ex_icon\"  ><\/i>\n<\/span>\n\t\t\t\t\t<\/div>\n\t\t\t\t<\/div><\/div>\n\t\t\t\t<\/div><div class=\"ult_exp_content \" style=\"background-color:#dbdbdb;  \"><div class=\"ult_ecpsub_cont\" style=\" \" >[vc_column_text]<\/p>\n<p style=\"text-align: left;\">DVP15315 15\u00b0 \u00d8315 1\/muff u\/p<br \/>\nDVP15500 15\u00b0 DN500 1\/muff u\/p<br \/>\nDVP15600 15\u00b0 DN600 1\/muff u\/p<br \/>\nDVP30315 30\u00b0 \u00d8315 1\/muff u\/p<br \/>\nDVP30500 30\u00b0 DN500 1\/muff u\/p<br \/>\nDVP30600 30\u00b0 DN600 u\/p<br \/>\nDVP45315 45\u00b0 \u00d8315 1\/muff u\/p<br \/>\nDVP45500 45\u00b0 DN500 1\/muff u\/p<br \/>\nDVP45600 45\u00b0 DN600 1\/muff u\/p<br \/>\nDVP90315 87,5\u00b0 \u00d8315 u\/p<br \/>\nDVP90500 87,5\u00b0 DN500 1\/muff u\/p<br \/>\nDVP90600 87,5\u00b0 DN600 1\/muff u\/p<br \/>\nDVP15315A 15\u00b0 \u00d8315 2\/muff u\/p<br \/>\nDVP30315A 30\u00b0 \u00d8315 2\/muff u\/p<br \/>\nDVP45315A 45\u00b0 \u00d8315 2\/muff u\/p<br \/>\nDVP90315A 87,5\u00b0 \u00d8315 2\/muff u\/p<\/p>\n<p>[\/vc_column_text]<\/div><\/div>\n\n\t\t\t<\/div>[\/vc_column][\/vc_row][vc_row][vc_column width=&#8220;1\/3&#8243;][vc_single_image image=&#8220;3919&#8243; img_size=&#8220;250&#215;250&#8243; alignment=&#8220;center&#8220; title=&#8220;Abzweigrohr &#8211; RIB&#8220;][vc_empty_space height=&#8220;30px&#8220;]<div class=\"ult_exp_section_layer ult-adjust-bottom-margin  \" >\n\t<div id=\"uvc-exp-wrap-4644\"   data-ultimate-target='#uvc-exp-wrap-4644'  data-responsive-json-new='{\"font-size\":\"desktop:20px;\",\"line-height\":\"desktop:20px;\"}'  class=\"ult_exp_section  ult-responsive \" style=\"color:#333333;background-color:#dbdbdb; font-weight:normal;  text-align:center;\" data-textcolor=\"#333333\"data-texthover=\"#333333\"data-icncolor=\"#333333\"data-ihover=\"#333333\"data-height=\"0\"data-cntbg=\"#dbdbdb\"data-cnthvrbg=\"#e5e5e5\"data-headerbg=\"#dbdbdb\"data-headerhover=\"#e5e5e5\"data-title=\"Beschreibung\"data-newtitle=\"Beschreibung\"data-icon=\"Defaults-sort-desc sort-down\"data-newicon=\"Defaults-sort-desc sort-down\"data-activeicon=\"#333333\"data-effect=\"slideToggle\"data-override=\"0\"data-activetitle=\"#333333\"data-activebg=\"#dbdbdb\"data-img=\"\"data-newimg=\"\"><div  class=\"ult_exp_section-main \">\n\t\t\t\t\t<div class=\"ult_expheader\" >Beschreibung\n\t\t\t\t\t <\/div>\t<div class=\"ult-just-icon-wrapper ult_exp_icon\">\n\t\t\t\t\t<div class=\"align-icon \">\n\t\t\t\t\t\t\n<span class=\"aio-icon  none  ult_expsection_icon \"  style=\"color:#333333;font-size:32px;display:inline-block;\">\n\t<i class=\"Defaults-sort-desc sort-down ult_ex_icon\"  ><\/i>\n<\/span>\n\t\t\t\t\t<\/div>\n\t\t\t\t<\/div><\/div>\n\t\t\t\t<\/div><div class=\"ult_exp_content \" style=\"background-color:#dbdbdb;  \"><div class=\"ult_ecpsub_cont\" style=\" \" >[vc_column_text]<\/p>\n<p style=\"text-align: left;\">DVP31545 45\u00b0 \u00d8315 2\/muff u\/p<br \/>\nDVP3154545A 45\u00b0 \u00d8315 3\/muff u\/p<br \/>\nDVP315Y Y-Abzweig 45\u00b0 3\/muff u\/p<\/p>\n<p>[\/vc_column_text]<\/div><\/div>\n\n\t\t\t<\/div>[\/vc_column][vc_column width=&#8220;1\/3&#8243;][vc_single_image image=&#8220;3923&#8243; img_size=&#8220;250&#215;250&#8243; alignment=&#8220;center&#8220; title=&#8220;ConcretePropper&#8220;][vc_empty_space height=&#8220;30px&#8220;]<div class=\"ult_exp_section_layer ult-adjust-bottom-margin  \" >\n\t<div id=\"uvc-exp-wrap-9684\"   data-ultimate-target='#uvc-exp-wrap-9684'  data-responsive-json-new='{\"font-size\":\"desktop:20px;\",\"line-height\":\"desktop:20px;\"}'  class=\"ult_exp_section  ult-responsive \" style=\"color:#333333;background-color:#dbdbdb; font-weight:normal;  text-align:center;\" data-textcolor=\"#333333\"data-texthover=\"#333333\"data-icncolor=\"#333333\"data-ihover=\"#333333\"data-height=\"0\"data-cntbg=\"#dbdbdb\"data-cnthvrbg=\"#e5e5e5\"data-headerbg=\"#dbdbdb\"data-headerhover=\"#e5e5e5\"data-title=\"Beschreibung\"data-newtitle=\"Beschreibung\"data-icon=\"Defaults-sort-desc sort-down\"data-newicon=\"Defaults-sort-desc sort-down\"data-activeicon=\"#333333\"data-effect=\"slideToggle\"data-override=\"0\"data-activetitle=\"#333333\"data-activebg=\"#dbdbdb\"data-img=\"\"data-newimg=\"\"><div  class=\"ult_exp_section-main \">\n\t\t\t\t\t<div class=\"ult_expheader\" >Beschreibung\n\t\t\t\t\t <\/div>\t<div class=\"ult-just-icon-wrapper ult_exp_icon\">\n\t\t\t\t\t<div class=\"align-icon \">\n\t\t\t\t\t\t\n<span class=\"aio-icon  none  ult_expsection_icon \"  style=\"color:#333333;font-size:32px;display:inline-block;\">\n\t<i class=\"Defaults-sort-desc sort-down ult_ex_icon\"  ><\/i>\n<\/span>\n\t\t\t\t\t<\/div>\n\t\t\t\t<\/div><\/div>\n\t\t\t\t<\/div><div class=\"ult_exp_content \" style=\"background-color:#dbdbdb;  \"><div class=\"ult_ecpsub_cont\" style=\" \" >[vc_column_text]<\/p>\n<p style=\"text-align: left;\">VP25250 \u00d8250mm<br \/>\nVP25315 \u00d8315mm<br \/>\nVP25400 \u00d8400mm<br \/>\nVP315P Zellgummiring f\u00fcr VP25315<\/p>\n<p>[\/vc_column_text]<\/div><\/div>\n\n\t\t\t<\/div>[\/vc_column][vc_column width=&#8220;1\/3&#8243;][vc_single_image image=&#8220;4295&#8243; img_size=&#8220;250&#215;250&#8243; alignment=&#8220;center&#8220; title=&#8220;\u00dcbergang &#8211; RIB&#8220;][vc_empty_space height=&#8220;30px&#8220;]<div class=\"ult_exp_section_layer ult-adjust-bottom-margin  \" >\n\t<div id=\"uvc-exp-wrap-4023\"   data-ultimate-target='#uvc-exp-wrap-4023'  data-responsive-json-new='{\"font-size\":\"desktop:20px;\",\"line-height\":\"desktop:20px;\"}'  class=\"ult_exp_section  ult-responsive \" style=\"color:#333333;background-color:#dbdbdb; font-weight:normal;  text-align:center;\" data-textcolor=\"#333333\"data-texthover=\"#333333\"data-icncolor=\"#333333\"data-ihover=\"#333333\"data-height=\"0\"data-cntbg=\"#dbdbdb\"data-cnthvrbg=\"#e5e5e5\"data-headerbg=\"#dbdbdb\"data-headerhover=\"#e5e5e5\"data-title=\"Beschreibung\"data-newtitle=\"Beschreibung\"data-icon=\"Defaults-sort-desc sort-down\"data-newicon=\"Defaults-sort-desc sort-down\"data-activeicon=\"#333333\"data-effect=\"slideToggle\"data-override=\"0\"data-activetitle=\"#333333\"data-activebg=\"#dbdbdb\"data-img=\"\"data-newimg=\"\"><div  class=\"ult_exp_section-main \">\n\t\t\t\t\t<div class=\"ult_expheader\" >Beschreibung\n\t\t\t\t\t <\/div>\t<div class=\"ult-just-icon-wrapper ult_exp_icon\">\n\t\t\t\t\t<div class=\"align-icon \">\n\t\t\t\t\t\t\n<span class=\"aio-icon  none  ult_expsection_icon \"  style=\"color:#333333;font-size:32px;display:inline-block;\">\n\t<i class=\"Defaults-sort-desc sort-down ult_ex_icon\"  ><\/i>\n<\/span>\n\t\t\t\t\t<\/div>\n\t\t\t\t<\/div><\/div>\n\t\t\t\t<\/div><div class=\"ult_exp_content \" style=\"background-color:#dbdbdb;  \"><div class=\"ult_ecpsub_cont\" style=\" \" >[vc_column_text]<\/p>\n<p style=\"text-align: left;\">DVP1110315 \u00d8110\/315 1\/muff u\/p<br \/>\nDVP1110500 \u00d8110\/500 1\/muff u\/p<br \/>\nDVP1110600 \u00d8110\/600 1\/muff u\/p<br \/>\nDVP1160315 \u00d8160\/315 1\/muff u\/p<br \/>\nDVP1160500 \u00d8160\/500 1\/muff u\/p<br \/>\nDVP1160600 \u00d8160\/600 1\/muff u\/p<br \/>\nDVP1200315 \u00d8200\/315 1\/muff u\/p<br \/>\nDVP1200500 \u00d8200\/500 1\/muff u\/p<br \/>\nDVP1200600 \u00d8200\/600 1\/muff u\/p<br \/>\nDVP1250315 \u00d8250\/315 1\/muff u\/p<\/p>\n<p>[\/vc_column_text]<\/div><\/div>\n\n\t\t\t<\/div>[\/vc_column][\/vc_row][vc_row][vc_column width=&#8220;1\/3&#8243;][vc_single_image image=&#8220;4316&#8243; img_size=&#8220;250&#215;250&#8243; alignment=&#8220;center&#8220; title=&#8220;Verschiedene Armaturen&#8220;][vc_empty_space height=&#8220;30px&#8220;]<div class=\"ult_exp_section_layer ult-adjust-bottom-margin  \" >\n\t<div id=\"uvc-exp-wrap-2724\"   data-ultimate-target='#uvc-exp-wrap-2724'  data-responsive-json-new='{\"font-size\":\"desktop:20px;\",\"line-height\":\"desktop:20px;\"}'  class=\"ult_exp_section  ult-responsive \" style=\"color:#333333;background-color:#dbdbdb; font-weight:normal;  text-align:center;\" data-textcolor=\"#333333\"data-texthover=\"#333333\"data-icncolor=\"#333333\"data-ihover=\"#333333\"data-height=\"0\"data-cntbg=\"#dbdbdb\"data-cnthvrbg=\"#e5e5e5\"data-headerbg=\"#dbdbdb\"data-headerhover=\"#e5e5e5\"data-title=\"Beschreibung\"data-newtitle=\"Beschreibung\"data-icon=\"Defaults-sort-desc sort-down\"data-newicon=\"Defaults-sort-desc sort-down\"data-activeicon=\"#333333\"data-effect=\"slideToggle\"data-override=\"0\"data-activetitle=\"#333333\"data-activebg=\"#dbdbdb\"data-img=\"\"data-newimg=\"\"><div  class=\"ult_exp_section-main \">\n\t\t\t\t\t<div class=\"ult_expheader\" >Beschreibung\n\t\t\t\t\t <\/div>\t<div class=\"ult-just-icon-wrapper ult_exp_icon\">\n\t\t\t\t\t<div class=\"align-icon \">\n\t\t\t\t\t\t\n<span class=\"aio-icon  none  ult_expsection_icon \"  style=\"color:#333333;font-size:32px;display:inline-block;\">\n\t<i class=\"Defaults-sort-desc sort-down ult_ex_icon\"  ><\/i>\n<\/span>\n\t\t\t\t\t<\/div>\n\t\t\t\t<\/div><\/div>\n\t\t\t\t<\/div><div class=\"ult_exp_content \" style=\"background-color:#dbdbdb;  \"><div class=\"ult_ecpsub_cont\" style=\" \" >[vc_column_text]<\/p>\n<p style=\"text-align: left;\">DVP29315 Endstopfen \u00d8315 u\/p<br \/>\nDVP29315U Endh\u00fclse \u00d8315 u\/p<br \/>\nDVP29500 Endstopfen DN500 u\/p<br \/>\nDVP29600 Endstopfen DN600 u\/p<br \/>\nDVP31500 Doppelh\u00fclse \u00d8315 u\/p<br \/>\nDVP50000 Doppelh\u00fclse DN500 u\/p<br \/>\nDVP60000 Doppelh\u00fclse DN600 u\/p<br \/>\nVP1010 Bohrmuffe \u00d8110<br \/>\nVP1610 Bohrmuffe \u00d8160<br \/>\nVP3160 Bohrmuffe \u00d8315<br \/>\nVP5000 Bohrmuffe DN500<br \/>\nVP6000 Bohrmuffe DN600<br \/>\nDVP315 Gummidichtung \u00d8315<br \/>\nDVP500 Gummidichtung DN500<br \/>\nDVP600 Gummidichtung DN600<\/p>\n<p>[\/vc_column_text]<\/div><\/div>\n\n\t\t\t<\/div>[\/vc_column][\/vc_row][vc_row][vc_column][vc_column_text]<\/p>\n<h2>Kontaktieren Sie uns und erfahren Sie mehr<\/h2>\n<p>Ben\u00f6tigen Sie Gleitklappen, Schieber oder andere Ventile? Oder m\u00f6chten Sie mehr dar\u00fcber wissen, wie wir Sie unterst\u00fctzen k\u00f6nnen? Dann laden wir Sie herzlich ein, mit <a href=\"https:\/\/fogagro.dk\/kontakt\/\">uns kontakt aufzunehmen <\/a>. \u00a0Unsere Experten helfen Ihnen gerne, das passende Produkt f\u00fcr Ihren individuellen Bedarf zu finden. Auf dieser Seite sehen Sie auch unsere <a href=\"https:\/\/fogagro.dk\/produkter\/\">anderen Produkte<\/a>, einschlie\u00dflich <a href=\"https:\/\/fogagro.dk\/traekogslip\/\">Zug- und Ausl\u00f6sevorrichtungen<\/a> und <a href=\"https:\/\/fogagro.dk\/de\/hilfsmittel-in-der-scheune\/\">Stabilit\u00e4tshilfen<\/a>.<\/p>\n<p>[\/vc_column_text][\/vc_column][\/vc_row]<\/p>\n<\/section>","protected":false},"excerpt":{"rendered":"<p>[vc_row][vc_column][vc_column_text] &nbsp; StrongRIB von Fog Agroteknik ist ein \u00e4u\u00dferst robustes und druckbest\u00e4ndiges Rohrsystem, das f\u00fcr den effizienten Transport von G\u00fclle und Fl\u00fcssigkeiten in der Landwirtschaft entwickelt wurde. Das System besteht aus widerstandsf\u00e4higen Materialien, die eine hohe Haltbarkeit, lange Lebensdauer sowie Best\u00e4ndigkeit gegen\u00fcber Chemikalien und mechanischer Beanspruchung gew\u00e4hrleisten. StrongRIB eignet sich besonders f\u00fcr die Erdverlegung und &#8230; <a title=\"StrongRIB\" class=\"read-more\" href=\"https:\/\/fogagro.dk\/de\/strongrib\/\" aria-label=\"Mehr zu StrongRIB\">Weiterlesen &#8230;<\/a><\/p>\n","protected":false},"author":2,"featured_media":0,"parent":0,"menu_order":0,"comment_status":"closed","ping_status":"closed","template":"","meta":{"footnotes":""},"categories":[],"class_list":["post-4590","page","type-page","status-publish"],"acf":[],"yoast_head":"<!-- This site is optimized with the Yoast SEO plugin v27.3 - https:\/\/yoast.com\/product\/yoast-seo-wordpress\/ -->\n<title>StrongRIB &#183; Fog Agroteknik A\/S<\/title>\n<meta name=\"description\" content=\"StrongRIB von Fog Agroteknik: Robustes, druckfestes Rohrsystem f\u00fcr die Landwirtschaft \u2013 perfekt f\u00fcr G\u00fclle- und Fl\u00fcssigkeitstransport in anspruchsvollen Umgebungen\" \/>\n<meta name=\"robots\" content=\"index, follow, max-snippet:-1, max-image-preview:large, max-video-preview:-1\" \/>\n<link rel=\"canonical\" href=\"https:\/\/fogagro.dk\/de\/strongrib\/\" \/>\n<meta property=\"og:locale\" content=\"de_DE\" \/>\n<meta property=\"og:type\" content=\"article\" \/>\n<meta property=\"og:title\" content=\"StrongRIB &#183; Fog Agroteknik A\/S\" \/>\n<meta property=\"og:description\" content=\"StrongRIB von Fog Agroteknik: Robustes, druckfestes Rohrsystem f\u00fcr die Landwirtschaft \u2013 perfekt f\u00fcr G\u00fclle- und Fl\u00fcssigkeitstransport in anspruchsvollen Umgebungen\" \/>\n<meta property=\"og:url\" content=\"https:\/\/fogagro.dk\/de\/strongrib\/\" \/>\n<meta property=\"og:site_name\" content=\"Fog Agroteknik A\/S\" \/>\n<meta property=\"article:modified_time\" content=\"2025-09-22T07:55:32+00:00\" \/>\n<meta name=\"twitter:card\" content=\"summary_large_image\" \/>\n<meta name=\"twitter:label1\" content=\"Gesch\u00e4tzte Lesezeit\" \/>\n\t<meta name=\"twitter:data1\" content=\"3\u00a0Minuten\" \/>\n<script type=\"application\/ld+json\" class=\"yoast-schema-graph\">{\"@context\":\"https:\\\/\\\/schema.org\",\"@graph\":[{\"@type\":\"WebPage\",\"@id\":\"https:\\\/\\\/fogagro.dk\\\/de\\\/strongrib\\\/\",\"url\":\"https:\\\/\\\/fogagro.dk\\\/de\\\/strongrib\\\/\",\"name\":\"StrongRIB &#183; Fog Agroteknik A\\\/S\",\"isPartOf\":{\"@id\":\"https:\\\/\\\/fogagro.dk\\\/de\\\/#website\"},\"datePublished\":\"2022-11-25T10:34:03+00:00\",\"dateModified\":\"2025-09-22T07:55:32+00:00\",\"description\":\"StrongRIB von Fog Agroteknik: Robustes, druckfestes Rohrsystem f\u00fcr die Landwirtschaft \u2013 perfekt f\u00fcr G\u00fclle- und Fl\u00fcssigkeitstransport in anspruchsvollen Umgebungen\",\"breadcrumb\":{\"@id\":\"https:\\\/\\\/fogagro.dk\\\/de\\\/strongrib\\\/#breadcrumb\"},\"inLanguage\":\"de\",\"potentialAction\":[{\"@type\":\"ReadAction\",\"target\":[\"https:\\\/\\\/fogagro.dk\\\/de\\\/strongrib\\\/\"]}]},{\"@type\":\"BreadcrumbList\",\"@id\":\"https:\\\/\\\/fogagro.dk\\\/de\\\/strongrib\\\/#breadcrumb\",\"itemListElement\":[{\"@type\":\"ListItem\",\"position\":1,\"name\":\"Hjem\",\"item\":\"https:\\\/\\\/fogagro.dk\\\/de\\\/\"},{\"@type\":\"ListItem\",\"position\":2,\"name\":\"StrongRIB\"}]},{\"@type\":\"WebSite\",\"@id\":\"https:\\\/\\\/fogagro.dk\\\/de\\\/#website\",\"url\":\"https:\\\/\\\/fogagro.dk\\\/de\\\/\",\"name\":\"Fog Agroteknik A\\\/S\",\"description\":\"Wir bieten Komplettl\u00f6sungen f\u00fcr das G\u00fcllemanagement in Schweinefarmen.\",\"publisher\":{\"@id\":\"https:\\\/\\\/fogagro.dk\\\/de\\\/#organization\"},\"potentialAction\":[{\"@type\":\"SearchAction\",\"target\":{\"@type\":\"EntryPoint\",\"urlTemplate\":\"https:\\\/\\\/fogagro.dk\\\/de\\\/?s={search_term_string}\"},\"query-input\":{\"@type\":\"PropertyValueSpecification\",\"valueRequired\":true,\"valueName\":\"search_term_string\"}}],\"inLanguage\":\"de\"},{\"@type\":\"Organization\",\"@id\":\"https:\\\/\\\/fogagro.dk\\\/de\\\/#organization\",\"name\":\"Fog Agroteknik A\\\/S\",\"url\":\"https:\\\/\\\/fogagro.dk\\\/de\\\/\",\"logo\":{\"@type\":\"ImageObject\",\"inLanguage\":\"de\",\"@id\":\"https:\\\/\\\/fogagro.dk\\\/de\\\/#\\\/schema\\\/logo\\\/image\\\/\",\"url\":\"https:\\\/\\\/fogagro.dk\\\/wp-content\\\/uploads\\\/2022\\\/09\\\/logo-1.png\",\"contentUrl\":\"https:\\\/\\\/fogagro.dk\\\/wp-content\\\/uploads\\\/2022\\\/09\\\/logo-1.png\",\"width\":352,\"height\":49,\"caption\":\"Fog Agroteknik A\\\/S\"},\"image\":{\"@id\":\"https:\\\/\\\/fogagro.dk\\\/de\\\/#\\\/schema\\\/logo\\\/image\\\/\"}}]}<\/script>\n<!-- \/ Yoast SEO plugin. -->","yoast_head_json":{"title":"StrongRIB &#183; Fog Agroteknik A\/S","description":"StrongRIB von Fog Agroteknik: Robustes, druckfestes Rohrsystem f\u00fcr die Landwirtschaft \u2013 perfekt f\u00fcr G\u00fclle- und Fl\u00fcssigkeitstransport in anspruchsvollen Umgebungen","robots":{"index":"index","follow":"follow","max-snippet":"max-snippet:-1","max-image-preview":"max-image-preview:large","max-video-preview":"max-video-preview:-1"},"canonical":"https:\/\/fogagro.dk\/de\/strongrib\/","og_locale":"de_DE","og_type":"article","og_title":"StrongRIB &#183; Fog Agroteknik A\/S","og_description":"StrongRIB von Fog Agroteknik: Robustes, druckfestes Rohrsystem f\u00fcr die Landwirtschaft \u2013 perfekt f\u00fcr G\u00fclle- und Fl\u00fcssigkeitstransport in anspruchsvollen Umgebungen","og_url":"https:\/\/fogagro.dk\/de\/strongrib\/","og_site_name":"Fog Agroteknik A\/S","article_modified_time":"2025-09-22T07:55:32+00:00","twitter_card":"summary_large_image","twitter_misc":{"Gesch\u00e4tzte Lesezeit":"3\u00a0Minuten"},"schema":{"@context":"https:\/\/schema.org","@graph":[{"@type":"WebPage","@id":"https:\/\/fogagro.dk\/de\/strongrib\/","url":"https:\/\/fogagro.dk\/de\/strongrib\/","name":"StrongRIB &#183; Fog Agroteknik A\/S","isPartOf":{"@id":"https:\/\/fogagro.dk\/de\/#website"},"datePublished":"2022-11-25T10:34:03+00:00","dateModified":"2025-09-22T07:55:32+00:00","description":"StrongRIB von Fog Agroteknik: Robustes, druckfestes Rohrsystem f\u00fcr die Landwirtschaft \u2013 perfekt f\u00fcr G\u00fclle- und Fl\u00fcssigkeitstransport in anspruchsvollen Umgebungen","breadcrumb":{"@id":"https:\/\/fogagro.dk\/de\/strongrib\/#breadcrumb"},"inLanguage":"de","potentialAction":[{"@type":"ReadAction","target":["https:\/\/fogagro.dk\/de\/strongrib\/"]}]},{"@type":"BreadcrumbList","@id":"https:\/\/fogagro.dk\/de\/strongrib\/#breadcrumb","itemListElement":[{"@type":"ListItem","position":1,"name":"Hjem","item":"https:\/\/fogagro.dk\/de\/"},{"@type":"ListItem","position":2,"name":"StrongRIB"}]},{"@type":"WebSite","@id":"https:\/\/fogagro.dk\/de\/#website","url":"https:\/\/fogagro.dk\/de\/","name":"Fog Agroteknik A\/S","description":"Wir bieten Komplettl\u00f6sungen f\u00fcr das G\u00fcllemanagement in Schweinefarmen.","publisher":{"@id":"https:\/\/fogagro.dk\/de\/#organization"},"potentialAction":[{"@type":"SearchAction","target":{"@type":"EntryPoint","urlTemplate":"https:\/\/fogagro.dk\/de\/?s={search_term_string}"},"query-input":{"@type":"PropertyValueSpecification","valueRequired":true,"valueName":"search_term_string"}}],"inLanguage":"de"},{"@type":"Organization","@id":"https:\/\/fogagro.dk\/de\/#organization","name":"Fog Agroteknik A\/S","url":"https:\/\/fogagro.dk\/de\/","logo":{"@type":"ImageObject","inLanguage":"de","@id":"https:\/\/fogagro.dk\/de\/#\/schema\/logo\/image\/","url":"https:\/\/fogagro.dk\/wp-content\/uploads\/2022\/09\/logo-1.png","contentUrl":"https:\/\/fogagro.dk\/wp-content\/uploads\/2022\/09\/logo-1.png","width":352,"height":49,"caption":"Fog Agroteknik A\/S"},"image":{"@id":"https:\/\/fogagro.dk\/de\/#\/schema\/logo\/image\/"}}]}},"_links":{"self":[{"href":"https:\/\/fogagro.dk\/de\/wp-json\/wp\/v2\/pages\/4590","targetHints":{"allow":["GET"]}}],"collection":[{"href":"https:\/\/fogagro.dk\/de\/wp-json\/wp\/v2\/pages"}],"about":[{"href":"https:\/\/fogagro.dk\/de\/wp-json\/wp\/v2\/types\/page"}],"author":[{"embeddable":true,"href":"https:\/\/fogagro.dk\/de\/wp-json\/wp\/v2\/users\/2"}],"replies":[{"embeddable":true,"href":"https:\/\/fogagro.dk\/de\/wp-json\/wp\/v2\/comments?post=4590"}],"version-history":[{"count":4,"href":"https:\/\/fogagro.dk\/de\/wp-json\/wp\/v2\/pages\/4590\/revisions"}],"predecessor-version":[{"id":4730,"href":"https:\/\/fogagro.dk\/de\/wp-json\/wp\/v2\/pages\/4590\/revisions\/4730"}],"wp:attachment":[{"href":"https:\/\/fogagro.dk\/de\/wp-json\/wp\/v2\/media?parent=4590"}],"wp:term":[{"taxonomy":"category","embeddable":true,"href":"https:\/\/fogagro.dk\/de\/wp-json\/wp\/v2\/categories?post=4590"}],"curies":[{"name":"wp","href":"https:\/\/api.w.org\/{rel}","templated":true}]}}