{"id":4599,"date":"2022-11-02T09:48:29","date_gmt":"2022-11-02T08:48:29","guid":{"rendered":"https:\/\/fogagro.dk\/unsere-produkte\/"},"modified":"2025-09-26T10:01:33","modified_gmt":"2025-09-26T08:01:33","slug":"langlebige-qualitaetsprodukte-fuer-tierstaelle-pumpensysteme-fog-agroteknik","status":"publish","type":"page","link":"https:\/\/fogagro.dk\/de\/langlebige-qualitaetsprodukte-fuer-tierstaelle-pumpensysteme-fog-agroteknik\/","title":{"rendered":"Unsere Produkte"},"content":{"rendered":"<section class=\"wpb-content-wrapper\"><p>[vc_row][vc_column]<div class=\"ult-spacer spacer-69f1a75f75c41\" data-id=\"69f1a75f75c41\" data-height=\"30\" data-height-mobile=\"30\" data-height-tab=\"30\" data-height-tab-portrait=\"30\" data-height-mobile-landscape=\"30\" style=\"clear:both;display:block;\"><\/div>[vc_column_text]<\/p>\n<h2 style=\"text-align: center;\" data-start=\"127\" data-end=\"192\">Qualit\u00e4tsprodukte f\u00fcr Tierst\u00e4lle und technische Pumpensysteme<\/h2>\n<p data-start=\"194\" data-end=\"466\">Wir bieten eine breite Palette langlebiger und funktionaler Produkte f\u00fcr St\u00e4lle und technische Anlagen. Dazu geh\u00f6rt das effiziente Pull and Release System f\u00fcr einen flexiblen Abfluss. Au\u00dferdem f\u00fchren wir <a href=\"https:\/\/fogagro.dk\/de\/schiebeklappen-schieber-und-ventile\/\">Ventile und Schiebeklappen<\/a> zur Steuerung von Luft und Fl\u00fcssigkeiten.<\/p>\n<p data-start=\"468\" data-end=\"778\">Unser Sortiment umfasst auch <a href=\"https:\/\/fogagro.dk\/de\/spruehsystem\/\">D\u00fcsen und Komponenten<\/a>. Diese sorgen f\u00fcr eine einfache und effiziente Reinigung. Ebenso bieten wir robuste <strong>Gussroste und Dreiecksroste<\/strong> mit hoher Tragf\u00e4higkeit und guter Entw\u00e4sserung an. Zus\u00e4tzlich liefern wir <strong>Druckrohre und Formst\u00fccke<\/strong> aus Kunststoff f\u00fcr verschiedene Installationen.<\/p>\n<p data-start=\"780\" data-end=\"991\">Bei der Auswahl unserer Produkte achten wir besonders auf Langlebigkeit, einfache Installation und zuverl\u00e4ssigen Betrieb. So k\u00f6nnen wir Ihnen optimale L\u00f6sungen f\u00fcr Ihren Stall oder Ihre technische Anlage bieten.<\/p>\n<p>[\/vc_column_text]<div class=\"ult-spacer spacer-69f1a75f75c90\" data-id=\"69f1a75f75c90\" data-height=\"30\" data-height-mobile=\"30\" data-height-tab=\"30\" data-height-tab-portrait=\"30\" data-height-mobile-landscape=\"30\" style=\"clear:both;display:block;\"><\/div>[\/vc_column][\/vc_row][vc_row][vc_column width=&#8220;1\/5&#8243;][vc_btn title=&#8220;Ziehen und loslassen&#8220; color=&#8220;success&#8220; align=&#8220;center&#8220; link=&#8220;url:https%3A%2F%2Ffogagro.dk%2Ftraekogslip%2F|title:Biegt|&#8220;][\/vc_column][vc_column width=&#8220;1\/5&#8243;][vc_btn title=&#8220;StrongRib&#8220; color=&#8220;success&#8220; align=&#8220;center&#8220; link=&#8220;url:https%3A%2F%2Ffogagro.dk%2F%3Fpage_id%3D3899%26preview%3Dtrue|title:%C3%9Cber%20uns|&#8220;][\/vc_column][vc_column width=&#8220;1\/5&#8243;][vc_btn title=&#8220;Ventile&#8220; color=&#8220;success&#8220; align=&#8220;center&#8220; link=&#8220;url:https%3A%2F%2Ffogagro.dk%2F%3Fpage_id%3D3934%26preview%3Dtrue|title:%C3%9Cber%20uns|&#8220;][\/vc_column][vc_column width=&#8220;1\/5&#8243;][vc_btn title=&#8220;Roste aus Gusseisen&#8220; color=&#8220;success&#8220; align=&#8220;center&#8220; link=&#8220;url:https%3A%2F%2Ffogagro.dk%2Fde%2Froste-aus-gusseisen%2F|title:%C3%9Cber%20uns|&#8220;][\/vc_column][vc_column width=&#8220;1\/5&#8243;][vc_btn title=&#8220;Hilfsmittel in der Scheune&#8220; color=&#8220;success&#8220; align=&#8220;center&#8220; link=&#8220;url:https%3A%2F%2Ffogagro.dk%2Fde%2Fhilfsmittel-in-der-scheune%2F|title:%C3%9Cber%20uns|&#8220;][\/vc_column][\/vc_row][vc_row][vc_column]<div class=\"ult-spacer spacer-69f1a75f75cc5\" data-id=\"69f1a75f75cc5\" data-height=\"30\" data-height-mobile=\"30\" data-height-tab=\"30\" data-height-tab-portrait=\"30\" data-height-mobile-landscape=\"30\" style=\"clear:both;display:block;\"><\/div>[\/vc_column][\/vc_row][vc_row][vc_column]<div class=\"ult-spacer spacer-69f1a75f75ce5\" data-id=\"69f1a75f75ce5\" data-height=\"30\" data-height-mobile=\"30\" data-height-tab=\"30\" data-height-tab-portrait=\"30\" data-height-mobile-landscape=\"30\" style=\"clear:both;display:block;\"><\/div>[\/vc_column][\/vc_row][vc_row][vc_column width=&#8220;1\/4&#8243;][vc_btn title=&#8220;Druckrohre und Formst\u00fccke&#8220; color=&#8220;success&#8220; align=&#8220;center&#8220; link=&#8220;url:https%3A%2F%2Ffogagro.dk%2Fde%2Fdruckrohre-und-formstuecke%2F|title:%C3%9Cber%20uns|&#8220;][\/vc_column][vc_column width=&#8220;1\/4&#8243;][vc_btn title=&#8220;Hohlprofil\/Kunststoffplatten&#8220; color=&#8220;success&#8220; align=&#8220;center&#8220; link=&#8220;url:https%3A%2F%2Ffogagro.dk%2Fde%2Flochprofile-und-kunststoffplatten%2F|title:%C3%9Cber%20uns|&#8220;][\/vc_column][vc_column width=&#8220;1\/4&#8243;][vc_btn title=&#8220;Spr\u00fchsystem&#8220; color=&#8220;success&#8220; align=&#8220;center&#8220; link=&#8220;url:https%3A%2F%2Ffogagro.dk%2Fde%2Fspruehsystem%2F|title:%C3%9Cber%20uns|&#8220;][\/vc_column][vc_column width=&#8220;1\/4&#8243;][vc_btn title=&#8220;Dreiecksgitter&#8220; color=&#8220;success&#8220; align=&#8220;center&#8220; link=&#8220;url:https%3A%2F%2Ffogagro.dk%2Fde%2Fdreieckige-gitter%2F|title:%C3%9Cber%20uns|&#8220;][\/vc_column][\/vc_row][vc_row][vc_column]<div class=\"ult-spacer spacer-69f1a75f75d02\" data-id=\"69f1a75f75d02\" data-height=\"30\" data-height-mobile=\"30\" data-height-tab=\"30\" data-height-tab-portrait=\"30\" data-height-mobile-landscape=\"30\" style=\"clear:both;display:block;\"><\/div>[vc_column_text]<\/p>\n<h2><strong>Wir helfen Ihnen bei jedem Schritt auf dem Weg.<\/strong><\/h2>\n<p>Haben Sie Fragen zu unseren Produkten oder brauchen Sie Hilfe, um die richtige L\u00f6sung f\u00fcr Ihren Stall zu finden? Unsere Experten stehen Ihnen mit Rat und Tat zur Seite und helfen Ihnen, die beste Ausr\u00fcstung f\u00fcr Ihre Bed\u00fcrfnisse zu finden.<\/p>\n<p style=\"text-align: left;\">Kontaktieren Sie uns f\u00fcr ein unverbindliches Gespr\u00e4ch.<\/p>\n<p>[\/vc_column_text]<div class=\"ult-spacer spacer-69f1a75f75d1d\" data-id=\"69f1a75f75d1d\" data-height=\"30\" data-height-mobile=\"30\" data-height-tab=\"30\" data-height-tab-portrait=\"30\" data-height-mobile-landscape=\"30\" style=\"clear:both;display:block;\"><\/div>[\/vc_column][\/vc_row]<\/p>\n<\/section>","protected":false},"excerpt":{"rendered":"<p>[vc_row][vc_column][vc_column_text] Qualit\u00e4tsprodukte f\u00fcr Tierst\u00e4lle und technische Pumpensysteme Wir bieten eine breite Palette langlebiger und funktionaler Produkte f\u00fcr St\u00e4lle und technische Anlagen. Dazu geh\u00f6rt das effiziente Pull and Release System f\u00fcr einen flexiblen Abfluss. Au\u00dferdem f\u00fchren wir Ventile und Schiebeklappen zur Steuerung von Luft und Fl\u00fcssigkeiten. Unser Sortiment umfasst auch D\u00fcsen und Komponenten. Diese sorgen f\u00fcr &#8230; <a title=\"Unsere Produkte\" class=\"read-more\" href=\"https:\/\/fogagro.dk\/de\/langlebige-qualitaetsprodukte-fuer-tierstaelle-pumpensysteme-fog-agroteknik\/\" aria-label=\"Mehr zu Unsere Produkte\">Weiterlesen &#8230;<\/a><\/p>\n","protected":false},"author":2,"featured_media":0,"parent":0,"menu_order":7,"comment_status":"closed","ping_status":"closed","template":"","meta":{"footnotes":""},"categories":[],"class_list":["post-4599","page","type-page","status-publish"],"acf":[],"yoast_head":"<!-- This site is optimized with the Yoast SEO plugin v27.3 - https:\/\/yoast.com\/product\/yoast-seo-wordpress\/ -->\n<title>Unsere Produkte &#183; Fog Agroteknik A\/S<\/title>\n<meta name=\"description\" content=\"Verbesserte Meta-Beschreibung:Eine breite Palette hochwertiger Qualit\u00e4tsprodukte f\u00fcr Tierhaltung und Stallbau \u2013 inklusive Zug- und Ausl\u00f6sesysteme, Ventile, Spr\u00fchsysteme, Strong Rib-Beschl\u00e4ge, Dreiecksgitter und Druckleitungen.\" \/>\n<meta name=\"robots\" content=\"index, follow, max-snippet:-1, max-image-preview:large, max-video-preview:-1\" \/>\n<link rel=\"canonical\" href=\"https:\/\/fogagro.dk\/de\/langlebige-qualitaetsprodukte-fuer-tierstaelle-pumpensysteme-fog-agroteknik\/\" \/>\n<meta property=\"og:locale\" content=\"de_DE\" \/>\n<meta property=\"og:type\" content=\"article\" \/>\n<meta property=\"og:title\" content=\"Unsere Produkte &#183; Fog Agroteknik A\/S\" \/>\n<meta property=\"og:description\" content=\"Verbesserte Meta-Beschreibung:Eine breite Palette hochwertiger Qualit\u00e4tsprodukte f\u00fcr Tierhaltung und Stallbau \u2013 inklusive Zug- und Ausl\u00f6sesysteme, Ventile, Spr\u00fchsysteme, Strong Rib-Beschl\u00e4ge, Dreiecksgitter und Druckleitungen.\" \/>\n<meta property=\"og:url\" content=\"https:\/\/fogagro.dk\/de\/langlebige-qualitaetsprodukte-fuer-tierstaelle-pumpensysteme-fog-agroteknik\/\" \/>\n<meta property=\"og:site_name\" content=\"Fog Agroteknik A\/S\" \/>\n<meta property=\"article:modified_time\" content=\"2025-09-26T08:01:33+00:00\" \/>\n<meta name=\"twitter:card\" content=\"summary_large_image\" \/>\n<meta name=\"twitter:label1\" content=\"Gesch\u00e4tzte Lesezeit\" \/>\n\t<meta name=\"twitter:data1\" content=\"2\u00a0Minuten\" \/>\n<script type=\"application\/ld+json\" class=\"yoast-schema-graph\">{\"@context\":\"https:\\\/\\\/schema.org\",\"@graph\":[{\"@type\":\"WebPage\",\"@id\":\"https:\\\/\\\/fogagro.dk\\\/de\\\/langlebige-qualitaetsprodukte-fuer-tierstaelle-pumpensysteme-fog-agroteknik\\\/\",\"url\":\"https:\\\/\\\/fogagro.dk\\\/de\\\/langlebige-qualitaetsprodukte-fuer-tierstaelle-pumpensysteme-fog-agroteknik\\\/\",\"name\":\"Unsere Produkte &#183; Fog Agroteknik A\\\/S\",\"isPartOf\":{\"@id\":\"https:\\\/\\\/fogagro.dk\\\/de\\\/#website\"},\"datePublished\":\"2022-11-02T08:48:29+00:00\",\"dateModified\":\"2025-09-26T08:01:33+00:00\",\"description\":\"Verbesserte Meta-Beschreibung:Eine breite Palette hochwertiger Qualit\u00e4tsprodukte f\u00fcr Tierhaltung und Stallbau \u2013 inklusive Zug- und Ausl\u00f6sesysteme, Ventile, Spr\u00fchsysteme, Strong Rib-Beschl\u00e4ge, Dreiecksgitter und Druckleitungen.\",\"breadcrumb\":{\"@id\":\"https:\\\/\\\/fogagro.dk\\\/de\\\/langlebige-qualitaetsprodukte-fuer-tierstaelle-pumpensysteme-fog-agroteknik\\\/#breadcrumb\"},\"inLanguage\":\"de\",\"potentialAction\":[{\"@type\":\"ReadAction\",\"target\":[\"https:\\\/\\\/fogagro.dk\\\/de\\\/langlebige-qualitaetsprodukte-fuer-tierstaelle-pumpensysteme-fog-agroteknik\\\/\"]}]},{\"@type\":\"BreadcrumbList\",\"@id\":\"https:\\\/\\\/fogagro.dk\\\/de\\\/langlebige-qualitaetsprodukte-fuer-tierstaelle-pumpensysteme-fog-agroteknik\\\/#breadcrumb\",\"itemListElement\":[{\"@type\":\"ListItem\",\"position\":1,\"name\":\"Hjem\",\"item\":\"https:\\\/\\\/fogagro.dk\\\/de\\\/\"},{\"@type\":\"ListItem\",\"position\":2,\"name\":\"Unsere Produkte\"}]},{\"@type\":\"WebSite\",\"@id\":\"https:\\\/\\\/fogagro.dk\\\/de\\\/#website\",\"url\":\"https:\\\/\\\/fogagro.dk\\\/de\\\/\",\"name\":\"Fog Agroteknik A\\\/S\",\"description\":\"Wir bieten Komplettl\u00f6sungen f\u00fcr das G\u00fcllemanagement in Schweinefarmen.\",\"publisher\":{\"@id\":\"https:\\\/\\\/fogagro.dk\\\/de\\\/#organization\"},\"potentialAction\":[{\"@type\":\"SearchAction\",\"target\":{\"@type\":\"EntryPoint\",\"urlTemplate\":\"https:\\\/\\\/fogagro.dk\\\/de\\\/?s={search_term_string}\"},\"query-input\":{\"@type\":\"PropertyValueSpecification\",\"valueRequired\":true,\"valueName\":\"search_term_string\"}}],\"inLanguage\":\"de\"},{\"@type\":\"Organization\",\"@id\":\"https:\\\/\\\/fogagro.dk\\\/de\\\/#organization\",\"name\":\"Fog Agroteknik A\\\/S\",\"url\":\"https:\\\/\\\/fogagro.dk\\\/de\\\/\",\"logo\":{\"@type\":\"ImageObject\",\"inLanguage\":\"de\",\"@id\":\"https:\\\/\\\/fogagro.dk\\\/de\\\/#\\\/schema\\\/logo\\\/image\\\/\",\"url\":\"https:\\\/\\\/fogagro.dk\\\/wp-content\\\/uploads\\\/2022\\\/09\\\/logo-1.png\",\"contentUrl\":\"https:\\\/\\\/fogagro.dk\\\/wp-content\\\/uploads\\\/2022\\\/09\\\/logo-1.png\",\"width\":352,\"height\":49,\"caption\":\"Fog Agroteknik A\\\/S\"},\"image\":{\"@id\":\"https:\\\/\\\/fogagro.dk\\\/de\\\/#\\\/schema\\\/logo\\\/image\\\/\"}}]}<\/script>\n<!-- \/ Yoast SEO plugin. -->","yoast_head_json":{"title":"Unsere Produkte &#183; Fog Agroteknik A\/S","description":"Verbesserte Meta-Beschreibung:Eine breite Palette hochwertiger Qualit\u00e4tsprodukte f\u00fcr Tierhaltung und Stallbau \u2013 inklusive Zug- und Ausl\u00f6sesysteme, Ventile, Spr\u00fchsysteme, Strong Rib-Beschl\u00e4ge, Dreiecksgitter und Druckleitungen.","robots":{"index":"index","follow":"follow","max-snippet":"max-snippet:-1","max-image-preview":"max-image-preview:large","max-video-preview":"max-video-preview:-1"},"canonical":"https:\/\/fogagro.dk\/de\/langlebige-qualitaetsprodukte-fuer-tierstaelle-pumpensysteme-fog-agroteknik\/","og_locale":"de_DE","og_type":"article","og_title":"Unsere Produkte &#183; Fog Agroteknik A\/S","og_description":"Verbesserte Meta-Beschreibung:Eine breite Palette hochwertiger Qualit\u00e4tsprodukte f\u00fcr Tierhaltung und Stallbau \u2013 inklusive Zug- und Ausl\u00f6sesysteme, Ventile, Spr\u00fchsysteme, Strong Rib-Beschl\u00e4ge, Dreiecksgitter und Druckleitungen.","og_url":"https:\/\/fogagro.dk\/de\/langlebige-qualitaetsprodukte-fuer-tierstaelle-pumpensysteme-fog-agroteknik\/","og_site_name":"Fog Agroteknik A\/S","article_modified_time":"2025-09-26T08:01:33+00:00","twitter_card":"summary_large_image","twitter_misc":{"Gesch\u00e4tzte Lesezeit":"2\u00a0Minuten"},"schema":{"@context":"https:\/\/schema.org","@graph":[{"@type":"WebPage","@id":"https:\/\/fogagro.dk\/de\/langlebige-qualitaetsprodukte-fuer-tierstaelle-pumpensysteme-fog-agroteknik\/","url":"https:\/\/fogagro.dk\/de\/langlebige-qualitaetsprodukte-fuer-tierstaelle-pumpensysteme-fog-agroteknik\/","name":"Unsere Produkte &#183; Fog Agroteknik A\/S","isPartOf":{"@id":"https:\/\/fogagro.dk\/de\/#website"},"datePublished":"2022-11-02T08:48:29+00:00","dateModified":"2025-09-26T08:01:33+00:00","description":"Verbesserte Meta-Beschreibung:Eine breite Palette hochwertiger Qualit\u00e4tsprodukte f\u00fcr Tierhaltung und Stallbau \u2013 inklusive Zug- und Ausl\u00f6sesysteme, Ventile, Spr\u00fchsysteme, Strong Rib-Beschl\u00e4ge, Dreiecksgitter und Druckleitungen.","breadcrumb":{"@id":"https:\/\/fogagro.dk\/de\/langlebige-qualitaetsprodukte-fuer-tierstaelle-pumpensysteme-fog-agroteknik\/#breadcrumb"},"inLanguage":"de","potentialAction":[{"@type":"ReadAction","target":["https:\/\/fogagro.dk\/de\/langlebige-qualitaetsprodukte-fuer-tierstaelle-pumpensysteme-fog-agroteknik\/"]}]},{"@type":"BreadcrumbList","@id":"https:\/\/fogagro.dk\/de\/langlebige-qualitaetsprodukte-fuer-tierstaelle-pumpensysteme-fog-agroteknik\/#breadcrumb","itemListElement":[{"@type":"ListItem","position":1,"name":"Hjem","item":"https:\/\/fogagro.dk\/de\/"},{"@type":"ListItem","position":2,"name":"Unsere Produkte"}]},{"@type":"WebSite","@id":"https:\/\/fogagro.dk\/de\/#website","url":"https:\/\/fogagro.dk\/de\/","name":"Fog Agroteknik A\/S","description":"Wir bieten Komplettl\u00f6sungen f\u00fcr das G\u00fcllemanagement in Schweinefarmen.","publisher":{"@id":"https:\/\/fogagro.dk\/de\/#organization"},"potentialAction":[{"@type":"SearchAction","target":{"@type":"EntryPoint","urlTemplate":"https:\/\/fogagro.dk\/de\/?s={search_term_string}"},"query-input":{"@type":"PropertyValueSpecification","valueRequired":true,"valueName":"search_term_string"}}],"inLanguage":"de"},{"@type":"Organization","@id":"https:\/\/fogagro.dk\/de\/#organization","name":"Fog Agroteknik A\/S","url":"https:\/\/fogagro.dk\/de\/","logo":{"@type":"ImageObject","inLanguage":"de","@id":"https:\/\/fogagro.dk\/de\/#\/schema\/logo\/image\/","url":"https:\/\/fogagro.dk\/wp-content\/uploads\/2022\/09\/logo-1.png","contentUrl":"https:\/\/fogagro.dk\/wp-content\/uploads\/2022\/09\/logo-1.png","width":352,"height":49,"caption":"Fog Agroteknik A\/S"},"image":{"@id":"https:\/\/fogagro.dk\/de\/#\/schema\/logo\/image\/"}}]}},"_links":{"self":[{"href":"https:\/\/fogagro.dk\/de\/wp-json\/wp\/v2\/pages\/4599","targetHints":{"allow":["GET"]}}],"collection":[{"href":"https:\/\/fogagro.dk\/de\/wp-json\/wp\/v2\/pages"}],"about":[{"href":"https:\/\/fogagro.dk\/de\/wp-json\/wp\/v2\/types\/page"}],"author":[{"embeddable":true,"href":"https:\/\/fogagro.dk\/de\/wp-json\/wp\/v2\/users\/2"}],"replies":[{"embeddable":true,"href":"https:\/\/fogagro.dk\/de\/wp-json\/wp\/v2\/comments?post=4599"}],"version-history":[{"count":8,"href":"https:\/\/fogagro.dk\/de\/wp-json\/wp\/v2\/pages\/4599\/revisions"}],"predecessor-version":[{"id":4816,"href":"https:\/\/fogagro.dk\/de\/wp-json\/wp\/v2\/pages\/4599\/revisions\/4816"}],"wp:attachment":[{"href":"https:\/\/fogagro.dk\/de\/wp-json\/wp\/v2\/media?parent=4599"}],"wp:term":[{"taxonomy":"category","embeddable":true,"href":"https:\/\/fogagro.dk\/de\/wp-json\/wp\/v2\/categories?post=4599"}],"curies":[{"name":"wp","href":"https:\/\/api.w.org\/{rel}","templated":true}]}}