{"id":4938,"date":"2026-03-17T14:04:45","date_gmt":"2026-03-17T13:04:45","guid":{"rendered":"https:\/\/fogagro.dk\/prisliste\/"},"modified":"2026-04-15T17:31:18","modified_gmt":"2026-04-15T15:31:18","slug":"preisliste","status":"publish","type":"page","link":"https:\/\/fogagro.dk\/de\/preisliste\/","title":{"rendered":"Preisliste"},"content":{"rendered":"<section class=\"wpb-content-wrapper\"><p>[vc_row height=&#8220;90&#8243; height_on_tabs=&#8220;90&#8243; height_on_tabs_portrait=&#8220;60&#8243; height_on_mob_landscape=&#8220;60&#8243; height_on_mob=&#8220;60&#8243;][vc_column]<div class=\"ult-spacer spacer-6a0965039e6e1\" data-id=\"6a0965039e6e1\" data-height=\"30\" data-height-mobile=\"30\" data-height-tab=\"30\" data-height-tab-portrait=\"30\" data-height-mobile-landscape=\"30\" style=\"clear:both;display:block;\"><\/div>[vc_column_text]<\/p>\n<h1><strong>Wichtige Informationen zu Preis\u00e4nderungen<\/strong><\/h1>\n<h2>Sehr geehrter Kunde,<\/h2>\n<p>die Situation im Nahen Osten wirkt sich weiterhin auf Rohstoffpreise, Transportkosten und steigende Energiepreise aus. Daher sehen wir uns gezwungen, unsere Preise erneut zu erh\u00f6hen, im Anschluss an unsere letzte Preiserh\u00f6hung vom 01. April 2026.<\/p>\n<h2>Die Preiserh\u00f6hungen verteilen sich wie folgt:<\/h2>\n<ul>\n<li>PVC-Fittings\/Teile steigen um 12 %<\/li>\n<li>PVC-Rohre steigen um 14 %<\/li>\n<li>PP-Rippenrohre steigen um 10 %<\/li>\n<li>PP Rippenmuffen\/Teile steigen um 10 %<\/li>\n<li>\u00dcbrige Produkte steigen um 5 %<\/li>\n<\/ul>\n<h3>Die neuen Preise gelten <strong>ab dem 15. April 2026<\/strong><\/h3>\n<p>Wir danken f\u00fcr Ihr Verst\u00e4ndnis und freuen uns auf eine weiterhin gute Zusammenarbeit.<\/p>\n<p>Mit freundlichen Gr\u00fc\u00dfen<br \/>\n<strong>Fog Agroteknik A\/S<\/strong><br \/>\nPeter Bredgaard<\/p>\n<p>&nbsp;<\/p>\n<p>&nbsp;<\/p>\n<p>Wir haben deutliche Preissteigerungen bei nahezu all unseren Produkten verzeichnet und sehen uns daher gezwungen, unsere Preise mit kurzer Vorank\u00fcndigung ab dem 1. April 2026 anzupassen.<\/p>\n<p>Die Preis\u00e4nderungen sind auf die geopolitischen Spannungen in mehreren Regionen der Welt zur\u00fcckzuf\u00fchren, die zu stark steigenden \u00d6lpreisen gef\u00fchrt haben, w\u00e4hrend gleichzeitig die Rohstoffpreise f\u00fcr die Kunststoffproduktion steigen.<\/p>\n<p>Wir kennen das endg\u00fcltige Ausma\u00df der angek\u00fcndigten Preiserh\u00f6hungen in den kommenden Monaten noch nicht, sehen uns jedoch gezwungen, die Preise f\u00fcr alle Produkte ab dem 1. April 2026 um 10 % zu erh\u00f6hen. Dar\u00fcber hinaus k\u00f6nnen weitere Steigerungen folgen.<\/p>\n<p>Gleichzeitig haben uns alle unsere Transportdienstleister mitgeteilt, dass die Kosten f\u00fcr \u00d6l und andere Transportaufwendungen steigen, was zu h\u00f6heren Transportkosten sowohl bei Import als auch Export f\u00fchrt.<\/p>\n<p>Siehe Preisliste <a href=\"https:\/\/fogagro.dk\/wp-content\/uploads\/2026\/04\/deprisliste20262.pdf\" target=\"_blank\" rel=\"noopener\">hier<\/a><\/p>\n<h2><strong>Wichtige Hinweise:<\/strong><\/h2>\n<p>\u2022 Bereits erhaltene Angebote bleiben 8 Tage ab Ausstellungsdatum g\u00fcltig. Nach Ablauf dieser Frist werden die Angebote entweder durch \u00dcberarbeitung oder bei Auftragserteilung angepasst.<\/p>\n<p>\u2022 F\u00fcr ein aktualisiertes Angebot kontaktieren Sie uns bitte direkt.<\/p>\n<p>\u2022 Die Preise k\u00f6nnen entsprechend der Marktentwicklung angepasst werden, unter Beachtung der geltenden d\u00e4nischen Handels- und Verbraucherschutzgesetze.<\/p>\n<p>Bei Fragen stehen wir Ihnen gerne zur Verf\u00fcgung.<\/p>\n<h4>Wir danken f\u00fcr Ihr Verst\u00e4ndnis und freuen uns auf die weiterhin gute Zusammenarbeit.<\/h4>\n<p>Mit freundlichen Gr\u00fc\u00dfen<br \/>\n<strong>Fog Agroteknik A\/S<\/strong><br \/>\nPeter Bredgaard[\/vc_column_text][\/vc_column][\/vc_row][vc_row height=&#8220;90&#8243; height_on_tabs=&#8220;90&#8243; height_on_tabs_portrait=&#8220;60&#8243; height_on_mob_landscape=&#8220;60&#8243; height_on_mob=&#8220;60&#8243;][vc_column]<div class=\"ult-spacer spacer-6a0965039e723\" data-id=\"6a0965039e723\" data-height=\"30\" data-height-mobile=\"30\" data-height-tab=\"30\" data-height-tab-portrait=\"30\" data-height-mobile-landscape=\"30\" style=\"clear:both;display:block;\"><\/div>[\/vc_column][\/vc_row]<\/p>\n<\/section>","protected":false},"excerpt":{"rendered":"<p>[vc_row height=&#8220;90&#8243; height_on_tabs=&#8220;90&#8243; height_on_tabs_portrait=&#8220;60&#8243; height_on_mob_landscape=&#8220;60&#8243; height_on_mob=&#8220;60&#8243;][vc_column][vc_column_text] Wichtige Informationen zu Preis\u00e4nderungen Sehr geehrter Kunde, die Situation im Nahen Osten wirkt sich weiterhin auf Rohstoffpreise, Transportkosten und steigende Energiepreise aus. Daher sehen wir uns gezwungen, unsere Preise erneut zu erh\u00f6hen, im Anschluss an unsere letzte Preiserh\u00f6hung vom 01. April 2026. Die Preiserh\u00f6hungen verteilen sich wie folgt: PVC-Fittings\/Teile &#8230; <a title=\"Preisliste\" class=\"read-more\" href=\"https:\/\/fogagro.dk\/de\/preisliste\/\" aria-label=\"Mehr zu Preisliste\">Weiterlesen &#8230;<\/a><\/p>\n","protected":false},"author":6,"featured_media":0,"parent":0,"menu_order":0,"comment_status":"closed","ping_status":"closed","template":"","meta":{"footnotes":""},"categories":[],"class_list":["post-4938","page","type-page","status-publish"],"acf":[],"yoast_head":"<!-- This site is optimized with the Yoast SEO plugin v27.3 - https:\/\/yoast.com\/product\/yoast-seo-wordpress\/ -->\n<title>Preisliste &#183; Fog Agroteknik A\/S<\/title>\n<meta name=\"description\" content=\"Kontakt os for et uforpligtende tilbud.Fordern Sie jetzt Ihr kostenloses, unverbindliches Angebot an.\" \/>\n<meta name=\"robots\" content=\"index, follow, max-snippet:-1, max-image-preview:large, max-video-preview:-1\" \/>\n<link rel=\"canonical\" href=\"https:\/\/fogagro.dk\/de\/preisliste\/\" \/>\n<meta property=\"og:locale\" content=\"de_DE\" \/>\n<meta property=\"og:type\" content=\"article\" \/>\n<meta property=\"og:title\" content=\"Preisliste &#183; Fog Agroteknik A\/S\" \/>\n<meta property=\"og:description\" content=\"Kontakt os for et uforpligtende tilbud.Fordern Sie jetzt Ihr kostenloses, unverbindliches Angebot an.\" \/>\n<meta property=\"og:url\" content=\"https:\/\/fogagro.dk\/de\/preisliste\/\" \/>\n<meta property=\"og:site_name\" content=\"Fog Agroteknik A\/S\" \/>\n<meta property=\"article:modified_time\" content=\"2026-04-15T15:31:18+00:00\" \/>\n<meta name=\"twitter:card\" content=\"summary_large_image\" \/>\n<meta name=\"twitter:label1\" content=\"Gesch\u00e4tzte Lesezeit\" \/>\n\t<meta name=\"twitter:data1\" content=\"2\u00a0Minuten\" \/>\n<script type=\"application\/ld+json\" class=\"yoast-schema-graph\">{\"@context\":\"https:\\\/\\\/schema.org\",\"@graph\":[{\"@type\":\"WebPage\",\"@id\":\"https:\\\/\\\/fogagro.dk\\\/de\\\/preisliste\\\/\",\"url\":\"https:\\\/\\\/fogagro.dk\\\/de\\\/preisliste\\\/\",\"name\":\"Preisliste &#183; Fog Agroteknik A\\\/S\",\"isPartOf\":{\"@id\":\"https:\\\/\\\/fogagro.dk\\\/de\\\/#website\"},\"datePublished\":\"2026-03-17T13:04:45+00:00\",\"dateModified\":\"2026-04-15T15:31:18+00:00\",\"description\":\"Kontakt os for et uforpligtende tilbud.Fordern Sie jetzt Ihr kostenloses, unverbindliches Angebot an.\",\"breadcrumb\":{\"@id\":\"https:\\\/\\\/fogagro.dk\\\/de\\\/preisliste\\\/#breadcrumb\"},\"inLanguage\":\"de\",\"potentialAction\":[{\"@type\":\"ReadAction\",\"target\":[\"https:\\\/\\\/fogagro.dk\\\/de\\\/preisliste\\\/\"]}]},{\"@type\":\"BreadcrumbList\",\"@id\":\"https:\\\/\\\/fogagro.dk\\\/de\\\/preisliste\\\/#breadcrumb\",\"itemListElement\":[{\"@type\":\"ListItem\",\"position\":1,\"name\":\"Hjem\",\"item\":\"https:\\\/\\\/fogagro.dk\\\/de\\\/\"},{\"@type\":\"ListItem\",\"position\":2,\"name\":\"Preisliste\"}]},{\"@type\":\"WebSite\",\"@id\":\"https:\\\/\\\/fogagro.dk\\\/de\\\/#website\",\"url\":\"https:\\\/\\\/fogagro.dk\\\/de\\\/\",\"name\":\"Fog Agroteknik A\\\/S\",\"description\":\"Wir bieten Komplettl\u00f6sungen f\u00fcr das G\u00fcllemanagement in Schweinefarmen.\",\"publisher\":{\"@id\":\"https:\\\/\\\/fogagro.dk\\\/de\\\/#organization\"},\"potentialAction\":[{\"@type\":\"SearchAction\",\"target\":{\"@type\":\"EntryPoint\",\"urlTemplate\":\"https:\\\/\\\/fogagro.dk\\\/de\\\/?s={search_term_string}\"},\"query-input\":{\"@type\":\"PropertyValueSpecification\",\"valueRequired\":true,\"valueName\":\"search_term_string\"}}],\"inLanguage\":\"de\"},{\"@type\":\"Organization\",\"@id\":\"https:\\\/\\\/fogagro.dk\\\/de\\\/#organization\",\"name\":\"Fog Agroteknik A\\\/S\",\"url\":\"https:\\\/\\\/fogagro.dk\\\/de\\\/\",\"logo\":{\"@type\":\"ImageObject\",\"inLanguage\":\"de\",\"@id\":\"https:\\\/\\\/fogagro.dk\\\/de\\\/#\\\/schema\\\/logo\\\/image\\\/\",\"url\":\"https:\\\/\\\/fogagro.dk\\\/wp-content\\\/uploads\\\/2022\\\/09\\\/logo-1.png\",\"contentUrl\":\"https:\\\/\\\/fogagro.dk\\\/wp-content\\\/uploads\\\/2022\\\/09\\\/logo-1.png\",\"width\":352,\"height\":49,\"caption\":\"Fog Agroteknik A\\\/S\"},\"image\":{\"@id\":\"https:\\\/\\\/fogagro.dk\\\/de\\\/#\\\/schema\\\/logo\\\/image\\\/\"}}]}<\/script>\n<!-- \/ Yoast SEO plugin. -->","yoast_head_json":{"title":"Preisliste &#183; Fog Agroteknik A\/S","description":"Kontakt os for et uforpligtende tilbud.Fordern Sie jetzt Ihr kostenloses, unverbindliches Angebot an.","robots":{"index":"index","follow":"follow","max-snippet":"max-snippet:-1","max-image-preview":"max-image-preview:large","max-video-preview":"max-video-preview:-1"},"canonical":"https:\/\/fogagro.dk\/de\/preisliste\/","og_locale":"de_DE","og_type":"article","og_title":"Preisliste &#183; Fog Agroteknik A\/S","og_description":"Kontakt os for et uforpligtende tilbud.Fordern Sie jetzt Ihr kostenloses, unverbindliches Angebot an.","og_url":"https:\/\/fogagro.dk\/de\/preisliste\/","og_site_name":"Fog Agroteknik A\/S","article_modified_time":"2026-04-15T15:31:18+00:00","twitter_card":"summary_large_image","twitter_misc":{"Gesch\u00e4tzte Lesezeit":"2\u00a0Minuten"},"schema":{"@context":"https:\/\/schema.org","@graph":[{"@type":"WebPage","@id":"https:\/\/fogagro.dk\/de\/preisliste\/","url":"https:\/\/fogagro.dk\/de\/preisliste\/","name":"Preisliste &#183; Fog Agroteknik A\/S","isPartOf":{"@id":"https:\/\/fogagro.dk\/de\/#website"},"datePublished":"2026-03-17T13:04:45+00:00","dateModified":"2026-04-15T15:31:18+00:00","description":"Kontakt os for et uforpligtende tilbud.Fordern Sie jetzt Ihr kostenloses, unverbindliches Angebot an.","breadcrumb":{"@id":"https:\/\/fogagro.dk\/de\/preisliste\/#breadcrumb"},"inLanguage":"de","potentialAction":[{"@type":"ReadAction","target":["https:\/\/fogagro.dk\/de\/preisliste\/"]}]},{"@type":"BreadcrumbList","@id":"https:\/\/fogagro.dk\/de\/preisliste\/#breadcrumb","itemListElement":[{"@type":"ListItem","position":1,"name":"Hjem","item":"https:\/\/fogagro.dk\/de\/"},{"@type":"ListItem","position":2,"name":"Preisliste"}]},{"@type":"WebSite","@id":"https:\/\/fogagro.dk\/de\/#website","url":"https:\/\/fogagro.dk\/de\/","name":"Fog Agroteknik A\/S","description":"Wir bieten Komplettl\u00f6sungen f\u00fcr das G\u00fcllemanagement in Schweinefarmen.","publisher":{"@id":"https:\/\/fogagro.dk\/de\/#organization"},"potentialAction":[{"@type":"SearchAction","target":{"@type":"EntryPoint","urlTemplate":"https:\/\/fogagro.dk\/de\/?s={search_term_string}"},"query-input":{"@type":"PropertyValueSpecification","valueRequired":true,"valueName":"search_term_string"}}],"inLanguage":"de"},{"@type":"Organization","@id":"https:\/\/fogagro.dk\/de\/#organization","name":"Fog Agroteknik A\/S","url":"https:\/\/fogagro.dk\/de\/","logo":{"@type":"ImageObject","inLanguage":"de","@id":"https:\/\/fogagro.dk\/de\/#\/schema\/logo\/image\/","url":"https:\/\/fogagro.dk\/wp-content\/uploads\/2022\/09\/logo-1.png","contentUrl":"https:\/\/fogagro.dk\/wp-content\/uploads\/2022\/09\/logo-1.png","width":352,"height":49,"caption":"Fog Agroteknik A\/S"},"image":{"@id":"https:\/\/fogagro.dk\/de\/#\/schema\/logo\/image\/"}}]}},"_links":{"self":[{"href":"https:\/\/fogagro.dk\/de\/wp-json\/wp\/v2\/pages\/4938","targetHints":{"allow":["GET"]}}],"collection":[{"href":"https:\/\/fogagro.dk\/de\/wp-json\/wp\/v2\/pages"}],"about":[{"href":"https:\/\/fogagro.dk\/de\/wp-json\/wp\/v2\/types\/page"}],"author":[{"embeddable":true,"href":"https:\/\/fogagro.dk\/de\/wp-json\/wp\/v2\/users\/6"}],"replies":[{"embeddable":true,"href":"https:\/\/fogagro.dk\/de\/wp-json\/wp\/v2\/comments?post=4938"}],"version-history":[{"count":8,"href":"https:\/\/fogagro.dk\/de\/wp-json\/wp\/v2\/pages\/4938\/revisions"}],"predecessor-version":[{"id":5010,"href":"https:\/\/fogagro.dk\/de\/wp-json\/wp\/v2\/pages\/4938\/revisions\/5010"}],"wp:attachment":[{"href":"https:\/\/fogagro.dk\/de\/wp-json\/wp\/v2\/media?parent=4938"}],"wp:term":[{"taxonomy":"category","embeddable":true,"href":"https:\/\/fogagro.dk\/de\/wp-json\/wp\/v2\/categories?post=4938"}],"curies":[{"name":"wp","href":"https:\/\/api.w.org\/{rel}","templated":true}]}}