{"id":4497,"date":"2023-02-08T14:18:43","date_gmt":"2023-02-08T13:18:43","guid":{"rendered":"https:\/\/fogagro.dk\/priscok\/"},"modified":"2025-09-18T13:40:34","modified_gmt":"2025-09-18T11:40:34","slug":"warehouse-clearance-huge-discounts","status":"publish","type":"page","link":"https:\/\/fogagro.dk\/en\/warehouse-clearance-huge-discounts\/","title":{"rendered":"Huge Discounts"},"content":{"rendered":"<section class=\"wpb-content-wrapper\"><p>[vc_row][vc_column]<div class=\"ult-spacer spacer-69f1bde13fb04\" data-id=\"69f1bde13fb04\" data-height=\"30\" data-height-mobile=\"30\" data-height-tab=\"30\" data-height-tab-portrait=\"30\" data-height-mobile-landscape=\"30\" style=\"clear:both;display:block;\"><\/div>[vc_column_text]<\/p>\n<h3 data-start=\"47\" data-end=\"90\"><strong data-start=\"54\" data-end=\"90\">Stock Clearance \u2013 Big Discounts!<\/strong><\/h3>\n<p data-start=\"92\" data-end=\"266\">We\u2019re clearing out our stock, offering <strong data-start=\"131\" data-end=\"181\">selected products at heavily discounted prices<\/strong>.<\/p>\n<p data-start=\"268\" data-end=\"402\">Hurry \u2013 <strong data-start=\"276\" data-end=\"315\">products are sold while stocks last<\/strong>, and once they\u2019re gone, they\u2019re gone! Don\u2019t miss out on these <strong data-start=\"378\" data-end=\"401\">limited-time offers<\/strong>.<\/p>\n\n<table id=\"tablepress-5\" class=\"tablepress tablepress-id-5 tablepress-responsive\">\n<thead>\n<tr class=\"row-1\">\n\t<th class=\"column-1\">Varenummer<\/th><th class=\"column-2\">M\u00e6ngde<\/th><th class=\"column-3\">Beskrivelse<\/th><th class=\"column-4\">Nettopris excl moms<br \/>\nDKK<\/th><th class=\"column-5\">Nettopris incl moms<br \/>\nDKK<\/th>\n<\/tr>\n<\/thead>\n<tbody class=\"row-striping row-hover\">\n<tr class=\"row-2\">\n\t<td class=\"column-1\">191.567<\/td><td class=\"column-2\"><\/td><td class=\"column-3\">Gren PVC \u00d8160\/110 45\u00b0<\/td><td class=\"column-4\">20,-<\/td><td class=\"column-5\">25,-<\/td>\n<\/tr>\n<tr class=\"row-3\">\n\t<td class=\"column-1\"><\/td><td class=\"column-2\"><\/td><td class=\"column-3\">Gren PVC \u00d8315\/250 45\u00b0<\/td><td class=\"column-4\">275,-<\/td><td class=\"column-5\">343,75<\/td>\n<\/tr>\n<tr class=\"row-4\">\n\t<td class=\"column-1\"><\/td><td class=\"column-2\"><\/td><td class=\"column-3\">Studs u\/sn\u00f8reliv \u00d8250 27cm<\/td><td class=\"column-4\">75,-<\/td><td class=\"column-5\">93,75<\/td>\n<\/tr>\n<tr class=\"row-5\">\n\t<td class=\"column-1\"><\/td><td class=\"column-2\"><\/td><td class=\"column-3\">Udluftningsventil  P \u00d8110<\/td><td class=\"column-4\">50,-<\/td><td class=\"column-5\">62,50<\/td>\n<\/tr>\n<tr class=\"row-6\">\n\t<td class=\"column-1\"><\/td><td class=\"column-2\"><\/td><td class=\"column-3\">Combiventil P \u00d8110<\/td><td class=\"column-4\">175,-<\/td><td class=\"column-5\">218,75<\/td>\n<\/tr>\n<tr class=\"row-7\">\n\t<td class=\"column-1\">370.160a<\/td><td class=\"column-2\"><\/td><td class=\"column-3\">St\u00f8bejernsriste L-type<br \/>\n1600x400 mm  12\/13<\/td><td class=\"column-4\">200,-<\/td><td class=\"column-5\">250,-<\/td>\n<\/tr>\n<tr class=\"row-8\">\n\t<td class=\"column-1\">840.105<\/td><td class=\"column-2\"><\/td><td class=\"column-3\">\u00d8s-let<\/td><td class=\"column-4\">25,-<\/td><td class=\"column-5\">31,25<\/td>\n<\/tr>\n<tr class=\"row-9\">\n\t<td class=\"column-1\"><\/td><td class=\"column-2\"><\/td><td class=\"column-3\">Trykskydemuffe \u00d8110 PN10<\/td><td class=\"column-4\">30,-<\/td><td class=\"column-5\">37,50<\/td>\n<\/tr>\n<tr class=\"row-10\">\n\t<td class=\"column-1\">750.300<\/td><td class=\"column-2\"><\/td><td class=\"column-3\">Rustfri wirestrammer 5mm<\/td><td class=\"column-4\">10,-<\/td><td class=\"column-5\">12,50<\/td>\n<\/tr>\n<tr class=\"row-11\">\n\t<td class=\"column-1\">750.400<\/td><td class=\"column-2\"><\/td><td class=\"column-3\">Rustfri wirel\u00e5s 4mm<\/td><td class=\"column-4\">5,-<\/td><td class=\"column-5\">6,25<\/td>\n<\/tr>\n<tr class=\"row-12\">\n\t<td class=\"column-1\">.037<\/td><td class=\"column-2\"><\/td><td class=\"column-3\">Hvid kugle \u00d885mm<\/td><td class=\"column-4\">5,-<\/td><td class=\"column-5\">6,25<\/td>\n<\/tr>\n<tr class=\"row-13\">\n\t<td class=\"column-1\">202.758<\/td><td class=\"column-2\"><\/td><td class=\"column-3\">Endeprop til limning<br \/>\n\u00d8250<\/td><td class=\"column-4\">25,-<\/td><td class=\"column-5\">31,25<\/td>\n<\/tr>\n<tr class=\"row-14\">\n\t<td class=\"column-1\"><\/td><td class=\"column-2\">20 stk<\/td><td class=\"column-3\">Krybbe\u00f8se m\/h\u00e5ndtag<\/td><td class=\"column-4\">25,-<\/td><td class=\"column-5\">31,25 pr stk<\/td>\n<\/tr>\n<tr class=\"row-15\">\n\t<td class=\"column-1\"><\/td><td class=\"column-2\">1 stk<\/td><td class=\"column-3\">kadaverd\u00e6kken m\/krog og tr\u00e6kplade i sort PE<\/td><td class=\"column-4\">100,-<\/td><td class=\"column-5\">125,-<\/td>\n<\/tr>\n<tr class=\"row-16\">\n\t<td class=\"column-1\"><\/td><td class=\"column-2\">300 stk<\/td><td class=\"column-3\">Glasfiberb\u00e6ring (box I-beam) 135x30mm (for 5mm spor L=95cm)<\/td><td class=\"column-4\">10,- pr stk<\/td><td class=\"column-5\">12,50 pr stk<\/td>\n<\/tr>\n<tr class=\"row-17\">\n\t<td class=\"column-1\"><\/td><td class=\"column-2\">3 stk<\/td><td class=\"column-3\">Dobbelt grenr\u00f8r 250x200mm 45\u00b0<\/td><td class=\"column-4\">150,- pr stk<\/td><td class=\"column-5\">187,50 pr stk<\/td>\n<\/tr>\n<tr class=\"row-18\">\n\t<td class=\"column-1\"><\/td><td class=\"column-2\">3 stk<\/td><td class=\"column-3\">Dobbelt grenr\u00f8r 315x200mm 45\u00b0<\/td><td class=\"column-4\">150,- pr stk<\/td><td class=\"column-5\">187,50 pr stk<\/td>\n<\/tr>\n<tr class=\"row-19\">\n\t<td class=\"column-1\"><\/td><td class=\"column-2\">12 ruller<\/td><td class=\"column-3\">Sort PE vandslange 15x1,7mm<br \/>\nruller a 100m<\/td><td class=\"column-4\">150,- pr rulle<\/td><td class=\"column-5\">187,50 pr rulle<\/td>\n<\/tr>\n<tr class=\"row-20\">\n\t<td class=\"column-1\"><\/td><td class=\"column-2\">1 stk<\/td><td class=\"column-3\">Hedvandsrenser (DEMO, Kina) 200 bar<\/td><td class=\"column-4\">2500,-<\/td><td class=\"column-5\">3125,-<\/td>\n<\/tr>\n<tr class=\"row-21\">\n\t<td class=\"column-1\"><\/td><td class=\"column-2\">Master Floor Riste:<\/td><td class=\"column-3\"><\/td><td class=\"column-4\"><\/td><td class=\"column-5\"><\/td>\n<\/tr>\n<tr class=\"row-22\">\n\t<td class=\"column-1\"><\/td><td class=\"column-2\">19 stk<\/td><td class=\"column-3\">60x40 Plastriste, gr\u00e5 til s\u00f8er (til b\u00e6ringer)<\/td><td class=\"column-4\">samlet pris<\/td><td class=\"column-5\">samlet pris<\/td>\n<\/tr>\n<tr class=\"row-23\">\n\t<td class=\"column-1\"><\/td><td class=\"column-2\">9 stk<\/td><td class=\"column-3\">60x50 Plastriste, Gr\u00e5 til sm\u00e5grise (til b\u00e6ringer)<\/td><td class=\"column-4\">200,-<\/td><td class=\"column-5\">250,-<\/td>\n<\/tr>\n<tr class=\"row-24\">\n\t<td class=\"column-1\"><\/td><td class=\"column-2\">6 stk<\/td><td class=\"column-3\">40x60 Plastriste, gr\u00f8n til sm\u00e5grise (til b\u00e6ringer)<\/td><td class=\"column-4\">200,-<\/td><td class=\"column-5\">250,-<\/td>\n<\/tr>\n<tr class=\"row-25\">\n\t<td class=\"column-1\"><\/td><td class=\"column-2\">10 stk<\/td><td class=\"column-3\">20x40 Plastriste, gr\u00f8n til s\u00f8er.<br \/>\n(passer med gr\u00f8nne 60x40) (til b\u00e6ringer)<\/td><td class=\"column-4\">200,-<\/td><td class=\"column-5\">250,-<\/td>\n<\/tr>\n<tr class=\"row-26\">\n\t<td class=\"column-1\"><\/td><td class=\"column-2\"><\/td><td class=\"column-3\">Diverse l\u00f8se riste til Masterfloor systemet<\/td><td class=\"column-4\"><\/td><td class=\"column-5\"><\/td>\n<\/tr>\n<\/tbody>\n<\/table>\n<!-- #tablepress-5 from cache -->\n<p>[\/vc_column_text]<div class=\"ult-spacer spacer-69f1bde1403ce\" data-id=\"69f1bde1403ce\" data-height=\"30\" data-height-mobile=\"30\" data-height-tab=\"30\" data-height-tab-portrait=\"30\" data-height-mobile-landscape=\"30\" style=\"clear:both;display:block;\"><\/div>[\/vc_column][\/vc_row]<\/p>\n<\/section>","protected":false},"excerpt":{"rendered":"<p>[vc_row][vc_column][vc_column_text] Stock Clearance \u2013 Big Discounts! We\u2019re clearing out our stock, offering selected products at heavily discounted prices. Hurry \u2013 products are sold while stocks last, and once they\u2019re gone, they\u2019re gone! Don\u2019t miss out on these limited-time offers. [\/vc_column_text][\/vc_column][\/vc_row]<\/p>\n","protected":false},"author":2,"featured_media":0,"parent":0,"menu_order":0,"comment_status":"closed","ping_status":"closed","template":"","meta":{"footnotes":""},"categories":[],"class_list":["post-4497","page","type-page","status-publish"],"acf":[],"yoast_head":"<!-- This site is optimized with the Yoast SEO plugin v27.3 - https:\/\/yoast.com\/product\/yoast-seo-wordpress\/ -->\n<title>Huge Discounts &#183; Fog Agroteknik A\/S<\/title>\n<meta name=\"description\" content=\"Warehouse clearance! Selected products at heavy discounts \u2013 available while stocks last. Hurry and grab the best deals today!\" \/>\n<meta name=\"robots\" content=\"index, follow, max-snippet:-1, max-image-preview:large, max-video-preview:-1\" \/>\n<link rel=\"canonical\" href=\"https:\/\/fogagro.dk\/en\/warehouse-clearance-huge-discounts\/\" \/>\n<meta property=\"og:locale\" content=\"en_US\" \/>\n<meta property=\"og:type\" content=\"article\" \/>\n<meta property=\"og:title\" content=\"Huge Discounts &#183; Fog Agroteknik A\/S\" \/>\n<meta property=\"og:description\" content=\"Warehouse clearance! Selected products at heavy discounts \u2013 available while stocks last. Hurry and grab the best deals today!\" \/>\n<meta property=\"og:url\" content=\"https:\/\/fogagro.dk\/en\/warehouse-clearance-huge-discounts\/\" \/>\n<meta property=\"og:site_name\" content=\"Fog Agroteknik A\/S\" \/>\n<meta property=\"article:modified_time\" content=\"2025-09-18T11:40:34+00:00\" \/>\n<meta name=\"twitter:card\" content=\"summary_large_image\" \/>\n<meta name=\"twitter:label1\" content=\"Est. reading time\" \/>\n\t<meta name=\"twitter:data1\" content=\"1 minute\" \/>\n<script type=\"application\/ld+json\" class=\"yoast-schema-graph\">{\"@context\":\"https:\\\/\\\/schema.org\",\"@graph\":[{\"@type\":\"WebPage\",\"@id\":\"https:\\\/\\\/fogagro.dk\\\/en\\\/warehouse-clearance-huge-discounts\\\/\",\"url\":\"https:\\\/\\\/fogagro.dk\\\/en\\\/warehouse-clearance-huge-discounts\\\/\",\"name\":\"Huge Discounts &#183; Fog Agroteknik A\\\/S\",\"isPartOf\":{\"@id\":\"https:\\\/\\\/fogagro.dk\\\/en\\\/#website\"},\"datePublished\":\"2023-02-08T13:18:43+00:00\",\"dateModified\":\"2025-09-18T11:40:34+00:00\",\"description\":\"Warehouse clearance! Selected products at heavy discounts \u2013 available while stocks last. Hurry and grab the best deals today!\",\"breadcrumb\":{\"@id\":\"https:\\\/\\\/fogagro.dk\\\/en\\\/warehouse-clearance-huge-discounts\\\/#breadcrumb\"},\"inLanguage\":\"en-US\",\"potentialAction\":[{\"@type\":\"ReadAction\",\"target\":[\"https:\\\/\\\/fogagro.dk\\\/en\\\/warehouse-clearance-huge-discounts\\\/\"]}]},{\"@type\":\"BreadcrumbList\",\"@id\":\"https:\\\/\\\/fogagro.dk\\\/en\\\/warehouse-clearance-huge-discounts\\\/#breadcrumb\",\"itemListElement\":[{\"@type\":\"ListItem\",\"position\":1,\"name\":\"Hjem\",\"item\":\"https:\\\/\\\/fogagro.dk\\\/en\\\/\"},{\"@type\":\"ListItem\",\"position\":2,\"name\":\"Huge Discounts\"}]},{\"@type\":\"WebSite\",\"@id\":\"https:\\\/\\\/fogagro.dk\\\/en\\\/#website\",\"url\":\"https:\\\/\\\/fogagro.dk\\\/en\\\/\",\"name\":\"Fog Agroteknik A\\\/S\",\"description\":\"Vi tilbyder komplette l\u00f8sninger til gylleh\u00e5ndtering i svinestalde \",\"publisher\":{\"@id\":\"https:\\\/\\\/fogagro.dk\\\/en\\\/#organization\"},\"potentialAction\":[{\"@type\":\"SearchAction\",\"target\":{\"@type\":\"EntryPoint\",\"urlTemplate\":\"https:\\\/\\\/fogagro.dk\\\/en\\\/?s={search_term_string}\"},\"query-input\":{\"@type\":\"PropertyValueSpecification\",\"valueRequired\":true,\"valueName\":\"search_term_string\"}}],\"inLanguage\":\"en-US\"},{\"@type\":\"Organization\",\"@id\":\"https:\\\/\\\/fogagro.dk\\\/en\\\/#organization\",\"name\":\"Fog Agroteknik A\\\/S\",\"url\":\"https:\\\/\\\/fogagro.dk\\\/en\\\/\",\"logo\":{\"@type\":\"ImageObject\",\"inLanguage\":\"en-US\",\"@id\":\"https:\\\/\\\/fogagro.dk\\\/en\\\/#\\\/schema\\\/logo\\\/image\\\/\",\"url\":\"https:\\\/\\\/fogagro.dk\\\/wp-content\\\/uploads\\\/2022\\\/09\\\/logo-1.png\",\"contentUrl\":\"https:\\\/\\\/fogagro.dk\\\/wp-content\\\/uploads\\\/2022\\\/09\\\/logo-1.png\",\"width\":352,\"height\":49,\"caption\":\"Fog Agroteknik A\\\/S\"},\"image\":{\"@id\":\"https:\\\/\\\/fogagro.dk\\\/en\\\/#\\\/schema\\\/logo\\\/image\\\/\"}}]}<\/script>\n<!-- \/ Yoast SEO plugin. -->","yoast_head_json":{"title":"Huge Discounts &#183; Fog Agroteknik A\/S","description":"Warehouse clearance! Selected products at heavy discounts \u2013 available while stocks last. Hurry and grab the best deals today!","robots":{"index":"index","follow":"follow","max-snippet":"max-snippet:-1","max-image-preview":"max-image-preview:large","max-video-preview":"max-video-preview:-1"},"canonical":"https:\/\/fogagro.dk\/en\/warehouse-clearance-huge-discounts\/","og_locale":"en_US","og_type":"article","og_title":"Huge Discounts &#183; Fog Agroteknik A\/S","og_description":"Warehouse clearance! Selected products at heavy discounts \u2013 available while stocks last. Hurry and grab the best deals today!","og_url":"https:\/\/fogagro.dk\/en\/warehouse-clearance-huge-discounts\/","og_site_name":"Fog Agroteknik A\/S","article_modified_time":"2025-09-18T11:40:34+00:00","twitter_card":"summary_large_image","twitter_misc":{"Est. reading time":"1 minute"},"schema":{"@context":"https:\/\/schema.org","@graph":[{"@type":"WebPage","@id":"https:\/\/fogagro.dk\/en\/warehouse-clearance-huge-discounts\/","url":"https:\/\/fogagro.dk\/en\/warehouse-clearance-huge-discounts\/","name":"Huge Discounts &#183; Fog Agroteknik A\/S","isPartOf":{"@id":"https:\/\/fogagro.dk\/en\/#website"},"datePublished":"2023-02-08T13:18:43+00:00","dateModified":"2025-09-18T11:40:34+00:00","description":"Warehouse clearance! Selected products at heavy discounts \u2013 available while stocks last. Hurry and grab the best deals today!","breadcrumb":{"@id":"https:\/\/fogagro.dk\/en\/warehouse-clearance-huge-discounts\/#breadcrumb"},"inLanguage":"en-US","potentialAction":[{"@type":"ReadAction","target":["https:\/\/fogagro.dk\/en\/warehouse-clearance-huge-discounts\/"]}]},{"@type":"BreadcrumbList","@id":"https:\/\/fogagro.dk\/en\/warehouse-clearance-huge-discounts\/#breadcrumb","itemListElement":[{"@type":"ListItem","position":1,"name":"Hjem","item":"https:\/\/fogagro.dk\/en\/"},{"@type":"ListItem","position":2,"name":"Huge Discounts"}]},{"@type":"WebSite","@id":"https:\/\/fogagro.dk\/en\/#website","url":"https:\/\/fogagro.dk\/en\/","name":"Fog Agroteknik A\/S","description":"Vi tilbyder komplette l\u00f8sninger til gylleh\u00e5ndtering i svinestalde ","publisher":{"@id":"https:\/\/fogagro.dk\/en\/#organization"},"potentialAction":[{"@type":"SearchAction","target":{"@type":"EntryPoint","urlTemplate":"https:\/\/fogagro.dk\/en\/?s={search_term_string}"},"query-input":{"@type":"PropertyValueSpecification","valueRequired":true,"valueName":"search_term_string"}}],"inLanguage":"en-US"},{"@type":"Organization","@id":"https:\/\/fogagro.dk\/en\/#organization","name":"Fog Agroteknik A\/S","url":"https:\/\/fogagro.dk\/en\/","logo":{"@type":"ImageObject","inLanguage":"en-US","@id":"https:\/\/fogagro.dk\/en\/#\/schema\/logo\/image\/","url":"https:\/\/fogagro.dk\/wp-content\/uploads\/2022\/09\/logo-1.png","contentUrl":"https:\/\/fogagro.dk\/wp-content\/uploads\/2022\/09\/logo-1.png","width":352,"height":49,"caption":"Fog Agroteknik A\/S"},"image":{"@id":"https:\/\/fogagro.dk\/en\/#\/schema\/logo\/image\/"}}]}},"_links":{"self":[{"href":"https:\/\/fogagro.dk\/en\/wp-json\/wp\/v2\/pages\/4497","targetHints":{"allow":["GET"]}}],"collection":[{"href":"https:\/\/fogagro.dk\/en\/wp-json\/wp\/v2\/pages"}],"about":[{"href":"https:\/\/fogagro.dk\/en\/wp-json\/wp\/v2\/types\/page"}],"author":[{"embeddable":true,"href":"https:\/\/fogagro.dk\/en\/wp-json\/wp\/v2\/users\/2"}],"replies":[{"embeddable":true,"href":"https:\/\/fogagro.dk\/en\/wp-json\/wp\/v2\/comments?post=4497"}],"version-history":[{"count":3,"href":"https:\/\/fogagro.dk\/en\/wp-json\/wp\/v2\/pages\/4497\/revisions"}],"predecessor-version":[{"id":4696,"href":"https:\/\/fogagro.dk\/en\/wp-json\/wp\/v2\/pages\/4497\/revisions\/4696"}],"wp:attachment":[{"href":"https:\/\/fogagro.dk\/en\/wp-json\/wp\/v2\/media?parent=4497"}],"wp:term":[{"taxonomy":"category","embeddable":true,"href":"https:\/\/fogagro.dk\/en\/wp-json\/wp\/v2\/categories?post=4497"}],"curies":[{"name":"wp","href":"https:\/\/api.w.org\/{rel}","templated":true}]}}